{"id":4286,"date":"2022-04-28T15:48:56","date_gmt":"2022-04-28T13:48:56","guid":{"rendered":"https:\/\/antcube.shop\/produkt\/reagenzglas-200x25-mm\/"},"modified":"2026-04-01T12:29:59","modified_gmt":"2026-04-01T10:29:59","slug":"reagenzglas-200x25-mm","status":"publish","type":"product","link":"https:\/\/antcube.shop\/hu\/termek\/reagenzglas-200x25-mm\/","title":{"rendered":"Teszt-\u00fcvegcs\u0151 200\u00d725 mm"},"content":{"rendered":"<p><b>M\u00e9ret:<\/b><br \/>\nHossz: 200mm<br \/>\n\u00c1tm\u00e9r\u0151: 25mm (k\u00fcls\u0151)<br \/>\nVastags\u00e1g 1mm<\/p>\n<p><b>Le\u00edr\u00e1s:<\/b> Sz\u00f3dabikarb\u00f3n\u00e1s \u00fcvegb\u0151l k\u00e9sz\u00fclt, vastag fal\u00fa, peremmel ell\u00e1tott k\u00e9mcs\u0151. Hosszabb ideig f\u00e9szekkamrak\u00e9nt haszn\u00e1lhat\u00f3, ha 1\/3 r\u00e9sz\u00e9t v\u00edzzel t\u00f6ltj\u00fck meg \u00e9s nedvsz\u00edv\u00f3 vatt\u00e1val lez\u00e1rjuk. Sz\u00e1ll\u00edt\u00f3ed\u00e9nyk\u00e9nt is alkalmas.<\/p>","protected":false},"excerpt":{"rendered":"<p>M\u00e9ret: (k\u00fcls\u0151) Vastags\u00e1g 1mm Le\u00edr\u00e1s: Hossz\u00fas\u00e1g: 200mm \u00c1tm\u00e9r\u0151: 25mm (k\u00fcls\u0151) Vastags\u00e1g 1mm: Vastag fal\u00fa, peremmel ell\u00e1tott, sz\u00f3dabikarb\u00f3n\u00e1s \u00fcvegb\u0151l k\u00e9sz\u00fclt k\u00e9mcs\u0151. Hosszabb ideig f\u00e9szekkamrak\u00e9nt haszn\u00e1lhat\u00f3, ha 1\/3 r\u00e9sz\u00e9t v\u00edzzel t\u00f6ltj\u00fck meg \u00e9s nedvsz\u00edv\u00f3 pamuttal lez\u00e1rjuk. Sz\u00e1ll\u00edt\u00f3ed\u00e9nyk\u00e9nt is alkalmas.<\/p>","protected":false},"featured_media":4289,"comment_status":"open","ping_status":"closed","template":"","meta":{"_acf_changed":false,"content-type":"","_monsterinsights_skip_tracking":false,"_monsterinsights_sitenote_active":false,"_monsterinsights_sitenote_note":"","_monsterinsights_sitenote_category":0},"product_brand":[],"product_cat":[237],"product_tag":[],"class_list":{"0":"post-4286","1":"product","2":"type-product","3":"status-publish","4":"has-post-thumbnail","6":"product_cat-tools","8":"first","9":"instock","10":"taxable","11":"shipping-taxable","12":"purchasable","13":"product-type-simple"},"acf":[],"aioseo_notices":[],"jetpack_sharing_enabled":true,"_links":{"self":[{"href":"https:\/\/antcube.shop\/hu\/wp-json\/wp\/v2\/product\/4286","targetHints":{"allow":["GET"]}}],"collection":[{"href":"https:\/\/antcube.shop\/hu\/wp-json\/wp\/v2\/product"}],"about":[{"href":"https:\/\/antcube.shop\/hu\/wp-json\/wp\/v2\/types\/product"}],"replies":[{"embeddable":true,"href":"https:\/\/antcube.shop\/hu\/wp-json\/wp\/v2\/comments?post=4286"}],"wp:featuredmedia":[{"embeddable":true,"href":"https:\/\/antcube.shop\/hu\/wp-json\/wp\/v2\/media\/4289"}],"wp:attachment":[{"href":"https:\/\/antcube.shop\/hu\/wp-json\/wp\/v2\/media?parent=4286"}],"wp:term":[{"taxonomy":"product_brand","embeddable":true,"href":"https:\/\/antcube.shop\/hu\/wp-json\/wp\/v2\/product_brand?post=4286"},{"taxonomy":"product_cat","embeddable":true,"href":"https:\/\/antcube.shop\/hu\/wp-json\/wp\/v2\/product_cat?post=4286"},{"taxonomy":"product_tag","embeddable":true,"href":"https:\/\/antcube.shop\/hu\/wp-json\/wp\/v2\/product_tag?post=4286"}],"curies":[{"name":"wp","href":"https:\/\/api.w.org\/{rel}","templated":true}]}}