{"id":4259,"date":"2022-04-28T14:00:50","date_gmt":"2022-04-28T12:00:50","guid":{"rendered":"https:\/\/antcube.shop\/produkt\/nestrohrchen-rack-16mm\/"},"modified":"2026-03-04T13:09:34","modified_gmt":"2026-03-04T12:09:34","slug":"nestrohrchen-rack-16mm","status":"publish","type":"product","link":"https:\/\/antcube.shop\/hu\/termek\/nestrohrchen-rack-16mm\/","title":{"rendered":"F\u00e9szekcs\u0151 \u00e1llv\u00e1ny 16mm"},"content":{"rendered":"<p style=\"margin-bottom: 0cm;\"><strong>M\u00e9retek:<\/strong> 25x12x3 cm<\/p>\n<p><strong>Anyagok: <\/strong>PMMA, PVC<\/p>\n<p><strong>Sz\u00edn: <\/strong>krist\u00e1lytiszta, \u00e1tl\u00e1tsz\u00f3, \u00e1tl\u00e1tsz\u00f3<\/p>\n<p><strong>Tartalom:<\/strong><br \/>\n2x furatlemez (10x lyuk)<br \/>\n2x markolatlemez<br \/>\n4x elasztikus p\u00e1ntok<\/p>\n<p><strong>Megjegyz\u00e9s: <\/strong>Az alkatr\u00e9szeket k\u00e9szletk\u00e9nt vagy plug-in rendszerk\u00e9nt sz\u00e1ll\u00edtjuk. Ragaszt\u00e1s nem sz\u00fcks\u00e9ges.<\/p>\n<p><strong>Csatlakoz\u00e1s:<\/strong><br \/>\n16 mm \u00e1tm\u00e9r\u0151j\u0171 f\u00e9szekcs\u00f6vekhez<\/p>\n<p><strong>Le\u00edr\u00e1s:<\/strong> A f\u00e9szekcs\u0151 \u00e1llv\u00e1ny a hangyaf\u00e9szekcs\u00f6vek gondos t\u00e1rol\u00e1s\u00e1ra szolg\u00e1l. A k\u00e9szlet k\u00f6nnyen \u00f6ssze\u00e1ll\u00edthat\u00f3.<\/p>\n<p><strong>Alkalmaz\u00e1s:<\/strong> F\u00e9szekcs\u00f6vek t\u00e1rol\u00e1s\u00e1ra. Alkalmas a hangya inkub\u00e1torunkhoz<\/p>\n<p><strong>Megjegyz\u00e9s:<\/strong> Az egym\u00e1sra helyez\u00e9s stabilit\u00e1s\u00e1nak jav\u00edt\u00e1sa \u00e9rdek\u00e9ben javasoljuk a \"t\u00f6m\u00edt\u0151gy\u0171r\u0171 \u00e1tl\u00e1tsz\u00f3 rugalmas 20-50 mm - 10 db\" haszn\u00e1lat\u00e1t, l\u00e1sd a cikkaj\u00e1nl\u00e1st.<\/p>","protected":false},"excerpt":{"rendered":"<p>16 mm-es f\u00e9szekcs\u00f6vekhez<\/p>","protected":false},"featured_media":4273,"comment_status":"open","ping_status":"closed","template":"","meta":{"_acf_changed":false,"content-type":"","_monsterinsights_skip_tracking":false,"_monsterinsights_sitenote_active":false,"_monsterinsights_sitenote_note":"","_monsterinsights_sitenote_category":0},"product_brand":[],"product_cat":[237],"product_tag":[],"class_list":{"0":"post-4259","1":"product","2":"type-product","3":"status-publish","4":"has-post-thumbnail","6":"product_cat-tools","8":"first","9":"instock","10":"taxable","11":"shipping-taxable","12":"purchasable","13":"product-type-simple"},"acf":[],"aioseo_notices":[],"jetpack_sharing_enabled":true,"_links":{"self":[{"href":"https:\/\/antcube.shop\/hu\/wp-json\/wp\/v2\/product\/4259","targetHints":{"allow":["GET"]}}],"collection":[{"href":"https:\/\/antcube.shop\/hu\/wp-json\/wp\/v2\/product"}],"about":[{"href":"https:\/\/antcube.shop\/hu\/wp-json\/wp\/v2\/types\/product"}],"replies":[{"embeddable":true,"href":"https:\/\/antcube.shop\/hu\/wp-json\/wp\/v2\/comments?post=4259"}],"wp:featuredmedia":[{"embeddable":true,"href":"https:\/\/antcube.shop\/hu\/wp-json\/wp\/v2\/media\/4273"}],"wp:attachment":[{"href":"https:\/\/antcube.shop\/hu\/wp-json\/wp\/v2\/media?parent=4259"}],"wp:term":[{"taxonomy":"product_brand","embeddable":true,"href":"https:\/\/antcube.shop\/hu\/wp-json\/wp\/v2\/product_brand?post=4259"},{"taxonomy":"product_cat","embeddable":true,"href":"https:\/\/antcube.shop\/hu\/wp-json\/wp\/v2\/product_cat?post=4259"},{"taxonomy":"product_tag","embeddable":true,"href":"https:\/\/antcube.shop\/hu\/wp-json\/wp\/v2\/product_tag?post=4259"}],"curies":[{"name":"wp","href":"https:\/\/api.w.org\/{rel}","templated":true}]}}