{"id":4258,"date":"2022-04-28T14:00:36","date_gmt":"2022-04-28T12:00:36","guid":{"rendered":"https:\/\/antcube.shop\/produkt\/ameisen-inkubator\/"},"modified":"2026-04-09T15:04:51","modified_gmt":"2026-04-09T13:04:51","slug":"ameisen-inkubator","status":"publish","type":"product","link":"https:\/\/antcube.shop\/hu\/termek\/ameisen-inkubator\/","title":{"rendered":"Hangya inkub\u00e1tor"},"content":{"rendered":"<p><strong>M\u00e9ret:\u00a0<\/strong>Egys\u00e9g m\u00e9rete: 40\u00d739,5\u00d748 cm ; Bels\u0151 m\u00e9rete: 32\u00d722,5\u00d737 cm<\/p>\n<p><strong>Sz\u00edn:<\/strong> Fekete<\/p>\n<p><strong>M\u0171szaki adatok:<\/strong><br \/>\nFesz\u00fclts\u00e9g: 220-240V, 50Hz<br \/>\nTeljes\u00edtm\u00e9ny: 70W<br \/>\nK\u00e1belhossz\u00fas\u00e1g\u00fa h\u00e1l\u00f3zati k\u00e1bel: 1.60m<br \/>\nH\u0151m\u00e9rs\u00e9klet-tartom\u00e1ny: \u00b0C - 40 \u00b0C<\/p>\n<p><strong>Anyag:<\/strong> F\u00e9m, \u00fcveg<\/p>\n<p><strong>Le\u00edr\u00e1s:<\/strong><br \/>\nEz a hangya inkub\u00e1tor nemcsak a tr\u00f3pusi ter\u00fcletek hangyakol\u00f3ni\u00e1inak nevel\u00e9s\u00e9re, hanem a t\u00e9li \u00e1lmot alv\u00f3 hangyakol\u00f3ni\u00e1k sz\u00e1m\u00e1ra is kiv\u00e1l\u00f3an alkalmas.<br \/>\nDigit\u00e1lis kijelz\u0151vel ell\u00e1tott h\u0151m\u00e9rs\u00e9klet-szab\u00e1lyoz\u00f3val \u00e9s egy kivehet\u0151 k\u00f6zbens\u0151 polccal rendelkezik a nagyobb hely \u00e9rdek\u00e9ben. A h\u0151m\u00e9rs\u00e9klet tetsz\u00e9s szerint \u00e1ll\u00edthat\u00f3 \u00e9s v\u00e1ltoztathat\u00f3. A k\u00e9sz\u00fcl\u00e9k egyar\u00e1nt k\u00e9pes h\u0171teni (kb. 5\u00b0C-ig) \u00e9s meleg\u00edteni (kb. 40\u00b0C-ig). A be\u00e1ll\u00edthat\u00f3 h\u0151m\u00e9rs\u00e9klet-tartom\u00e1ny kb. 5\u00b0C-40\u00b0C. Ez\u00e9rt a k\u00e9sz\u00fcl\u00e9k az \u0151shonos hangy\u00e1k teleltet\u00e9s\u00e9re is haszn\u00e1lhat\u00f3.<\/p>\n<p><strong>El\u0151ny\u00f6k:<\/strong><br \/>\nGyakran szembes\u00fcl azzal a k\u00e9rd\u00e9ssel, hogy hogyan lehet a hangy\u00e1kat a megfelel\u0151 h\u0151m\u00e9rs\u00e9kleten bonyolultan t\u00e1rolni a t\u00e9li \u00e1lomra. A h\u0171t\u0151szekr\u00e9ny \u00fagyis t\u00fals\u00e1gosan tele van, az erk\u00e9lyen t\u00fal hideg lehet az \u00e1llatoknak, a pinc\u00e9ben pedig szint\u00e9n sz\u0171k\u00f6s, vagy nincs el\u00e9g kontroll.<br \/>\n<strong>\u00cdme a megold\u00e1s:<\/strong> Vagy az inkub\u00e1torban hagyja az \u00e1llatokat telelni a f\u00e9szekcs\u0151\u00e1llv\u00e1nyokkal egy\u00fctt, k\u00e9mcs\u00f6vekben, ebben az esetben ak\u00e1r 100 kol\u00f3ni\u00e1t is egyszerre, vagy a teljes ANTCUBE Formicariummal egy\u00fctt. P\u00e9ld\u00e1ul a mi ANTCUBE Arena Combi, teljesen elf\u00e9r benne. De egy 20x20x10-es ar\u00e9n\u00e1t \u00e9s 2 db 20\u00d720-as f\u00e9szket tartalmaz\u00f3 kezd\u0151 szett is elegend\u0151 helyet biztos\u00edtana.<br \/>\nAz aut\u00f3val t\u00f6rt\u00e9n\u0151 t\u00e1rol\u00e1s \u00e9s sz\u00e1ll\u00edt\u00e1s is megval\u00f3s\u00edthat\u00f3, p\u00e9ld\u00e1ul a k\u00fcl\u00f6n\u00f6sen \u00e9rz\u00e9keny lev\u00e9lv\u00e1g\u00f3 hangy\u00e1k rajrep\u00fcl\u00e9se, \u00e1ttelep\u00edt\u00e9se vagy sz\u00e1ll\u00edt\u00e1sa sor\u00e1n.<br \/>\nA k\u00e9mcs\u00f6vek (f\u00e9szekcs\u00f6vek) sz\u00e1m\u00e1ra k\u00e9sz\u00fclt praktikus \u00e1llv\u00e1nyok h\u00e1rom k\u00fcl\u00f6nb\u00f6z\u0151 m\u00e9retben kaphat\u00f3k. Itt van a mi aj\u00e1nl\u00e1sunk:<\/p>\n<p><strong>Aj\u00e1nl\u00e1s:<\/strong><br \/>\nAz inkub\u00e1torban l\u00e9v\u0151 hely alkalmas:<br \/>\nAk\u00e1r 24x t\u00fccs\u00f6k k\u00e9mcs\u0151\/ vagy 24x a gy\u0171jt\u0151doboz \u00e1tl\u00e1tsz\u00f3 115x115x55<br \/>\nA f\u00e9szekcs\u00f6vekben l\u00e9v\u0151 hangy\u00e1k sz\u00e1m\u00e1ra aj\u00e1nljuk a f\u00e9szekcs\u0151 \u00e1llv\u00e1nyokat a t\u00e1rol\u00e1shoz.<br \/>\nIlleszkedjen a bels\u0151 t\u00e9rbe:<br \/>\n- 16 mm-es f\u00e9szekcs\u0151 \u00e1llv\u00e1ny = 12 darab vagy 120 darab 16 mm \u00e1tm\u00e9r\u0151j\u0171 f\u00e9szekcs\u0151<br \/>\n- 18 mm-es cs\u0151\u00e1llv\u00e1ny = 12 db vagy 120 db 18 mm \u00e1tm\u00e9r\u0151j\u0171 cs\u0151be illeszthet\u0151 cs\u0151<br \/>\n- 25 mm-es cs\u0151\u00e1llv\u00e1ny = 9 db, illetve 54 db 25 mm \u00e1tm\u00e9r\u0151j\u0171 cs\u0151 \u00e1llv\u00e1nya<\/p>\n<p><strong>Megjegyz\u00e9s:<\/strong><br \/>\n- Ne \u00e1ll\u00edtsa fel k\u00f6zvetlen napf\u00e9nyben vagy h\u0151forr\u00e1s mellett, mivel a k\u00fcls\u0151 h\u0151m\u00e9rs\u00e9klet-ingadoz\u00e1s befoly\u00e1solja a bels\u0151 h\u0151m\u00e9rs\u00e9kletet.<br \/>\n- \u00c1ll\u00edtsa fel a k\u00e9sz\u00fcl\u00e9ket sz\u00e1raz helyen, ahol a h\u0151m\u00e9rs\u00e9klet a lehet\u0151 leg\u00e1lland\u00f3bb.<br \/>\n- A ventil\u00e1toroknak szabadon kell forogniuk<br \/>\n- A l\u00e9gfel\u00fcleteknek tiszt\u00e1nak kell maradniuk<br \/>\n- Rendszeresen ellen\u0151rizze a s\u00e9r\u00fcl\u00e9sek megl\u00e9t\u00e9t -&gt; ha van, azonnal \u00e1ll\u00edtsa le a m\u0171k\u00f6d\u00e9st.<br \/>\n- Az inkub\u00e1tor egy tov\u00e1bbi Thermo Control II vagy Thermo Control Pro II k\u00e9sz\u00fcl\u00e9kkel dupl\u00e1n v\u00e9dett\u00e9 tehet\u0151. A k\u00e9sz\u00fcl\u00e9k h\u00e1toldal\u00e1n tal\u00e1lhat\u00f3 a megfelel\u0151 \u00e1tvezet\u00e9s.<\/p>\n<p><strong>Megjegyz\u00e9s: <\/strong>20.01.2025 - Term\u00e9kfriss\u00edt\u00e9s - \u00faj modell<\/p>","protected":false},"excerpt":{"rendered":"<p>M\u00e9ret: Bels\u0151 m\u00e9ret: 40\u00d739,5\u00d748 cm ; Bels\u0151 m\u00e9ret: 32\u00d722,5\u00d737 cm Sz\u00edn: Fekete M\u0171szaki adatok: Fesz\u00fclts\u00e9g: 220-240V, 50Hz Teljes\u00edtm\u00e9ny: 70W K\u00e1belhossz\u00fas\u00e1g\u00fa h\u00e1l\u00f3zati k\u00e1bel: H\u0151m\u00e9rs\u00e9klet-tartom\u00e1ny: 1,60 m: 5\u00b0C - 40\u00b0C Anyag: 5\u00b0C - 40\u00b0C F\u00e9m, \u00fcveg Le\u00edr\u00e1s: F\u00e9m, \u00fcveg: Ez a hangya inkub\u00e1tor nem csak a tr\u00f3pusi ter\u00fcletek hangyakol\u00f3ni\u00e1inak nevel\u00e9s\u00e9re, hanem a t\u00e9li \u00e1lmot alv\u00f3 hangyakol\u00f3ni\u00e1k sz\u00e1m\u00e1ra is kiv\u00e1l\u00f3an alkalmas. Rendelkezik [...]","protected":false},"featured_media":11099,"comment_status":"open","ping_status":"closed","template":"","meta":{"_acf_changed":false,"content-type":"","_monsterinsights_skip_tracking":false,"_monsterinsights_sitenote_active":false,"_monsterinsights_sitenote_note":"","_monsterinsights_sitenote_category":0},"product_brand":[],"product_cat":[237],"product_tag":[],"class_list":{"0":"post-4258","1":"product","2":"type-product","3":"status-publish","4":"has-post-thumbnail","6":"product_cat-tools","8":"first","9":"instock","10":"taxable","11":"shipping-taxable","12":"purchasable","13":"product-type-simple"},"acf":[],"aioseo_notices":[],"jetpack_sharing_enabled":true,"_links":{"self":[{"href":"https:\/\/antcube.shop\/hu\/wp-json\/wp\/v2\/product\/4258","targetHints":{"allow":["GET"]}}],"collection":[{"href":"https:\/\/antcube.shop\/hu\/wp-json\/wp\/v2\/product"}],"about":[{"href":"https:\/\/antcube.shop\/hu\/wp-json\/wp\/v2\/types\/product"}],"replies":[{"embeddable":true,"href":"https:\/\/antcube.shop\/hu\/wp-json\/wp\/v2\/comments?post=4258"}],"wp:featuredmedia":[{"embeddable":true,"href":"https:\/\/antcube.shop\/hu\/wp-json\/wp\/v2\/media\/11099"}],"wp:attachment":[{"href":"https:\/\/antcube.shop\/hu\/wp-json\/wp\/v2\/media?parent=4258"}],"wp:term":[{"taxonomy":"product_brand","embeddable":true,"href":"https:\/\/antcube.shop\/hu\/wp-json\/wp\/v2\/product_brand?post=4258"},{"taxonomy":"product_cat","embeddable":true,"href":"https:\/\/antcube.shop\/hu\/wp-json\/wp\/v2\/product_cat?post=4258"},{"taxonomy":"product_tag","embeddable":true,"href":"https:\/\/antcube.shop\/hu\/wp-json\/wp\/v2\/product_tag?post=4258"}],"curies":[{"name":"wp","href":"https:\/\/api.w.org\/{rel}","templated":true}]}}