{"id":4175,"date":"2022-03-14T17:24:15","date_gmt":"2022-03-14T16:24:15","guid":{"rendered":"https:\/\/antcube.shop\/produkt\/candy-ant-snack-20g\/"},"modified":"2026-04-23T18:26:49","modified_gmt":"2026-04-23T16:26:49","slug":"candy-ant-snack-20g","status":"publish","type":"product","link":"https:\/\/antcube.shop\/hu\/termek\/candy-ant-snack-20g\/","title":{"rendered":"Candy Ant Snack - 20g"},"content":{"rendered":"<p><strong>Tartalom:<\/strong><br \/>\n20g<\/p>\n<p><strong>Le\u00edr\u00e1s:<\/strong><br \/>\nEz egy tiszta term\u00e9szetes term\u00e9k. A Candy Ant Snack hangya r\u00e1gcs\u00e1lnival\u00f3nk, amely biotermesztett Acheta domesticusb\u00f3l k\u00e9sz\u00fcl, bio m\u00e9zzel bevonva.<br \/>\nK\u00f6nnyen em\u00e9szthet\u0151. A kiv\u00e1l\u00f3 min\u0151s\u00e9g\u0171 feh\u00e9rj\u00e9knek k\u00f6sz\u00f6nhet\u0151en szinte teljes \u00e9rt\u00e9k\u0171 t\u00e1pl\u00e1l\u00e9k (helyettes\u00edti a m\u00e9zet\/cukrot \u00e9s a feh\u00e9rj\u00e9ket) a legt\u00f6bb hangyafaj sz\u00e1m\u00e1ra, mint p\u00e9ld\u00e1ul a Lasius sp., Camponotus sp. vagy Messor sp. stb. A hangy\u00e1k im\u00e1dj\u00e1k. Nem helyettes\u00edti a hangy\u00e1k \u00e1ltal ig\u00e9nyelt friss vizet. Nem helyettes\u00edti az \u00e9l\u0151 feh\u00e9rj\u00e9k, p\u00e9ld\u00e1ul a kis rovarok sz\u00fcks\u00e9glet\u00e9t sem.<\/p>\n<p>Ez a kieg\u00e9sz\u00edt\u0151 takarm\u00e1ny tele van er\u0151feh\u00e9rj\u00e9vel, amely k\u00f6r\u00fclbel\u00fcl 50% tiszta term\u00e9szetes feh\u00e9rj\u00e9t tartalmaz.<br \/>\nEzenk\u00edv\u00fcl a term\u00e9ket n\u00f6v\u00e9nyv\u00e9d\u0151szer-mentes szerves n\u00f6v\u00e9nyi hullad\u00e9kkal t\u00e1pl\u00e1lt\u00e1k, ami nagy \u00f6kol\u00f3giai \u00e9rt\u00e9kkel b\u00edr, mivel el\u0151\u00e1ll\u00edt\u00e1sa sor\u00e1n kevesebb energi\u00e1t \u00e9s vizet haszn\u00e1lnak fel.<\/p>\n<p>A hangyabar\u00e1tok sz\u00e1m\u00e1ra a hozz\u00e1adott \u00e9rt\u00e9ket a term\u00e9szetes feh\u00e9rje \u00e9s a term\u00e9szetes m\u00e9zzel val\u00f3 bevonat kombin\u00e1ci\u00f3ja jelenti. A hangy\u00e1k szeretik \u00e9s ig\u00e9nylik ezt a j\u00f3 k\u00f6lt\u00e9sfejl\u0151d\u00e9shez \u00e9s a kol\u00f3nia eg\u00e9szs\u00e9ges n\u00f6veked\u00e9s\u00e9hez.<\/p>\n<p><strong>Alkalmaz\u00e1s:<\/strong><br \/>\nAz etet\u00e9shez a Candy Ant Snack-et kisebb adagokra kell osztani vagy v\u00edzben feloldani.<\/p>\n<p><strong>Tartalmazza:<\/strong><br \/>\nTerm\u00e9szetes m\u00f3don sz\u00e1r\u00edtott Acheta domesticus, organikus m\u00e9zzel bevonva. Nem emberi fogyaszt\u00e1sra sz\u00e1nt. Kiz\u00e1r\u00f3lag hangy\u00e1k sz\u00e1m\u00e1ra.<br \/>\nHozz\u00e1vet\u0151leges kever\u00e9si ar\u00e1ny 70% Acheta domesticus \u00e9s 30% m\u00e9z.<\/p>\n<p><strong>T\u00e1rol\u00e1s:<\/strong><br \/>\n\u00dajraz\u00e1rhat\u00f3. K\u00e9rj\u00fck, s\u00f6t\u00e9t, h\u0171v\u00f6s \u00e9s sz\u00e1raz helyen t\u00e1rolja.<\/p>\n<p><strong>Megjegyz\u00e9s:<\/strong><br \/>\nKieg\u00e9sz\u00edt\u0151 t\u00e1pl\u00e1l\u00e9k a hangy\u00e1k sz\u00e1m\u00e1ra.<br \/>\nAz \u00f6sszet\u00e9telt, az analitikai \u00f6sszetev\u0151ket, a min\u0151s\u00e9gmeg\u0151rz\u00e9si id\u0151t \u00e9s a t\u00e9telsz\u00e1mot l\u00e1sd a betegt\u00e1j\u00e9koztat\u00f3ban.<\/p>\n<p>Inform\u00e1ci\u00f3s forr\u00f3dr\u00f3t +49 30 439703870<\/p>\n<p>Felel\u0151s \u00e1llateg\u00e9szs\u00e9g\u00fcgyi \u00e9s \u00e9lelmiszer-fel\u00fcgyeleti hat\u00f3s\u00e1g:<br \/>\nSteglitz \u00e1llatorvosi rendel\u0151<br \/>\nK\u00f6nigin-Luise-Str. 92<br \/>\n14195 Berlin<\/p>","protected":false},"excerpt":{"rendered":"<p>Kieg\u00e9sz\u00edt\u0151 \u00e9lelmiszerek<\/p>","protected":false},"featured_media":4182,"comment_status":"open","ping_status":"closed","template":"","meta":{"_acf_changed":false,"content-type":"","_monsterinsights_skip_tracking":false,"_monsterinsights_sitenote_active":false,"_monsterinsights_sitenote_note":"","_monsterinsights_sitenote_category":0},"product_brand":[],"product_cat":[115,116],"product_tag":[],"class_list":{"0":"post-4175","1":"product","2":"type-product","3":"status-publish","4":"has-post-thumbnail","6":"product_cat-food-and-feeding","7":"product_cat-food","9":"first","10":"instock","11":"taxable","12":"shipping-taxable","13":"purchasable","14":"product-type-simple"},"acf":[],"aioseo_notices":[],"jetpack_sharing_enabled":true,"_links":{"self":[{"href":"https:\/\/antcube.shop\/hu\/wp-json\/wp\/v2\/product\/4175","targetHints":{"allow":["GET"]}}],"collection":[{"href":"https:\/\/antcube.shop\/hu\/wp-json\/wp\/v2\/product"}],"about":[{"href":"https:\/\/antcube.shop\/hu\/wp-json\/wp\/v2\/types\/product"}],"replies":[{"embeddable":true,"href":"https:\/\/antcube.shop\/hu\/wp-json\/wp\/v2\/comments?post=4175"}],"wp:featuredmedia":[{"embeddable":true,"href":"https:\/\/antcube.shop\/hu\/wp-json\/wp\/v2\/media\/4182"}],"wp:attachment":[{"href":"https:\/\/antcube.shop\/hu\/wp-json\/wp\/v2\/media?parent=4175"}],"wp:term":[{"taxonomy":"product_brand","embeddable":true,"href":"https:\/\/antcube.shop\/hu\/wp-json\/wp\/v2\/product_brand?post=4175"},{"taxonomy":"product_cat","embeddable":true,"href":"https:\/\/antcube.shop\/hu\/wp-json\/wp\/v2\/product_cat?post=4175"},{"taxonomy":"product_tag","embeddable":true,"href":"https:\/\/antcube.shop\/hu\/wp-json\/wp\/v2\/product_tag?post=4175"}],"curies":[{"name":"wp","href":"https:\/\/api.w.org\/{rel}","templated":true}]}}