{"id":4165,"date":"2022-02-28T11:41:35","date_gmt":"2022-02-28T10:41:35","guid":{"rendered":"https:\/\/antcube.shop\/produkt\/fixier-punkte-8-st\/"},"modified":"2026-04-13T10:48:42","modified_gmt":"2026-04-13T08:48:42","slug":"fixier-punkte-8-st","status":"publish","type":"product","link":"https:\/\/antcube.shop\/hu\/termek\/fixier-punkte-8-st\/","title":{"rendered":"R\u00f6gz\u00edt\u00e9si pontok - 8 db"},"content":{"rendered":"<p><strong>M\u00e9retek (LxBxH):<\/strong> 12x12x3 mm (a trap\u00e9z alakon kereszt\u00fcl a tetej\u00e9n 10x10 mm).<\/p>\n<p><strong>Anyag:<\/strong> l\u00e1gy\u00edt\u00f3szer n\u00e9lk\u00fcli poliuret\u00e1n ragaszt\u00f3 akril\u00e1ttal<\/p>\n<p><strong>Sz\u00edn:<\/strong> \u00e1tl\u00e1tsz\u00f3<\/p>\n<p><strong>Tartalom:<\/strong><br \/>\n8x r\u00f6gz\u00edt\u00e9si pontok<\/p>\n<p><strong>Le\u00edr\u00e1s:<\/strong> A hangya ar\u00e9na fedez\u00e9k\u00fcnkh\u00f6z. A r\u00f6gz\u00edt\u00e9si pontok a fed\u00e9l alj\u00e1ra vannak ragasztva, hogy megakad\u00e1lyozz\u00e1k a lecs\u00fasz\u00e1st az ar\u00e9n\u00e1r\u00f3l. A pontok az ar\u00e9na l\u00e1bak\u00e9nt is haszn\u00e1lhat\u00f3k, valamint a bels\u0151 v\u00e9g\u0171 ar\u00e9nabet\u00e9tekhez is, hogy megv\u00e9dj\u00e9k azokat a felborul\u00e1st\u00f3l.<\/p>","protected":false},"excerpt":{"rendered":"<p>M\u00e9retek (HxNyxM): 12x12x3 mm (a trap\u00e9z alakon kereszt\u00fcl a tetej\u00e9n 10x10 mm). Anyaga: l\u00e1gy\u00edt\u00f3szer n\u00e9lk\u00fcli poliuret\u00e1n, ragaszt\u00f3 akril\u00e1ttal Sz\u00edn: \u00e1tl\u00e1tsz\u00f3 Tartalom: 1 db: Tartalma: 8x r\u00f6gz\u00edt\u00e9si pontok Le\u00edr\u00e1s: 8x r\u00f6gz\u00edt\u00e9si pontok: A hangya ar\u00e9na fedel\u00fcnkh\u00f6z. A r\u00f6gz\u00edt\u00e9si pontok a fed\u0151 alj\u00e1ra vannak ragasztva, hogy megakad\u00e1lyozz\u00e1k a fed\u0151 lecs\u00fasz\u00e1s\u00e1t az ar\u00e9n\u00e1r\u00f3l. A pontok haszn\u00e1lhat\u00f3k [...]","protected":false},"featured_media":4178,"comment_status":"open","ping_status":"closed","template":"","meta":{"_acf_changed":false,"content-type":"","_monsterinsights_skip_tracking":false,"_monsterinsights_sitenote_active":false,"_monsterinsights_sitenote_note":"","_monsterinsights_sitenote_category":0},"product_brand":[],"product_cat":[92,237],"product_tag":[],"class_list":{"0":"post-4165","1":"product","2":"type-product","3":"status-publish","4":"has-post-thumbnail","6":"product_cat-arena-cover","7":"product_cat-tools","9":"first","10":"instock","11":"taxable","12":"shipping-taxable","13":"purchasable","14":"product-type-simple"},"acf":[],"aioseo_notices":[],"jetpack_sharing_enabled":true,"_links":{"self":[{"href":"https:\/\/antcube.shop\/hu\/wp-json\/wp\/v2\/product\/4165","targetHints":{"allow":["GET"]}}],"collection":[{"href":"https:\/\/antcube.shop\/hu\/wp-json\/wp\/v2\/product"}],"about":[{"href":"https:\/\/antcube.shop\/hu\/wp-json\/wp\/v2\/types\/product"}],"replies":[{"embeddable":true,"href":"https:\/\/antcube.shop\/hu\/wp-json\/wp\/v2\/comments?post=4165"}],"wp:featuredmedia":[{"embeddable":true,"href":"https:\/\/antcube.shop\/hu\/wp-json\/wp\/v2\/media\/4178"}],"wp:attachment":[{"href":"https:\/\/antcube.shop\/hu\/wp-json\/wp\/v2\/media?parent=4165"}],"wp:term":[{"taxonomy":"product_brand","embeddable":true,"href":"https:\/\/antcube.shop\/hu\/wp-json\/wp\/v2\/product_brand?post=4165"},{"taxonomy":"product_cat","embeddable":true,"href":"https:\/\/antcube.shop\/hu\/wp-json\/wp\/v2\/product_cat?post=4165"},{"taxonomy":"product_tag","embeddable":true,"href":"https:\/\/antcube.shop\/hu\/wp-json\/wp\/v2\/product_tag?post=4165"}],"curies":[{"name":"wp","href":"https:\/\/api.w.org\/{rel}","templated":true}]}}