{"id":4151,"date":"2022-02-14T17:00:31","date_gmt":"2022-02-14T16:00:31","guid":{"rendered":"https:\/\/antcube.shop\/produkt\/sand-0-1mm-gewaschen-1000g\/"},"modified":"2026-04-04T20:00:11","modified_gmt":"2026-04-04T18:00:11","slug":"sand-0-1mm-gewaschen-1000g","status":"publish","type":"product","link":"https:\/\/antcube.shop\/hu\/termek\/sand-0-1mm-gewaschen-1000g\/","title":{"rendered":"homok 0-1mm mosott 1000g"},"content":{"rendered":"<p><strong>\u00a0Tartalom \/ mennyis\u00e9g:<\/strong> 1000g<\/p>\n<p><strong>Tartalom:<\/strong> granul\u00e1l\u00e1s: mosott; sz\u00ednez\u00e9kek n\u00e9lk\u00fcl.<\/p>\n<p><strong>Le\u00edr\u00e1s:<\/strong> Finom homok. A f\u00e9szek ter\u00fclet\u00e9n a homokot 3:1 ar\u00e1nyban agyaggal kell \u00f6sszekeverni, hogy kem\u00e9ny \u00e9s szil\u00e1rd anyagot hozzon l\u00e9tre, amelyben a hangy\u00e1k ki tudj\u00e1k \u00e1sni az alag\u00fatjaikat.<\/p>","protected":false},"excerpt":{"rendered":"<p>Szemcsem\u00e9ret: 0,1 - 1mm<\/p>","protected":false},"featured_media":4381,"comment_status":"open","ping_status":"closed","template":"","meta":{"_acf_changed":false,"content-type":"","_monsterinsights_skip_tracking":false,"_monsterinsights_sitenote_active":false,"_monsterinsights_sitenote_note":"","_monsterinsights_sitenote_category":0},"product_brand":[],"product_cat":[96],"product_tag":[],"class_list":{"0":"post-4151","1":"product","2":"type-product","3":"status-publish","4":"has-post-thumbnail","6":"product_cat-soil","8":"first","9":"instock","10":"taxable","11":"shipping-taxable","12":"purchasable","13":"product-type-simple"},"acf":[],"aioseo_notices":[],"jetpack_sharing_enabled":true,"_links":{"self":[{"href":"https:\/\/antcube.shop\/hu\/wp-json\/wp\/v2\/product\/4151","targetHints":{"allow":["GET"]}}],"collection":[{"href":"https:\/\/antcube.shop\/hu\/wp-json\/wp\/v2\/product"}],"about":[{"href":"https:\/\/antcube.shop\/hu\/wp-json\/wp\/v2\/types\/product"}],"replies":[{"embeddable":true,"href":"https:\/\/antcube.shop\/hu\/wp-json\/wp\/v2\/comments?post=4151"}],"wp:featuredmedia":[{"embeddable":true,"href":"https:\/\/antcube.shop\/hu\/wp-json\/wp\/v2\/media\/4381"}],"wp:attachment":[{"href":"https:\/\/antcube.shop\/hu\/wp-json\/wp\/v2\/media?parent=4151"}],"wp:term":[{"taxonomy":"product_brand","embeddable":true,"href":"https:\/\/antcube.shop\/hu\/wp-json\/wp\/v2\/product_brand?post=4151"},{"taxonomy":"product_cat","embeddable":true,"href":"https:\/\/antcube.shop\/hu\/wp-json\/wp\/v2\/product_cat?post=4151"},{"taxonomy":"product_tag","embeddable":true,"href":"https:\/\/antcube.shop\/hu\/wp-json\/wp\/v2\/product_tag?post=4151"}],"curies":[{"name":"wp","href":"https:\/\/api.w.org\/{rel}","templated":true}]}}