{"id":4145,"date":"2022-02-14T15:54:25","date_gmt":"2022-02-14T14:54:25","guid":{"rendered":"https:\/\/antcube.shop\/produkt\/ant-nuggets-20g\/"},"modified":"2026-04-14T09:35:31","modified_gmt":"2026-04-14T07:35:31","slug":"hangya-nuggets-20g","status":"publish","type":"product","link":"https:\/\/antcube.shop\/hu\/termek\/hangya-nuggets-20g\/","title":{"rendered":"Hangya r\u00f6g\u00f6k - 20g"},"content":{"rendered":"<p><strong>Tartalom:<\/strong><br \/>\n20g<\/p>\n<p><strong>Le\u00edr\u00e1s:<\/strong><br \/>\nEz egy tiszta term\u00e9szetes term\u00e9k. A Hangya r\u00f6g\u00f6ket, gondosan gy\u0171jt\u00f6tt\u00e9k a vad term\u00e9szetben Bulg\u00e1ria m\u00e9h\u00e9szek. K\u00f6nnyen em\u00e9szthet\u0151 a term\u00e9szetes erjed\u00e9snek k\u00f6sz\u00f6nhet\u0151en. A kiv\u00e1l\u00f3 min\u0151s\u00e9g\u0171 feh\u00e9rj\u00e9knek k\u00f6sz\u00f6nhet\u0151en szinte teljes \u00e9rt\u00e9k\u0171 t\u00e1pl\u00e1l\u00e9k (helyettes\u00edti a m\u00e9zet\/cukrot \u00e9s a feh\u00e9rj\u00e9ket) a legt\u00f6bb formicoid hangyafaj sz\u00e1m\u00e1ra, mint p\u00e9ld\u00e1ul a Lasius sp., Camponotus sp. vagy Messor sp. \u00e9s m\u00e9g a lev\u00e9lv\u00e1g\u00f3 hangy\u00e1k is szeretik. Nem helyettes\u00edti a hangy\u00e1knak sz\u00fcks\u00e9ges friss vizet. Nem helyettes\u00edti az \u00e9l\u0151 feh\u00e9rj\u00e9k, p\u00e9ld\u00e1ul a kis rovarok ir\u00e1nti ig\u00e9nyt sem.<\/p>\n<p><strong>Alkalmaz\u00e1s:<\/strong><br \/>\nAz etet\u00e9shez a Hangya Nuggets-et kisebb adagokra kell osztani vagy v\u00edzben feloldani.<\/p>\n<p><strong>Tartalmazza:<\/strong><br \/>\n100% term\u00e9szetesen erjesztett vir\u00e1gpor. Nem emberi fogyaszt\u00e1sra sz\u00e1nt. Csak hangy\u00e1k sz\u00e1m\u00e1ra.<\/p>\n<p><strong>T\u00e1rol\u00e1s:<\/strong><br \/>\n\u00dajraz\u00e1rhat\u00f3. K\u00e9rj\u00fck, s\u00f6t\u00e9t, h\u0171v\u00f6s \u00e9s sz\u00e1raz helyen t\u00e1rolja.<\/p>\n<p><strong>Megjegyz\u00e9s:<\/strong><br \/>\nKieg\u00e9sz\u00edt\u0151 t\u00e1pl\u00e1l\u00e9k a hangy\u00e1k sz\u00e1m\u00e1ra.<br \/>\nAz \u00f6sszet\u00e9telt, az analitikai \u00f6sszetev\u0151ket, a min\u0151s\u00e9gmeg\u0151rz\u00e9si id\u0151t \u00e9s a t\u00e9telsz\u00e1mot l\u00e1sd a betegt\u00e1j\u00e9koztat\u00f3ban.<\/p>\n<p>Inform\u00e1ci\u00f3s forr\u00f3dr\u00f3t +49 30 439703870<\/p>\n<p>Felel\u0151s \u00e1llateg\u00e9szs\u00e9g\u00fcgyi \u00e9s \u00e9lelmiszer-fel\u00fcgyeleti hat\u00f3s\u00e1g:<br \/>\nSteglitz \u00e1llatorvosi rendel\u0151<br \/>\nK\u00f6nigin-Luise-Str. 92<br \/>\n14195 Berlin<\/p>","protected":false},"excerpt":{"rendered":"<p>Kieg\u00e9sz\u00edt\u0151 \u00e9lelmiszerek<\/p>","protected":false},"featured_media":4149,"comment_status":"open","ping_status":"closed","template":"","meta":{"_acf_changed":false,"content-type":"","_monsterinsights_skip_tracking":false,"_monsterinsights_sitenote_active":false,"_monsterinsights_sitenote_note":"","_monsterinsights_sitenote_category":0},"product_brand":[],"product_cat":[115,116],"product_tag":[],"class_list":{"0":"post-4145","1":"product","2":"type-product","3":"status-publish","4":"has-post-thumbnail","6":"product_cat-food-and-feeding","7":"product_cat-food","9":"first","10":"instock","11":"taxable","12":"shipping-taxable","13":"purchasable","14":"product-type-simple"},"acf":[],"aioseo_notices":[],"jetpack_sharing_enabled":true,"_links":{"self":[{"href":"https:\/\/antcube.shop\/hu\/wp-json\/wp\/v2\/product\/4145","targetHints":{"allow":["GET"]}}],"collection":[{"href":"https:\/\/antcube.shop\/hu\/wp-json\/wp\/v2\/product"}],"about":[{"href":"https:\/\/antcube.shop\/hu\/wp-json\/wp\/v2\/types\/product"}],"replies":[{"embeddable":true,"href":"https:\/\/antcube.shop\/hu\/wp-json\/wp\/v2\/comments?post=4145"}],"wp:featuredmedia":[{"embeddable":true,"href":"https:\/\/antcube.shop\/hu\/wp-json\/wp\/v2\/media\/4149"}],"wp:attachment":[{"href":"https:\/\/antcube.shop\/hu\/wp-json\/wp\/v2\/media?parent=4145"}],"wp:term":[{"taxonomy":"product_brand","embeddable":true,"href":"https:\/\/antcube.shop\/hu\/wp-json\/wp\/v2\/product_brand?post=4145"},{"taxonomy":"product_cat","embeddable":true,"href":"https:\/\/antcube.shop\/hu\/wp-json\/wp\/v2\/product_cat?post=4145"},{"taxonomy":"product_tag","embeddable":true,"href":"https:\/\/antcube.shop\/hu\/wp-json\/wp\/v2\/product_tag?post=4145"}],"curies":[{"name":"wp","href":"https:\/\/api.w.org\/{rel}","templated":true}]}}