{"id":4143,"date":"2022-02-14T15:34:07","date_gmt":"2022-02-14T14:34:07","guid":{"rendered":"https:\/\/antcube.shop\/produkt\/bodengrund-sand-lehm-weis-200g\/"},"modified":"2026-04-04T03:59:10","modified_gmt":"2026-04-04T01:59:10","slug":"bodengrund-sand-lehm-weis-200g","status":"publish","type":"product","link":"https:\/\/antcube.shop\/hu\/termek\/bodengrund-sand-lehm-weis-200g\/","title":{"rendered":"talaj - homokos v\u00e1lyog kever\u00e9k feh\u00e9r - 200g"},"content":{"rendered":"<p><strong>Tartalom:<\/strong> 200g<\/p>\n<p><strong>Anyag:<\/strong> homok, m\u00e9sz, m\u00e9szk\u00f6t\u00e9s<\/p>\n<p><strong>Sz\u00edn:<\/strong> feh\u00e9r<\/p>\n<p><strong>Kever\u00e9si ar\u00e1ny:<\/strong> \u00e1shat\u00f3<\/p>\n<p><strong>Le\u00edr\u00e1s:<\/strong> Ez a k\u00e9sz homok-agyag kever\u00e9k tiszta term\u00e9szetes term\u00e9k. A sz\u00ednez\u0151anyag feh\u00e9r m\u00e9szhomokb\u00f3l sz\u00e1rmazik. Az er\u0151ss\u00e9get az \u00e1llatokra \u00e1rtalmatlan, k\u00f6t\u0151 m\u00e9szkever\u00e9k adja.<\/p>\n<p><strong>Haszn\u00e1lja:<\/strong> \u00c1s\u00f3f\u00f6ld, f\u00e9szek \u00e9s ar\u00e9na ter\u00fclet\u00e9re is haszn\u00e1lhat\u00f3! Megn\u00f6velt szil\u00e1rds\u00e1ggal rendelkezik a talaj-b\u00e9zshez k\u00e9pest, m\u00e9g nedves \u00e1llapotban is.<\/p>\n<p><strong>Megjegyz\u00e9s:<\/strong> mivel ez egy tiszt\u00e1n term\u00e9szetes term\u00e9k, a sz\u00ednben \u00e9s a szerkezetben lehetnek kisebb elt\u00e9r\u00e9sek, amelyeket nem tudunk befoly\u00e1solni.<\/p>\n<p><strong>Fontos:<\/strong> Haszn\u00e1lat el\u0151tt nedves\u00edtse meg az aljzatot, hogy a kever\u00e9k \u00f6ssze tudjon kapcsol\u00f3dni \u00e9s szil\u00e1rdan meg tudjon \u00e1llni a hangyafarmon. Ezenk\u00edv\u00fcl a t\u00fal sz\u00e1raz \u00e9s poros szubsztr\u00e1t a hangy\u00e1k l\u00e9gz\u0151szerveinek elz\u00e1r\u00f3d\u00e1s\u00e1hoz vezethet, \u00e9s legrosszabb esetben az \u00e1llatok megfulladnak.<\/p>","protected":false},"excerpt":{"rendered":"<p>Term\u00e9szetes aljzat - \u00e1shat\u00f3<\/p>","protected":false},"featured_media":4386,"comment_status":"open","ping_status":"closed","template":"","meta":{"_acf_changed":false,"content-type":"","_monsterinsights_skip_tracking":false,"_monsterinsights_sitenote_active":false,"_monsterinsights_sitenote_note":"","_monsterinsights_sitenote_category":0},"product_brand":[],"product_cat":[96],"product_tag":[],"class_list":{"0":"post-4143","1":"product","2":"type-product","3":"status-publish","4":"has-post-thumbnail","6":"product_cat-soil","8":"first","9":"instock","10":"taxable","11":"shipping-taxable","12":"purchasable","13":"product-type-simple"},"acf":[],"aioseo_notices":[],"jetpack_sharing_enabled":true,"_links":{"self":[{"href":"https:\/\/antcube.shop\/hu\/wp-json\/wp\/v2\/product\/4143","targetHints":{"allow":["GET"]}}],"collection":[{"href":"https:\/\/antcube.shop\/hu\/wp-json\/wp\/v2\/product"}],"about":[{"href":"https:\/\/antcube.shop\/hu\/wp-json\/wp\/v2\/types\/product"}],"replies":[{"embeddable":true,"href":"https:\/\/antcube.shop\/hu\/wp-json\/wp\/v2\/comments?post=4143"}],"wp:featuredmedia":[{"embeddable":true,"href":"https:\/\/antcube.shop\/hu\/wp-json\/wp\/v2\/media\/4386"}],"wp:attachment":[{"href":"https:\/\/antcube.shop\/hu\/wp-json\/wp\/v2\/media?parent=4143"}],"wp:term":[{"taxonomy":"product_brand","embeddable":true,"href":"https:\/\/antcube.shop\/hu\/wp-json\/wp\/v2\/product_brand?post=4143"},{"taxonomy":"product_cat","embeddable":true,"href":"https:\/\/antcube.shop\/hu\/wp-json\/wp\/v2\/product_cat?post=4143"},{"taxonomy":"product_tag","embeddable":true,"href":"https:\/\/antcube.shop\/hu\/wp-json\/wp\/v2\/product_tag?post=4143"}],"curies":[{"name":"wp","href":"https:\/\/api.w.org\/{rel}","templated":true}]}}