{"id":4047,"date":"2021-11-30T15:12:53","date_gmt":"2021-11-30T14:12:53","guid":{"rendered":"https:\/\/antcube.shop\/produkt\/enamel-mug\/"},"modified":"2024-12-12T12:25:27","modified_gmt":"2024-12-12T11:25:27","slug":"zomancos-bogre","status":"publish","type":"product","link":"https:\/\/antcube.shop\/hu\/termek\/zomancos-bogre\/","title":{"rendered":"Zom\u00e1nc b\u00f6gre"},"content":{"rendered":"<p>Minden boldog kempingez\u0151nek sz\u00fcks\u00e9ge van egy egyedi kempingez\u0151 b\u00f6gr\u00e9re. K\u00f6nny\u0171, tart\u00f3s \u00e9s t\u00f6bbfunkci\u00f3s. Haszn\u00e1ld kedvenc italodhoz vagy meleg \u00e9telhez, \u00e9s r\u00f6gz\u00edtsd a t\u00e1sk\u00e1dhoz, hogy t\u00far\u00e1z\u00e1s k\u00f6zben is k\u00f6nnyen hozz\u00e1f\u00e9rj.<\/p>\n<p>- Anyag:<br \/>\n- M\u00e9retek: magass\u00e1g 3.14\u2033 (8 cm), \u00e1tm\u00e9r\u0151 3.25\u2033 (8.25 cm)<br \/>\n- Feh\u00e9r bevonat ez\u00fcst peremmel<br \/>\n- Csak k\u00e9zzel moshat\u00f3<br \/>\n- K\u00edn\u00e1b\u00f3l sz\u00e1rmaz\u00f3 \u00fcres term\u00e9k<\/p>\n<p><strong>Figyelem! Ne meleg\u00edtsen folyad\u00e9kot vagy \u00e9telt k\u00f6zvetlen\u00fcl a b\u00f6gr\u00e9ben - k\u00e1ros\u00edthatja a bevonatot.<\/strong><\/p>","protected":false},"excerpt":{"rendered":"<p>Minden boldog kempingez\u0151nek sz\u00fcks\u00e9ge van egy egyedi kempingez\u0151 b\u00f6gr\u00e9re. K\u00f6nny\u0171, tart\u00f3s \u00e9s t\u00f6bbfunkci\u00f3s. Haszn\u00e1ld kedvenc italodhoz vagy meleg \u00e9telhez, \u00e9s r\u00f6gz\u00edtsd a t\u00e1sk\u00e1dhoz, hogy t\u00far\u00e1z\u00e1s k\u00f6zben is k\u00f6nnyen hozz\u00e1f\u00e9rj.  Zom\u00e1nc - M\u00e9retek: magass\u00e1g 3,14\u2033 (8 cm), \u00e1tm\u00e9r\u0151 3,25\u2033(8,25 cm) - Feh\u00e9r bevonat ez\u00fcst peremmel - [...]","protected":false},"featured_media":4048,"comment_status":"open","ping_status":"closed","template":"","meta":{"_acf_changed":false,"content-type":"","_monsterinsights_skip_tracking":false,"_monsterinsights_sitenote_active":false,"_monsterinsights_sitenote_note":"","_monsterinsights_sitenote_category":0},"product_brand":[],"product_cat":[245],"product_tag":[],"class_list":{"0":"post-4047","1":"product","2":"type-product","3":"status-publish","4":"has-post-thumbnail","6":"product_cat-merchandise","8":"first","9":"instock","10":"taxable","11":"shipping-taxable","12":"purchasable","13":"product-type-simple"},"acf":[],"aioseo_notices":[],"jetpack_sharing_enabled":true,"_links":{"self":[{"href":"https:\/\/antcube.shop\/hu\/wp-json\/wp\/v2\/product\/4047","targetHints":{"allow":["GET"]}}],"collection":[{"href":"https:\/\/antcube.shop\/hu\/wp-json\/wp\/v2\/product"}],"about":[{"href":"https:\/\/antcube.shop\/hu\/wp-json\/wp\/v2\/types\/product"}],"replies":[{"embeddable":true,"href":"https:\/\/antcube.shop\/hu\/wp-json\/wp\/v2\/comments?post=4047"}],"wp:featuredmedia":[{"embeddable":true,"href":"https:\/\/antcube.shop\/hu\/wp-json\/wp\/v2\/media\/4048"}],"wp:attachment":[{"href":"https:\/\/antcube.shop\/hu\/wp-json\/wp\/v2\/media?parent=4047"}],"wp:term":[{"taxonomy":"product_brand","embeddable":true,"href":"https:\/\/antcube.shop\/hu\/wp-json\/wp\/v2\/product_brand?post=4047"},{"taxonomy":"product_cat","embeddable":true,"href":"https:\/\/antcube.shop\/hu\/wp-json\/wp\/v2\/product_cat?post=4047"},{"taxonomy":"product_tag","embeddable":true,"href":"https:\/\/antcube.shop\/hu\/wp-json\/wp\/v2\/product_tag?post=4047"}],"curies":[{"name":"wp","href":"https:\/\/api.w.org\/{rel}","templated":true}]}}