{"id":4002,"date":"2021-11-30T13:36:03","date_gmt":"2021-11-30T12:36:03","guid":{"rendered":"https:\/\/antcube.shop\/produkt\/cuffed-beanie\/"},"modified":"2024-12-12T12:25:36","modified_gmt":"2024-12-12T11:25:36","slug":"mandzsettas-sapka","status":"publish","type":"product","link":"https:\/\/antcube.shop\/hu\/termek\/mandzsettas-sapka\/","title":{"rendered":"Muffos sapka"},"content":{"rendered":"<p>Szorosan illeszked\u0151, form\u00e1s sapka. Nemcsak remek fejmeleg\u00edt\u0151 darab, hanem b\u00e1rki ruhat\u00e1r\u00e1nak alapvet\u0151 kieg\u00e9sz\u00edt\u0151je.<\/p>\n<p>- 100% Turbo akril<br \/>\n- 30 cm (12\u2033) hossz\u00fa<br \/>\n- Hipoallerg\u00e9n<br \/>\n- Unisex st\u00edlus<br \/>\n- K\u00e9zzel moshat\u00f3<br \/>\n- Vietnamb\u00f3l vagy Bangladesb\u0151l sz\u00e1rmaz\u00f3 \u00fcres term\u00e9k<\/p>","protected":false},"excerpt":{"rendered":"<p>Szorosan illeszked\u0151, form\u00e1s sapka. Nemcsak remek fejmeleg\u00edt\u0151 darab, hanem b\u00e1rki ruhat\u00e1r\u00e1nak alapvet\u0151 kieg\u00e9sz\u00edt\u0151je. - 100% Turbo akril - 30 cm (12\u2033) hossz\u00fa - Hipoallerg\u00e9n - Unisex st\u00edlus - K\u00e9zzel moshat\u00f3 - Vietnamb\u00f3l vagy Bangladesb\u0151l sz\u00e1rmaz\u00f3 \u00fcres term\u00e9k.<\/p>","protected":false},"featured_media":4004,"comment_status":"open","ping_status":"closed","template":"","meta":{"_acf_changed":false,"content-type":"","_monsterinsights_skip_tracking":false,"_monsterinsights_sitenote_active":false,"_monsterinsights_sitenote_note":"","_monsterinsights_sitenote_category":0},"product_brand":[],"product_cat":[245],"product_tag":[],"class_list":{"0":"post-4002","1":"product","2":"type-product","3":"status-publish","4":"has-post-thumbnail","6":"product_cat-merchandise","8":"first","9":"instock","10":"taxable","11":"shipping-taxable","12":"purchasable","13":"product-type-simple"},"acf":[],"aioseo_notices":[],"jetpack_sharing_enabled":true,"_links":{"self":[{"href":"https:\/\/antcube.shop\/hu\/wp-json\/wp\/v2\/product\/4002","targetHints":{"allow":["GET"]}}],"collection":[{"href":"https:\/\/antcube.shop\/hu\/wp-json\/wp\/v2\/product"}],"about":[{"href":"https:\/\/antcube.shop\/hu\/wp-json\/wp\/v2\/types\/product"}],"replies":[{"embeddable":true,"href":"https:\/\/antcube.shop\/hu\/wp-json\/wp\/v2\/comments?post=4002"}],"wp:featuredmedia":[{"embeddable":true,"href":"https:\/\/antcube.shop\/hu\/wp-json\/wp\/v2\/media\/4004"}],"wp:attachment":[{"href":"https:\/\/antcube.shop\/hu\/wp-json\/wp\/v2\/media?parent=4002"}],"wp:term":[{"taxonomy":"product_brand","embeddable":true,"href":"https:\/\/antcube.shop\/hu\/wp-json\/wp\/v2\/product_brand?post=4002"},{"taxonomy":"product_cat","embeddable":true,"href":"https:\/\/antcube.shop\/hu\/wp-json\/wp\/v2\/product_cat?post=4002"},{"taxonomy":"product_tag","embeddable":true,"href":"https:\/\/antcube.shop\/hu\/wp-json\/wp\/v2\/product_tag?post=4002"}],"curies":[{"name":"wp","href":"https:\/\/api.w.org\/{rel}","templated":true}]}}