{"id":3957,"date":"2021-11-30T13:32:38","date_gmt":"2021-11-30T12:32:38","guid":{"rendered":"https:\/\/antcube.shop\/produkt\/mens-high-top-canvas-shoes\/"},"modified":"2024-12-12T12:25:45","modified_gmt":"2024-12-12T11:25:45","slug":"ferfi-magas-top-vaszoncipo","status":"publish","type":"product","link":"https:\/\/antcube.shop\/hu\/termek\/ferfi-magas-top-vaszoncipo\/","title":{"rendered":"F\u00e9rfi magas v\u00e1szoncip\u0151"},"content":{"rendered":"<p>Fokozd a cip\u0151j\u00e1t\u00e9kodat a High Top Canvas cip\u0151vel. Ezek a k\u00e9zzel k\u00e9sz\u00edtett, divatos cip\u0151k biztosan feldobj\u00e1k az \u00f6lt\u00f6z\u00e9kedet. Szerezd meg a ti\u00e9det most!<\/p>\n<p>- 100% poli\u00e9szter, v\u00e1szon fels\u0151r\u00e9sz<br \/>\n- Etil\u00e9n-vinil-acet\u00e1t (EVA) gumi talpbet\u00e9t<br \/>\n- L\u00e9g\u00e1tereszt\u0151 b\u00e9l\u00e9s, puha talpbet\u00e9t<br \/>\n- M\u0171b\u0151r l\u00e1bujjhegy<br \/>\n- Feh\u00e9r csipk\u00e9k<br \/>\n- P\u00e1rn\u00e1zott gall\u00e9r, f\u0171z\u0151s el\u00fcls\u0151 r\u00e9sz<br \/>\n- K\u00edn\u00e1b\u00f3l sz\u00e1rmaz\u00f3 \u00fcres term\u00e9k<\/p>\n<p><strong>Fontos:<\/strong> Ez a term\u00e9k a k\u00f6vetkez\u0151 orsz\u00e1gokban kaphat\u00f3: Egyes\u00fclt \u00c1llamok, Kanada, Ausztr\u00e1lia, \u00daj-Z\u00e9land \u00e9s Jap\u00e1n. Ha az \u00d6n sz\u00e1ll\u00edt\u00e1si c\u00edme ezeken az orsz\u00e1gokon k\u00edv\u00fcl van, k\u00e9rj\u00fck, v\u00e1lasszon m\u00e1sik term\u00e9ket.<\/p>\n<p><strong>Felel\u0151ss\u00e9gi nyilatkozat:<\/strong> A cip\u0151nek a doboz kinyit\u00e1sakor ragaszt\u00f3szer\u0171 szaga lesz. A szag a cip\u0151 kicsomagol\u00e1sa ut\u00e1n n\u00e9h\u00e1ny nappal megsz\u0171nik.<\/p>","protected":false},"excerpt":{"rendered":"<p>Fokozd a cip\u0151j\u00e1t\u00e9kodat a High Top Canvas cip\u0151vel. Ezek a k\u00e9zzel k\u00e9sz\u00edtett, divatos cip\u0151k biztosan feldobj\u00e1k az \u00f6lt\u00f6z\u00e9kedet. Szerezd meg a ti\u00e9det most! - 100% poli\u00e9szter, v\u00e1szon fels\u0151r\u00e9sz - Etil\u00e9n-vinil-acet\u00e1t (EVA) gumitalp - L\u00e9g\u00e1tereszt\u0151 b\u00e9l\u00e9s, puha talpbet\u00e9t - M\u0171b\u0151r orr-r\u00e9sz - Feh\u00e9r f\u0171z\u0151 - P\u00e1rn\u00e1zott gall\u00e9r, f\u0171z\u0151s orr-r\u00e9sz.","protected":false},"featured_media":3975,"comment_status":"open","ping_status":"closed","template":"","meta":{"_acf_changed":false,"content-type":"","_monsterinsights_skip_tracking":false,"_monsterinsights_sitenote_active":false,"_monsterinsights_sitenote_note":"","_monsterinsights_sitenote_category":0},"product_brand":[],"product_cat":[245],"product_tag":[],"class_list":{"0":"post-3957","1":"product","2":"type-product","3":"status-publish","4":"has-post-thumbnail","6":"product_cat-merchandise","8":"first","9":"instock","10":"taxable","11":"shipping-taxable","12":"purchasable","13":"product-type-variable"},"acf":[],"aioseo_notices":[],"jetpack_sharing_enabled":true,"_links":{"self":[{"href":"https:\/\/antcube.shop\/hu\/wp-json\/wp\/v2\/product\/3957","targetHints":{"allow":["GET"]}}],"collection":[{"href":"https:\/\/antcube.shop\/hu\/wp-json\/wp\/v2\/product"}],"about":[{"href":"https:\/\/antcube.shop\/hu\/wp-json\/wp\/v2\/types\/product"}],"replies":[{"embeddable":true,"href":"https:\/\/antcube.shop\/hu\/wp-json\/wp\/v2\/comments?post=3957"}],"wp:featuredmedia":[{"embeddable":true,"href":"https:\/\/antcube.shop\/hu\/wp-json\/wp\/v2\/media\/3975"}],"wp:attachment":[{"href":"https:\/\/antcube.shop\/hu\/wp-json\/wp\/v2\/media?parent=3957"}],"wp:term":[{"taxonomy":"product_brand","embeddable":true,"href":"https:\/\/antcube.shop\/hu\/wp-json\/wp\/v2\/product_brand?post=3957"},{"taxonomy":"product_cat","embeddable":true,"href":"https:\/\/antcube.shop\/hu\/wp-json\/wp\/v2\/product_cat?post=3957"},{"taxonomy":"product_tag","embeddable":true,"href":"https:\/\/antcube.shop\/hu\/wp-json\/wp\/v2\/product_tag?post=3957"}],"curies":[{"name":"wp","href":"https:\/\/api.w.org\/{rel}","templated":true}]}}