{"id":3953,"date":"2021-11-30T13:30:21","date_gmt":"2021-11-30T12:30:21","guid":{"rendered":"https:\/\/antcube.shop\/produkt\/stainless-steel-water-bottle\/"},"modified":"2024-12-12T12:25:54","modified_gmt":"2024-12-12T11:25:54","slug":"rozsdamentes-acel-vizes-palack","status":"publish","type":"product","link":"https:\/\/antcube.shop\/hu\/termek\/rozsdamentes-acel-vizes-palack\/","title":{"rendered":"Rozsdamentes ac\u00e9l vizes palack"},"content":{"rendered":"<p>Ez a 17 unci\u00e1s, duplafal\u00fa, rozsdamentes ac\u00e9lb\u00f3l k\u00e9sz\u00fclt vizes palack t\u00f6k\u00e9letes a napi kir\u00e1ndul\u00e1sokhoz. \u00d3r\u00e1kig melegen vagy hidegen tartja a v\u00e1lasztott italodat. Szag- \u00e9s sziv\u00e1rg\u00e1smentes kupakkal is rendelkezik. Dobja be az aut\u00f3 poh\u00e1rtart\u00f3j\u00e1ba munk\u00e1ba menet, vigye mag\u00e1val kir\u00e1ndul\u00e1sra, vagy dobja be a t\u00e1sk\u00e1j\u00e1ba, amikor megszomjazik.<\/p>\n<p>- Kiv\u00e1l\u00f3 min\u0151s\u00e9g\u0171 rozsdamentes ac\u00e9l<br \/>\n- 17 oz (500 ml)<br \/>\n- M\u00e9retek: (27 \u00d7 7 cm)<br \/>\n- V\u00e1kuumos lombik<br \/>\n- Duplafal\u00fa szerkezet<br \/>\n- Bowling pin alak\u00fa<br \/>\n- Szagtalan \u00e9s sziv\u00e1rg\u00e1smentes kupak<br \/>\n- Szigetelt forr\u00f3 \u00e9s hideg folyad\u00e9kok sz\u00e1m\u00e1ra (6 \u00f3r\u00e1n \u00e1t tartja a folyad\u00e9kot melegen vagy hidegen)<br \/>\n- Szabadalmaztatott ORCA bevonat az \u00e9l\u00e9nk sz\u00ednek\u00e9rt<br \/>\n- Csak k\u00e9zzel moshat\u00f3 (a v\u00e1kuumz\u00e1r\u00e1s miatt mosogat\u00f3g\u00e9p nem aj\u00e1nlott).<br \/>\n- K\u00edn\u00e1b\u00f3l sz\u00e1rmaz\u00f3 \u00fcres term\u00e9k<\/p>\n<p>Jogi nyilatkozat: A vizet 24 \u00f3r\u00e1n\u00e1l tov\u00e1bb a palackban tartani nem higi\u00e9nikus, \u00e9s kellemetlen szagot eredm\u00e9nyezhet.<\/p>","protected":false},"excerpt":{"rendered":"<p>Ez a 17 unci\u00e1s, duplafal\u00fa, rozsdamentes ac\u00e9lb\u00f3l k\u00e9sz\u00fclt vizes palack t\u00f6k\u00e9letes a napi kir\u00e1ndul\u00e1sokhoz. \u00d3r\u00e1kig melegen vagy hidegen tartja a v\u00e1lasztott italodat. Szag- \u00e9s sziv\u00e1rg\u00e1smentes kupakkal is rendelkezik. Dobja be az aut\u00f3 poh\u00e1rtart\u00f3j\u00e1ba munk\u00e1ba menet, vigye mag\u00e1val kir\u00e1ndul\u00e1sra, vagy dobja be a [...]","protected":false},"featured_media":3954,"comment_status":"open","ping_status":"closed","template":"","meta":{"_acf_changed":false,"content-type":"","_monsterinsights_skip_tracking":false,"_monsterinsights_sitenote_active":false,"_monsterinsights_sitenote_note":"","_monsterinsights_sitenote_category":0},"product_brand":[],"product_cat":[245],"product_tag":[],"class_list":{"0":"post-3953","1":"product","2":"type-product","3":"status-publish","4":"has-post-thumbnail","6":"product_cat-merchandise","8":"first","9":"instock","10":"taxable","11":"shipping-taxable","12":"purchasable","13":"product-type-simple"},"acf":[],"aioseo_notices":[],"jetpack_sharing_enabled":true,"_links":{"self":[{"href":"https:\/\/antcube.shop\/hu\/wp-json\/wp\/v2\/product\/3953","targetHints":{"allow":["GET"]}}],"collection":[{"href":"https:\/\/antcube.shop\/hu\/wp-json\/wp\/v2\/product"}],"about":[{"href":"https:\/\/antcube.shop\/hu\/wp-json\/wp\/v2\/types\/product"}],"replies":[{"embeddable":true,"href":"https:\/\/antcube.shop\/hu\/wp-json\/wp\/v2\/comments?post=3953"}],"wp:featuredmedia":[{"embeddable":true,"href":"https:\/\/antcube.shop\/hu\/wp-json\/wp\/v2\/media\/3954"}],"wp:attachment":[{"href":"https:\/\/antcube.shop\/hu\/wp-json\/wp\/v2\/media?parent=3953"}],"wp:term":[{"taxonomy":"product_brand","embeddable":true,"href":"https:\/\/antcube.shop\/hu\/wp-json\/wp\/v2\/product_brand?post=3953"},{"taxonomy":"product_cat","embeddable":true,"href":"https:\/\/antcube.shop\/hu\/wp-json\/wp\/v2\/product_cat?post=3953"},{"taxonomy":"product_tag","embeddable":true,"href":"https:\/\/antcube.shop\/hu\/wp-json\/wp\/v2\/product_tag?post=3953"}],"curies":[{"name":"wp","href":"https:\/\/api.w.org\/{rel}","templated":true}]}}