{"id":3876,"date":"2021-11-23T18:19:18","date_gmt":"2021-11-23T17:19:18","guid":{"rendered":"https:\/\/antcube.shop\/produkt\/ameisen-spiralturm-m-30\/"},"modified":"2026-05-05T13:17:44","modified_gmt":"2026-05-05T11:17:44","slug":"ameisen-spiralturm-m-30","status":"publish","type":"product","link":"https:\/\/antcube.shop\/hu\/termek\/ameisen-spiralturm-m-30\/","title":{"rendered":"Hangya spir\u00e1l torony M - 30"},"content":{"rendered":"<div><strong>M\u00e9retek<\/strong>: 19x19x30cm; <strong>M<\/strong> 14\/10 mm-es t\u00f6ml\u0151h\u00f6z<\/div>\n<div><\/div>\n<div><strong>Anyag<\/strong>: PMMA, PVC<\/div>\n<div><\/div>\n<div><strong>Sz\u00ednes<\/strong>: krist\u00e1lytiszta, \u00e1tl\u00e1tsz\u00f3, \u00e1ttetsz\u0151<\/div>\n<div><\/div>\n<div><strong>Tartalom:<\/strong><\/div>\n<div>2x als\u00f3 \/ fed\u0151lap<\/div>\n<div>2x t\u00f6ml\u0151bej\u00e1rat 14\/10 mm-es t\u00f6ml\u0151h\u00f6z<\/div>\n<div>4x t\u00f6ml\u0151oszlop 14\/10 mm-es t\u00f6ml\u0151h\u00f6z<\/div>\n<div>10x szor\u00edt\u00f3csap<\/div>\n<div>7m t\u00f6ml\u0151 14\/10mm<\/div>\n<div><strong>Megjegyz\u00e9s:<\/strong> Az alkatr\u00e9szeket k\u00e9szletk\u00e9nt vagy plug-in rendszerk\u00e9nt sz\u00e1ll\u00edtjuk. Ragaszt\u00e1s nem sz\u00fcks\u00e9ges.<\/div>\n<div><\/div>\n<div><strong>Csatlakoz\u00e1s:<\/strong><\/div>\n<div>2x t\u00f6ml\u0151 14\/10 mm<\/div>\n<div><\/div>\n<div><strong>Le\u00edr\u00e1s:<\/strong> A hangyaspir\u00e1l-torony az ar\u00e9na \u00e9s a hangyafarm k\u00f6z\u00f6tti magass\u00e1g \u00e1thidal\u00e1s\u00e1ra szolg\u00e1l, \u00e9s emellett az \u00e1llatoknak nagy s\u00e9tat\u00e1vols\u00e1got biztos\u00edt egy kompakt t\u00e9rben. A tov\u00e1bbi gyalogl\u00e1si t\u00e1vols\u00e1g szimul\u00e1lja azokat az utakat, amelyeket a hangy\u00e1knak a term\u00e9szetben kell megtenni\u00fck a t\u00e1pl\u00e1l\u00e9kforr\u00e1saikhoz, \u00e9s pozit\u00edv hat\u00e1ssal lehet a hangyakol\u00f3ni\u00e1k fejl\u0151d\u00e9s\u00e9re \u00e9s viselked\u00e9s\u00e9re.<\/div>\n<div><\/div>\n<div><strong>Alkalmaz\u00e1s<\/strong>: a hangyafarmok m\u00e9rete <strong>M<\/strong><\/div>","protected":false},"excerpt":{"rendered":"<p>Csatlakoz\u00e1s: 14\/10 mm-es t\u00f6ml\u0151<br \/>\nM\u00e9ret <strong>M<\/strong><\/p>","protected":false},"featured_media":3881,"comment_status":"open","ping_status":"closed","template":"","meta":{"_acf_changed":false,"content-type":"","_monsterinsights_skip_tracking":false,"_monsterinsights_sitenote_active":false,"_monsterinsights_sitenote_note":"","_monsterinsights_sitenote_category":0},"product_brand":[],"product_cat":[119,256],"product_tag":[],"class_list":{"0":"post-3876","1":"product","2":"type-product","3":"status-publish","4":"has-post-thumbnail","6":"product_cat-formicarium-components","7":"product_cat-spiral-tower","9":"first","10":"instock","11":"taxable","12":"shipping-taxable","13":"purchasable","14":"product-type-simple"},"acf":[],"aioseo_notices":[],"jetpack_sharing_enabled":true,"_links":{"self":[{"href":"https:\/\/antcube.shop\/hu\/wp-json\/wp\/v2\/product\/3876","targetHints":{"allow":["GET"]}}],"collection":[{"href":"https:\/\/antcube.shop\/hu\/wp-json\/wp\/v2\/product"}],"about":[{"href":"https:\/\/antcube.shop\/hu\/wp-json\/wp\/v2\/types\/product"}],"replies":[{"embeddable":true,"href":"https:\/\/antcube.shop\/hu\/wp-json\/wp\/v2\/comments?post=3876"}],"wp:featuredmedia":[{"embeddable":true,"href":"https:\/\/antcube.shop\/hu\/wp-json\/wp\/v2\/media\/3881"}],"wp:attachment":[{"href":"https:\/\/antcube.shop\/hu\/wp-json\/wp\/v2\/media?parent=3876"}],"wp:term":[{"taxonomy":"product_brand","embeddable":true,"href":"https:\/\/antcube.shop\/hu\/wp-json\/wp\/v2\/product_brand?post=3876"},{"taxonomy":"product_cat","embeddable":true,"href":"https:\/\/antcube.shop\/hu\/wp-json\/wp\/v2\/product_cat?post=3876"},{"taxonomy":"product_tag","embeddable":true,"href":"https:\/\/antcube.shop\/hu\/wp-json\/wp\/v2\/product_tag?post=3876"}],"curies":[{"name":"wp","href":"https:\/\/api.w.org\/{rel}","templated":true}]}}