{"id":3625,"date":"2021-11-19T12:53:34","date_gmt":"2021-11-19T11:53:34","guid":{"rendered":"https:\/\/antcube.shop\/produkt\/snapback-hat\/"},"modified":"2024-12-12T12:26:44","modified_gmt":"2024-12-12T11:26:44","slug":"snapback-kalap","status":"publish","type":"product","link":"https:\/\/antcube.shop\/hu\/termek\/snapback-kalap\/","title":{"rendered":"Snapback sapka"},"content":{"rendered":"<p>Ez a kalap klasszikus szab\u00e1s\u00fa, lapos karim\u00e1val \u00e9s teljes bakkal rendelkezik. Az \u00e1ll\u00edthat\u00f3 pattint\u00f3s z\u00e1r\u00f3d\u00e1snak k\u00f6sz\u00f6nhet\u0151en k\u00e9nyelmes, egy m\u00e9retben illeszked\u0151 kalap.<\/p>\n<p>- 80% akril, 20% gyapj\u00fa<br \/>\n- Z\u00f6ld Camo 60% pamut, 40% poli\u00e9szter.<br \/>\n- Struktur\u00e1lt, 6 paneles, magas profil\u00fa<br \/>\n- 6 h\u00edmzett f\u0171z\u0151lyuk<br \/>\n- M\u0171anyag csuk\u00f3szerkezet<br \/>\n- Z\u00f6ld alulellen\u0151rz\u0151<br \/>\n- Fejk\u00f6rfogat: 21\u215d\u2033-23\u215d\u2033 (54,9 cm-60 cm)<br \/>\n- Vietnamb\u00f3l vagy Bangladesb\u0151l sz\u00e1rmaz\u00f3 \u00fcres term\u00e9k<\/p>\n<p>&nbsp;<\/p>\n<p>Az \u00c1ruk kateg\u00f3ri\u00e1ba tartoz\u00f3 term\u00e9kek sz\u00e1ll\u00edt\u00e1s\u00e1t \u00e9s gy\u00e1rt\u00e1s\u00e1t a PRINTFUL partner\u00fcnk v\u00e9gzi. Ezen term\u00e9kek valamelyik\u00e9nek megrendel\u00e9s\u00e9vel \u00d6n elfogadja a PRINTFUL \u00c1ltal\u00e1nos Szerz\u0151d\u00e9si Felt\u00e9teleit, Adatv\u00e9delmi Szab\u00e1lyzat\u00e1t \u00e9s Visszat\u00e9r\u00e9si Szab\u00e1lyzat\u00e1t.<\/p>\n<p><a href=\"https:\/\/www.printful.com\/policies\/terms-of-service\">A PRINTFUL \u00c1ltal\u00e1nos Szerz\u0151d\u00e9si Felt\u00e9teleit itt tal\u00e1lja.<\/a><\/p>\n<p><a href=\"https:\/\/www.printful.com\/policies\/returns\">A PRINTFUL visszak\u00fcld\u00e9si szab\u00e1lyzat\u00e1t itt tal\u00e1lja.<\/a><\/p>\n<p><a href=\"https:\/\/www.printful.com\/policies\/privacy\">A PRINTFUL adatv\u00e9delmi szab\u00e1lyzat\u00e1t itt tal\u00e1lja.<\/a><\/p>","protected":false},"excerpt":{"rendered":"<p>Ez a kalap klasszikus szab\u00e1s\u00fa, lapos karim\u00e1val \u00e9s teljes bakkal rendelkezik. Az \u00e1ll\u00edthat\u00f3 pattint\u00f3s z\u00e1r\u00f3d\u00e1snak k\u00f6sz\u00f6nhet\u0151en k\u00e9nyelmes, egy m\u00e9retben illeszked\u0151 kalap. - 80% akril, 20% gyapj\u00fa - Z\u00f6ld Camo 60% pamut, 40% poli\u00e9szter - Struktur\u00e1lt, 6 p\u00e1ntos, magas profil\u00fa - 6 h\u00edmzett f\u0171z\u0151lyuk - M\u0171anyag csattint\u00f3s z\u00e1r\u00f3d\u00e1s - Z\u00f6ld al\u00e1\u00f6lt\u00f6zet - Fejk\u00f6rfogat: 21\u215d\u2033-23\u215d\u2033.","protected":false},"featured_media":3627,"comment_status":"open","ping_status":"closed","template":"","meta":{"_acf_changed":false,"content-type":"","_monsterinsights_skip_tracking":false,"_monsterinsights_sitenote_active":false,"_monsterinsights_sitenote_note":"","_monsterinsights_sitenote_category":0},"product_brand":[],"product_cat":[245],"product_tag":[],"class_list":{"0":"post-3625","1":"product","2":"type-product","3":"status-publish","4":"has-post-thumbnail","6":"product_cat-merchandise","8":"first","9":"instock","10":"taxable","11":"shipping-taxable","12":"purchasable","13":"product-type-simple"},"acf":[],"aioseo_notices":[],"jetpack_sharing_enabled":true,"_links":{"self":[{"href":"https:\/\/antcube.shop\/hu\/wp-json\/wp\/v2\/product\/3625","targetHints":{"allow":["GET"]}}],"collection":[{"href":"https:\/\/antcube.shop\/hu\/wp-json\/wp\/v2\/product"}],"about":[{"href":"https:\/\/antcube.shop\/hu\/wp-json\/wp\/v2\/types\/product"}],"replies":[{"embeddable":true,"href":"https:\/\/antcube.shop\/hu\/wp-json\/wp\/v2\/comments?post=3625"}],"wp:featuredmedia":[{"embeddable":true,"href":"https:\/\/antcube.shop\/hu\/wp-json\/wp\/v2\/media\/3627"}],"wp:attachment":[{"href":"https:\/\/antcube.shop\/hu\/wp-json\/wp\/v2\/media?parent=3625"}],"wp:term":[{"taxonomy":"product_brand","embeddable":true,"href":"https:\/\/antcube.shop\/hu\/wp-json\/wp\/v2\/product_brand?post=3625"},{"taxonomy":"product_cat","embeddable":true,"href":"https:\/\/antcube.shop\/hu\/wp-json\/wp\/v2\/product_cat?post=3625"},{"taxonomy":"product_tag","embeddable":true,"href":"https:\/\/antcube.shop\/hu\/wp-json\/wp\/v2\/product_tag?post=3625"}],"curies":[{"name":"wp","href":"https:\/\/api.w.org\/{rel}","templated":true}]}}