{"id":3611,"date":"2021-11-19T12:49:31","date_gmt":"2021-11-19T11:49:31","guid":{"rendered":"https:\/\/antcube.shop\/produkt\/dad-hat\/"},"modified":"2024-12-12T12:26:53","modified_gmt":"2024-12-12T11:26:53","slug":"apa-kalap","status":"publish","type":"product","link":"https:\/\/antcube.shop\/hu\/termek\/apa-kalap\/","title":{"rendered":"Apa sapka"},"content":{"rendered":"<p>A sapk\u00e1k nem csak ap\u00e1knak val\u00f3k. Ez a sapka alacsony profil\u00fa, \u00e1ll\u00edthat\u00f3 p\u00e1nttal \u00e9s \u00edvelt napellenz\u0151vel.<\/p>\n<p>- 100% chino pamut twill<br \/>- A z\u00f6ld Camo sz\u00edn 35% chino pamut twill, 65% poli\u00e9szter.<br \/>- Strukt\u00far\u00e1latlan, 6 paneles, alacsony profil\u00fa<br \/>- 6 h\u00edmzett f\u0171z\u0151lyuk<br \/>- 3 \u215b\" (7,6 cm) korona<br \/>- \u00c1ll\u00edthat\u00f3 p\u00e1nt antik csattal<br \/>- Vietnamb\u00f3l vagy Bangladesb\u0151l sz\u00e1rmaz\u00f3 \u00fcres term\u00e9k<\/p>\n<p>\u00a0<\/p>\n<p>Az \u00c1ruk kateg\u00f3ri\u00e1ba tartoz\u00f3 term\u00e9kek sz\u00e1ll\u00edt\u00e1s\u00e1t \u00e9s gy\u00e1rt\u00e1s\u00e1t a PRINTFUL partner\u00fcnk v\u00e9gzi. Ezen term\u00e9kek valamelyik\u00e9nek megrendel\u00e9s\u00e9vel \u00d6n elfogadja a PRINTFUL \u00c1ltal\u00e1nos Szerz\u0151d\u00e9si Felt\u00e9teleit, Adatv\u00e9delmi Szab\u00e1lyzat\u00e1t \u00e9s Visszat\u00e9r\u00e9si Szab\u00e1lyzat\u00e1t.\u00a0<\/p>\n<p><a href=\"https:\/\/www.printful.com\/policies\/terms-of-service\">A PRINTFUL \u00c1ltal\u00e1nos Szerz\u0151d\u00e9si Felt\u00e9teleit itt tal\u00e1lja.<\/a><\/p>\n<p><a href=\"https:\/\/www.printful.com\/policies\/returns\">A PRINTFUL visszak\u00fcld\u00e9si szab\u00e1lyzat\u00e1t itt tal\u00e1lja.<\/a><\/p>\n<p><a href=\"https:\/\/www.printful.com\/policies\/privacy\">A PRINTFUL adatv\u00e9delmi szab\u00e1lyzat\u00e1t itt tal\u00e1lja.<\/a><\/p>","protected":false},"excerpt":{"rendered":"<p>A sapk\u00e1k nem csak ap\u00e1knak val\u00f3k. Ez a sapka alacsony profil\u00fa, \u00e1ll\u00edthat\u00f3 p\u00e1nttal \u00e9s \u00edvelt napellenz\u0151vel. - 100% chino pamut twill- Z\u00f6ld Camo sz\u00edn 35% chino pamut twill, 65% poli\u00e9szter- Struktur\u00e1latlan, 6 p\u00e1ntos, alacsony profil\u00fa- 6 h\u00edmzett szemlyuk- 3 \u215b\" (7,6 cm) korona- \u00c1ll\u00edthat\u00f3 p\u00e1nt antik csattal- Vietn\u00e1mb\u00f3l sz\u00e1rmaz\u00f3 \u00fcres term\u00e9k.","protected":false},"featured_media":3613,"comment_status":"open","ping_status":"closed","template":"","meta":{"_acf_changed":false,"content-type":"","_monsterinsights_skip_tracking":false,"_monsterinsights_sitenote_active":false,"_monsterinsights_sitenote_note":"","_monsterinsights_sitenote_category":0},"product_brand":[],"product_cat":[245],"product_tag":[],"class_list":{"0":"post-3611","1":"product","2":"type-product","3":"status-publish","4":"has-post-thumbnail","6":"product_cat-merchandise","8":"first","9":"instock","10":"taxable","11":"shipping-taxable","12":"purchasable","13":"product-type-simple"},"acf":[],"aioseo_notices":[],"jetpack_sharing_enabled":true,"_links":{"self":[{"href":"https:\/\/antcube.shop\/hu\/wp-json\/wp\/v2\/product\/3611","targetHints":{"allow":["GET"]}}],"collection":[{"href":"https:\/\/antcube.shop\/hu\/wp-json\/wp\/v2\/product"}],"about":[{"href":"https:\/\/antcube.shop\/hu\/wp-json\/wp\/v2\/types\/product"}],"replies":[{"embeddable":true,"href":"https:\/\/antcube.shop\/hu\/wp-json\/wp\/v2\/comments?post=3611"}],"wp:featuredmedia":[{"embeddable":true,"href":"https:\/\/antcube.shop\/hu\/wp-json\/wp\/v2\/media\/3613"}],"wp:attachment":[{"href":"https:\/\/antcube.shop\/hu\/wp-json\/wp\/v2\/media?parent=3611"}],"wp:term":[{"taxonomy":"product_brand","embeddable":true,"href":"https:\/\/antcube.shop\/hu\/wp-json\/wp\/v2\/product_brand?post=3611"},{"taxonomy":"product_cat","embeddable":true,"href":"https:\/\/antcube.shop\/hu\/wp-json\/wp\/v2\/product_cat?post=3611"},{"taxonomy":"product_tag","embeddable":true,"href":"https:\/\/antcube.shop\/hu\/wp-json\/wp\/v2\/product_tag?post=3611"}],"curies":[{"name":"wp","href":"https:\/\/api.w.org\/{rel}","templated":true}]}}