{"id":3599,"date":"2021-11-19T12:47:56","date_gmt":"2021-11-19T11:47:56","guid":{"rendered":"https:\/\/antcube.shop\/produkt\/premium-eco-hoodie\/"},"modified":"2024-12-12T12:27:02","modified_gmt":"2024-12-12T11:27:02","slug":"premium-eco-hoodie","status":"publish","type":"product","link":"https:\/\/antcube.shop\/hu\/termek\/premium-eco-hoodie\/","title":{"rendered":"Pr\u00e9mium \u00f6ko kapucnis pul\u00f3ver"},"content":{"rendered":"<p>Ismerd meg a pr\u00e9mium \u00f6ko kapucnis pul\u00f3vert, amely organikus \u00e9s \u00fajrahasznos\u00edtott anyagokb\u00f3l k\u00e9sz\u00fclt. K\u00e9nyelmes szab\u00e1s\u00e1val, el\u00fcls\u0151 zseb\u00e9vel \u00e9s k\u00e9tr\u00e9teg\u0171 kapucnij\u00e1val a kapucnis pul\u00f3ver egy klasszikus streetwear darab, amely t\u00f6bbf\u00e9le megjelen\u00e9ssel is kombin\u00e1lhat\u00f3.<\/p>\n<p>- 85% organikus pamut, 15% \u00fajrahasznos\u00edtott poli\u00e9szter<br \/>\n- Szalagok: 97% szerves pamut, 3% elaszt\u00e1n<br \/>\n- Kef\u00e9lt gyapj\u00fasz\u00f6vet bel\u00fclr\u0151l<br \/>\n- K\u00e9nyelmes unisex szab\u00e1s<br \/>\n- Dupla r\u00e9teg\u0171 kapucni<br \/>\n- Lapos h\u00faz\u00f3zsin\u00f3rok f\u00e9m f\u0171z\u0151lyukakkal a pr\u00e9mium \u00e9rz\u00e9s\u00e9rt<br \/>\n- Kenguru zseb<br \/>\n- Bels\u0151\/k\u00fcls\u0151 c\u00edmkefolt a m\u00e1rkajelz\u00e9shez<br \/>\n- Let\u00e9phet\u0151 \u00e1pol\u00e1si c\u00edmke<\/p>\n<p>&nbsp;<\/p>\n<p>Az \u00c1ruk kateg\u00f3ri\u00e1ba tartoz\u00f3 term\u00e9kek sz\u00e1ll\u00edt\u00e1s\u00e1t \u00e9s gy\u00e1rt\u00e1s\u00e1t a PRINTFUL partner\u00fcnk v\u00e9gzi. Ezen term\u00e9kek valamelyik\u00e9nek megrendel\u00e9s\u00e9vel \u00d6n elfogadja a PRINTFUL \u00c1ltal\u00e1nos Szerz\u0151d\u00e9si Felt\u00e9teleit, Adatv\u00e9delmi Szab\u00e1lyzat\u00e1t \u00e9s Visszat\u00e9r\u00e9si Szab\u00e1lyzat\u00e1t.<\/p>\n<p><a href=\"https:\/\/www.printful.com\/policies\/terms-of-service\">A PRINTFUL \u00c1ltal\u00e1nos Szerz\u0151d\u00e9si Felt\u00e9teleit itt tal\u00e1lja.<\/a><\/p>\n<p><a href=\"https:\/\/www.printful.com\/policies\/returns\">A PRINTFUL visszak\u00fcld\u00e9si szab\u00e1lyzat\u00e1t itt tal\u00e1lja.<\/a><\/p>\n<p><a href=\"https:\/\/www.printful.com\/policies\/privacy\">A PRINTFUL adatv\u00e9delmi szab\u00e1lyzat\u00e1t itt tal\u00e1lja.<\/a><\/p>","protected":false},"excerpt":{"rendered":"<p>Ismerd meg a pr\u00e9mium \u00f6ko kapucnis pul\u00f3vert, amely organikus \u00e9s \u00fajrahasznos\u00edtott anyagokb\u00f3l k\u00e9sz\u00fclt. K\u00e9nyelmes szab\u00e1s\u00e1val, el\u00fcls\u0151 zseb\u00e9vel \u00e9s k\u00e9tr\u00e9teg\u0171 kapucnij\u00e1val a kapucnis pul\u00f3ver egy klasszikus streetwear darab, amely t\u00f6bbf\u00e9le megjelen\u00e9ssel is kombin\u00e1lhat\u00f3. - 85% organikus pamut, 15% \u00fajrahasznos\u00edtott poli\u00e9szter - Bord\u00e1zat: 97% organikus pamut, 3% elaszt\u00e1n - Brushed fleece anyag bel\u00fclr\u0151l.","protected":false},"featured_media":3607,"comment_status":"open","ping_status":"closed","template":"","meta":{"_acf_changed":false,"content-type":"","_monsterinsights_skip_tracking":false,"_monsterinsights_sitenote_active":false,"_monsterinsights_sitenote_note":"","_monsterinsights_sitenote_category":0},"product_brand":[],"product_cat":[245],"product_tag":[],"class_list":{"0":"post-3599","1":"product","2":"type-product","3":"status-publish","4":"has-post-thumbnail","6":"product_cat-merchandise","8":"first","9":"instock","10":"taxable","11":"shipping-taxable","12":"purchasable","13":"product-type-variable"},"acf":[],"aioseo_notices":[],"jetpack_sharing_enabled":true,"_links":{"self":[{"href":"https:\/\/antcube.shop\/hu\/wp-json\/wp\/v2\/product\/3599","targetHints":{"allow":["GET"]}}],"collection":[{"href":"https:\/\/antcube.shop\/hu\/wp-json\/wp\/v2\/product"}],"about":[{"href":"https:\/\/antcube.shop\/hu\/wp-json\/wp\/v2\/types\/product"}],"replies":[{"embeddable":true,"href":"https:\/\/antcube.shop\/hu\/wp-json\/wp\/v2\/comments?post=3599"}],"wp:featuredmedia":[{"embeddable":true,"href":"https:\/\/antcube.shop\/hu\/wp-json\/wp\/v2\/media\/3607"}],"wp:attachment":[{"href":"https:\/\/antcube.shop\/hu\/wp-json\/wp\/v2\/media?parent=3599"}],"wp:term":[{"taxonomy":"product_brand","embeddable":true,"href":"https:\/\/antcube.shop\/hu\/wp-json\/wp\/v2\/product_brand?post=3599"},{"taxonomy":"product_cat","embeddable":true,"href":"https:\/\/antcube.shop\/hu\/wp-json\/wp\/v2\/product_cat?post=3599"},{"taxonomy":"product_tag","embeddable":true,"href":"https:\/\/antcube.shop\/hu\/wp-json\/wp\/v2\/product_tag?post=3599"}],"curies":[{"name":"wp","href":"https:\/\/api.w.org\/{rel}","templated":true}]}}