{"id":3575,"date":"2021-11-19T12:45:26","date_gmt":"2021-11-19T11:45:26","guid":{"rendered":"https:\/\/antcube.shop\/produkt\/unisex-organic-cotton-t-shirt\/"},"modified":"2024-12-12T12:27:10","modified_gmt":"2024-12-12T11:27:10","slug":"unisex-organikus-pamut-polo","status":"publish","type":"product","link":"https:\/\/antcube.shop\/hu\/termek\/unisex-organikus-pamut-polo\/","title":{"rendered":"Unisex organikus pamut p\u00f3l\u00f3"},"content":{"rendered":"<p>Ez az 100% organikus gy\u0171r\u0171sfon\u00e1s\u00fa pamutb\u00f3l k\u00e9sz\u00fclt uniszex p\u00f3l\u00f3 teljesen k\u00f6telez\u0151 darab. Kiv\u00e1l\u00f3 min\u0151s\u00e9g\u0171, szuper k\u00e9nyelmes, \u00e9s ami a legjobb, k\u00f6rnyezetbar\u00e1t.<\/p>\n<p>- 100% organikus gy\u0171r\u0171sfon\u00e1s\u00fa pamut<br \/>\n- Sz\u00f6vet s\u00falya: 5,3 oz\/yd\u00b2 (180 g\/m\u00b2)<br \/>\n- Egyetlen mez<br \/>\n- K\u00f6zepes m\u00e9ret<br \/>\n- Be\u00e1ll\u00edtott h\u00fcvelyek<br \/>\n- 1 \u00d7 1 borda a gall\u00e9rn\u00e1l<br \/>\n- Sz\u00e9les dupla t\u0171s \u00f6lt\u00e9s az ujjakon \u00e9s az als\u00f3 szeg\u00e9lyeken<br \/>\n- \u00d6n\u00e1ll\u00f3 nyakszalag (bel\u00fcl, a nyak h\u00e1ts\u00f3 r\u00e9sz\u00e9n)<br \/>\n- K\u00edn\u00e1b\u00f3l vagy Bangladesb\u0151l sz\u00e1rmaz\u00f3 \u00fcres term\u00e9k<\/p>\n<p>&nbsp;<\/p>\n<p>Az \u00c1ruk kateg\u00f3ri\u00e1ba tartoz\u00f3 term\u00e9kek sz\u00e1ll\u00edt\u00e1s\u00e1t \u00e9s gy\u00e1rt\u00e1s\u00e1t a PRINTFUL partner\u00fcnk v\u00e9gzi. Ezen term\u00e9kek valamelyik\u00e9nek megrendel\u00e9s\u00e9vel \u00d6n elfogadja a PRINTFUL \u00c1ltal\u00e1nos Szerz\u0151d\u00e9si Felt\u00e9teleit, Adatv\u00e9delmi Szab\u00e1lyzat\u00e1t \u00e9s Visszat\u00e9r\u00e9si Szab\u00e1lyzat\u00e1t.<\/p>\n<p><a href=\"https:\/\/www.printful.com\/policies\/terms-of-service\">A PRINTFUL \u00c1ltal\u00e1nos Szerz\u0151d\u00e9si Felt\u00e9teleit itt tal\u00e1lja.<\/a><\/p>\n<p><a href=\"https:\/\/www.printful.com\/policies\/returns\">A PRINTFUL visszak\u00fcld\u00e9si szab\u00e1lyzat\u00e1t itt tal\u00e1lja.<\/a><\/p>\n<p><a href=\"https:\/\/www.printful.com\/policies\/privacy\">A PRINTFUL adatv\u00e9delmi szab\u00e1lyzat\u00e1t itt tal\u00e1lja.<\/a><\/p>","protected":false},"excerpt":{"rendered":"<p>Ez az 100% organikus gy\u0171r\u0171sfon\u00e1s\u00fa pamutb\u00f3l k\u00e9sz\u00fclt uniszex p\u00f3l\u00f3 teljesen k\u00f6telez\u0151 darab. Kiv\u00e1l\u00f3 min\u0151s\u00e9g\u0171, szuper k\u00e9nyelmes, \u00e9s ami a legjobb, k\u00f6rnyezetbar\u00e1t. - 100% organikus gy\u0171r\u0171sfon\u00e1s\u00fa pamut - Sz\u00f6vets\u00faly: 5,3 oz\/yd\u00b2 (180 g\/m\u00b2) - Single jersey - K\u00f6zepes szab\u00e1s - Be\u00e1ll\u00f3 ujjak - 1 \u00d7 1 borda a gall\u00e9rn\u00e1l - Sz\u00e9les, dupla t\u0171s fel\u00fclvarr\u00e1s a nyakr\u00e9szen.","protected":false},"featured_media":3582,"comment_status":"open","ping_status":"closed","template":"","meta":{"_acf_changed":false,"content-type":"","_monsterinsights_skip_tracking":false,"_monsterinsights_sitenote_active":false,"_monsterinsights_sitenote_note":"","_monsterinsights_sitenote_category":0},"product_brand":[],"product_cat":[245],"product_tag":[],"class_list":{"0":"post-3575","1":"product","2":"type-product","3":"status-publish","4":"has-post-thumbnail","6":"product_cat-merchandise","8":"first","9":"instock","10":"taxable","11":"shipping-taxable","12":"purchasable","13":"product-type-variable"},"acf":[],"aioseo_notices":[],"jetpack_sharing_enabled":true,"_links":{"self":[{"href":"https:\/\/antcube.shop\/hu\/wp-json\/wp\/v2\/product\/3575","targetHints":{"allow":["GET"]}}],"collection":[{"href":"https:\/\/antcube.shop\/hu\/wp-json\/wp\/v2\/product"}],"about":[{"href":"https:\/\/antcube.shop\/hu\/wp-json\/wp\/v2\/types\/product"}],"replies":[{"embeddable":true,"href":"https:\/\/antcube.shop\/hu\/wp-json\/wp\/v2\/comments?post=3575"}],"wp:featuredmedia":[{"embeddable":true,"href":"https:\/\/antcube.shop\/hu\/wp-json\/wp\/v2\/media\/3582"}],"wp:attachment":[{"href":"https:\/\/antcube.shop\/hu\/wp-json\/wp\/v2\/media?parent=3575"}],"wp:term":[{"taxonomy":"product_brand","embeddable":true,"href":"https:\/\/antcube.shop\/hu\/wp-json\/wp\/v2\/product_brand?post=3575"},{"taxonomy":"product_cat","embeddable":true,"href":"https:\/\/antcube.shop\/hu\/wp-json\/wp\/v2\/product_cat?post=3575"},{"taxonomy":"product_tag","embeddable":true,"href":"https:\/\/antcube.shop\/hu\/wp-json\/wp\/v2\/product_tag?post=3575"}],"curies":[{"name":"wp","href":"https:\/\/api.w.org\/{rel}","templated":true}]}}