{"id":3566,"date":"2021-11-19T12:43:48","date_gmt":"2021-11-19T11:43:48","guid":{"rendered":"https:\/\/antcube.shop\/produkt\/youth-short-sleeve-t-shirt\/"},"modified":"2024-12-12T12:27:18","modified_gmt":"2024-12-12T11:27:18","slug":"ifjusagi-rovid-ujju-polo","status":"publish","type":"product","link":"https:\/\/antcube.shop\/hu\/termek\/ifjusagi-rovid-ujju-polo\/","title":{"rendered":"Ifj\u00fas\u00e1gi r\u00f6vid ujj\u00fa p\u00f3l\u00f3"},"content":{"rendered":"<p>Ez az a p\u00f3l\u00f3, amit m\u00e1r r\u00e9g\u00f3ta keresett, \u00e9s minden bizonnyal minden fiatal ruhat\u00e1r\u00e1nak kedvenc\u00e9v\u00e9 v\u00e1lik. K\u00f6nny\u0171, puha \u00e9s egyedi diz\u00e1jnnal rendelkezik.<\/p>\n<p>- 100% f\u00e9s\u00fclt \u00e9s gy\u0171r\u0171sfonott pamut<br \/>\n- A pehelysz\u00ednek 52% f\u00e9s\u00fclt \u00e9s gy\u0171r\u0171sfonott pamutb\u00f3l, 48% poli\u00e9szterb\u0151l k\u00e9sz\u00fcltek.<br \/>\n- Athletic Heather 90% f\u00e9s\u00fclt \u00e9s gy\u0171r\u0171sfonott pamut, 10% poli\u00e9szter.<br \/>\n- Sz\u00f6vet s\u00falya: 4,2 oz\/yd\u00b2 (142 g\/m2)<br \/>\n- El\u0151re zsugor\u00edtott sz\u00f6vet<br \/>\n- 32 \u00e9nek<br \/>\n- Laza unisex szab\u00e1s<br \/>\n- Oldalvarrott szerkezet<br \/>\n- Nicaragu\u00e1b\u00f3l, az USA-b\u00f3l vagy Hondurasb\u00f3l sz\u00e1rmaz\u00f3 \u00fcres term\u00e9k<\/p>\n<p>&nbsp;<\/p>\n<p>Az \u00c1ruk kateg\u00f3ri\u00e1ba tartoz\u00f3 term\u00e9kek sz\u00e1ll\u00edt\u00e1s\u00e1t \u00e9s gy\u00e1rt\u00e1s\u00e1t a PRINTFUL partner\u00fcnk v\u00e9gzi. Ezen term\u00e9kek valamelyik\u00e9nek megrendel\u00e9s\u00e9vel \u00d6n elfogadja a PRINTFUL \u00c1ltal\u00e1nos Szerz\u0151d\u00e9si Felt\u00e9teleit, Adatv\u00e9delmi Szab\u00e1lyzat\u00e1t \u00e9s Visszat\u00e9r\u00e9si Szab\u00e1lyzat\u00e1t.<\/p>\n<p><a href=\"https:\/\/www.printful.com\/policies\/terms-of-service\">A PRINTFUL \u00c1ltal\u00e1nos Szerz\u0151d\u00e9si Felt\u00e9teleit itt tal\u00e1lja.<\/a><\/p>\n<p><a href=\"https:\/\/www.printful.com\/policies\/returns\">A PRINTFUL visszak\u00fcld\u00e9si szab\u00e1lyzat\u00e1t itt tal\u00e1lja.<\/a><\/p>\n<p><a href=\"https:\/\/www.printful.com\/policies\/privacy\">A PRINTFUL adatv\u00e9delmi szab\u00e1lyzat\u00e1t itt tal\u00e1lja.<\/a><\/p>","protected":false},"excerpt":{"rendered":"<p>Ez az a p\u00f3l\u00f3, amit m\u00e1r r\u00e9g\u00f3ta keresett, \u00e9s minden bizonnyal minden fiatal ruhat\u00e1r\u00e1nak kedvenc\u00e9v\u00e9 v\u00e1lik. K\u00f6nny\u0171, puha \u00e9s egyedi diz\u00e1jnnal rendelkezik. - 100% f\u00e9s\u00fclt \u00e9s gy\u0171r\u0171sfonott pamut - Heather sz\u00ednek 52% f\u00e9s\u00fclt \u00e9s gy\u0171r\u0171sfonott pamut, 48% poli\u00e9szter - Athletic Heather 90% f\u00e9s\u00fclt \u00e9s gy\u0171r\u0171sfonott pamut, [...]","protected":false},"featured_media":3573,"comment_status":"open","ping_status":"closed","template":"","meta":{"_acf_changed":false,"content-type":"","_monsterinsights_skip_tracking":false,"_monsterinsights_sitenote_active":false,"_monsterinsights_sitenote_note":"","_monsterinsights_sitenote_category":0},"product_brand":[],"product_cat":[245],"product_tag":[],"class_list":{"0":"post-3566","1":"product","2":"type-product","3":"status-publish","4":"has-post-thumbnail","6":"product_cat-merchandise","8":"first","9":"instock","10":"taxable","11":"shipping-taxable","12":"purchasable","13":"product-type-variable"},"acf":[],"aioseo_notices":[],"jetpack_sharing_enabled":true,"_links":{"self":[{"href":"https:\/\/antcube.shop\/hu\/wp-json\/wp\/v2\/product\/3566","targetHints":{"allow":["GET"]}}],"collection":[{"href":"https:\/\/antcube.shop\/hu\/wp-json\/wp\/v2\/product"}],"about":[{"href":"https:\/\/antcube.shop\/hu\/wp-json\/wp\/v2\/types\/product"}],"replies":[{"embeddable":true,"href":"https:\/\/antcube.shop\/hu\/wp-json\/wp\/v2\/comments?post=3566"}],"wp:featuredmedia":[{"embeddable":true,"href":"https:\/\/antcube.shop\/hu\/wp-json\/wp\/v2\/media\/3573"}],"wp:attachment":[{"href":"https:\/\/antcube.shop\/hu\/wp-json\/wp\/v2\/media?parent=3566"}],"wp:term":[{"taxonomy":"product_brand","embeddable":true,"href":"https:\/\/antcube.shop\/hu\/wp-json\/wp\/v2\/product_brand?post=3566"},{"taxonomy":"product_cat","embeddable":true,"href":"https:\/\/antcube.shop\/hu\/wp-json\/wp\/v2\/product_cat?post=3566"},{"taxonomy":"product_tag","embeddable":true,"href":"https:\/\/antcube.shop\/hu\/wp-json\/wp\/v2\/product_tag?post=3566"}],"curies":[{"name":"wp","href":"https:\/\/api.w.org\/{rel}","templated":true}]}}