{"id":3443,"date":"2021-11-18T15:53:00","date_gmt":"2021-11-18T14:53:00","guid":{"rendered":"https:\/\/antcube.shop\/produkt\/mens-heavyweight-tee\/"},"modified":"2024-12-12T12:27:24","modified_gmt":"2024-12-12T11:27:24","slug":"ferfi-nehezsulyu-tee","status":"publish","type":"product","link":"https:\/\/antcube.shop\/hu\/termek\/ferfi-nehezsulyu-tee\/","title":{"rendered":"F\u00e9rfi pr\u00e9mium pamut p\u00f3l\u00f3"},"content":{"rendered":"<p>Az 100% pamut f\u00e9rfi pr\u00e9mium min\u0151s\u00e9g\u0171 p\u00f3l\u00f3 seg\u00edt a struktur\u00e1ltabb megjelen\u00e9sben. Sz\u00e9pen \u00fcl, \u00e9les vonalakat tart fenn a sz\u00e9lein, \u00e9s t\u00f6k\u00e9letesen illik a r\u00e9teges utcai \u00f6lt\u00f6z\u00e9kekhez.<br \/>\n- 100% pamut<br \/>\n- 90% pamut, 10% poli\u00e9szter<br \/>\n- Sz\u00f6vet s\u00falya: 5,0-5,3 oz\/yd\u00b2 (170-180 g\/m\u00b2)<br \/>\n- Nyitott v\u00e9g\u0171 fonal<br \/>\n- Cs\u00f6ves sz\u00f6vet<br \/>\n- Szalagos nyak \u00e9s v\u00e1llak<br \/>\n- Dupla varr\u00e1s az ujjakn\u00e1l \u00e9s az als\u00f3 szeg\u00e9lyn\u00e9l<br \/>\n- Hondurasb\u00f3l, Nicaragu\u00e1b\u00f3l, Haitir\u0151l, Dominikai K\u00f6zt\u00e1rsas\u00e1gb\u00f3l, Bangladesb\u0151l, Mexik\u00f3b\u00f3l sz\u00e1rmaz\u00f3 \u00fcres term\u00e9k.<\/p>\n<p>&nbsp;<\/p>\n<p>Az \u00c1ruk kateg\u00f3ri\u00e1ba tartoz\u00f3 term\u00e9kek sz\u00e1ll\u00edt\u00e1s\u00e1t \u00e9s gy\u00e1rt\u00e1s\u00e1t a PRINTFUL partner\u00fcnk v\u00e9gzi. Ezen term\u00e9kek valamelyik\u00e9nek megrendel\u00e9s\u00e9vel \u00d6n elfogadja a PRINTFUL \u00c1ltal\u00e1nos Szerz\u0151d\u00e9si Felt\u00e9teleit, Adatv\u00e9delmi Szab\u00e1lyzat\u00e1t \u00e9s Visszat\u00e9r\u00e9si Szab\u00e1lyzat\u00e1t.<\/p>\n<p><a href=\"https:\/\/www.printful.com\/policies\/terms-of-service\">A PRINTFUL \u00c1ltal\u00e1nos Szerz\u0151d\u00e9si Felt\u00e9teleit itt tal\u00e1lja.<\/a><\/p>\n<p><a href=\"https:\/\/www.printful.com\/policies\/returns\">A PRINTFUL visszak\u00fcld\u00e9si szab\u00e1lyzat\u00e1t itt tal\u00e1lja.<\/a><\/p>\n<p><a href=\"https:\/\/www.printful.com\/policies\/privacy\">A PRINTFUL adatv\u00e9delmi szab\u00e1lyzat\u00e1t itt tal\u00e1lja.<\/a><\/p>","protected":false},"excerpt":{"rendered":"<p>Az 100% pamut f\u00e9rfi pr\u00e9mium min\u0151s\u00e9g\u0171 p\u00f3l\u00f3 seg\u00edt a struktur\u00e1ltabb megjelen\u00e9sben. Sz\u00e9pen \u00fcl, \u00e9les vonalakat tart fenn a sz\u00e9lein, \u00e9s t\u00f6k\u00e9letesen illik a r\u00e9teges utcai \u00f6lt\u00f6z\u00e9kekhez. - 100% pamut - 90% pamut, 10% poli\u00e9szter - Sz\u00f6vets\u00faly: 5,0-5,3 oz\/yd\u00b2 (170-180 g\/m\u00b2) - Nyitott v\u00e9g\u0171 fonal - Cs\u00f6ves anyag - Szalagozott nyak \u00e9s nyakr\u00e9sz.","protected":false},"featured_media":3451,"comment_status":"open","ping_status":"closed","template":"","meta":{"_acf_changed":false,"content-type":"","_monsterinsights_skip_tracking":false,"_monsterinsights_sitenote_active":false,"_monsterinsights_sitenote_note":"","_monsterinsights_sitenote_category":0},"product_brand":[],"product_cat":[245],"product_tag":[],"class_list":{"0":"post-3443","1":"product","2":"type-product","3":"status-publish","4":"has-post-thumbnail","6":"product_cat-merchandise","8":"first","9":"instock","10":"taxable","11":"shipping-taxable","12":"purchasable","13":"product-type-variable"},"acf":[],"aioseo_notices":[],"jetpack_sharing_enabled":true,"_links":{"self":[{"href":"https:\/\/antcube.shop\/hu\/wp-json\/wp\/v2\/product\/3443","targetHints":{"allow":["GET"]}}],"collection":[{"href":"https:\/\/antcube.shop\/hu\/wp-json\/wp\/v2\/product"}],"about":[{"href":"https:\/\/antcube.shop\/hu\/wp-json\/wp\/v2\/types\/product"}],"replies":[{"embeddable":true,"href":"https:\/\/antcube.shop\/hu\/wp-json\/wp\/v2\/comments?post=3443"}],"wp:featuredmedia":[{"embeddable":true,"href":"https:\/\/antcube.shop\/hu\/wp-json\/wp\/v2\/media\/3451"}],"wp:attachment":[{"href":"https:\/\/antcube.shop\/hu\/wp-json\/wp\/v2\/media?parent=3443"}],"wp:term":[{"taxonomy":"product_brand","embeddable":true,"href":"https:\/\/antcube.shop\/hu\/wp-json\/wp\/v2\/product_brand?post=3443"},{"taxonomy":"product_cat","embeddable":true,"href":"https:\/\/antcube.shop\/hu\/wp-json\/wp\/v2\/product_cat?post=3443"},{"taxonomy":"product_tag","embeddable":true,"href":"https:\/\/antcube.shop\/hu\/wp-json\/wp\/v2\/product_tag?post=3443"}],"curies":[{"name":"wp","href":"https:\/\/api.w.org\/{rel}","templated":true}]}}