{"id":3275,"date":"2021-11-10T13:27:10","date_gmt":"2021-11-10T12:27:10","guid":{"rendered":"https:\/\/antcube.shop\/produkt\/temnothorax-nylanderi\/"},"modified":"2021-11-24T11:48:34","modified_gmt":"2021-11-24T10:48:34","slug":"temnothorax-nylanderi","status":"publish","type":"product","link":"https:\/\/antcube.shop\/hu\/termek\/temnothorax-nylanderi\/","title":{"rendered":"Temnothorax nylanderi"},"content":{"rendered":"<p>&nbsp;<\/p>\n<table border=\"1\" cellspacing=\"1\" cellpadding=\"1\">\n<tbody>\n<tr>\n<td><strong>Lat. N\u00e9v:<\/strong><\/td>\n<td><strong><img data-recalc-dims=\"1\" loading=\"lazy\" decoding=\"async\" src=\"https:\/\/i0.wp.com\/www.antstore.net\/shop\/images\/icons\/ants\/lateinname.jpg?resize=30%2C30&#038;ssl=1\" alt=\"\" width=\"30\" height=\"30\" \/><\/strong><\/td>\n<td>Temnothorax nylanderi<\/td>\n<\/tr>\n<tr>\n<td><strong>K\u00f6z\u00f6s n\u00e9v<\/strong>:<\/td>\n<td><strong><img data-recalc-dims=\"1\" loading=\"lazy\" decoding=\"async\" src=\"https:\/\/i0.wp.com\/www.antstore.net\/shop\/images\/icons\/ants\/trivialname.jpg?resize=30%2C30&#038;ssl=1\" alt=\"\" width=\"30\" height=\"30\" \/><\/strong><\/td>\n<td><\/td>\n<\/tr>\n<tr>\n<td><strong>Taxon\u00f3mia:<\/strong><\/td>\n<td><strong><img data-recalc-dims=\"1\" loading=\"lazy\" decoding=\"async\" src=\"https:\/\/i0.wp.com\/www.antstore.net\/shop\/images\/icons\/ants\/taxonomie.jpg?resize=30%2C30&#038;ssl=1\" alt=\"\" width=\"30\" height=\"30\" \/><\/strong><\/td>\n<td><strong>Alcsal\u00e1d: <\/strong>Myrmicinae\u00a0 <strong>Tribus: <\/strong>Formicoxenini<\/td>\n<\/tr>\n<tr>\n<td><strong>Szintentart\u00e1s:<\/strong><\/td>\n<td><strong><img data-recalc-dims=\"1\" loading=\"lazy\" decoding=\"async\" src=\"https:\/\/i0.wp.com\/www.antstore.net\/shop\/images\/icons\/ants\/haltungsklasse.jpg?resize=30%2C30&#038;ssl=1\" alt=\"\" width=\"30\" height=\"30\" \/><\/strong><\/td>\n<td><strong>(1)<\/strong> alkalmas kezd\u0151k sz\u00e1m\u00e1ra<\/td>\n<\/tr>\n<tr>\n<td><strong>Elterjed\u00e9s:<\/strong><\/td>\n<td><strong><img data-recalc-dims=\"1\" loading=\"lazy\" decoding=\"async\" src=\"https:\/\/i0.wp.com\/www.antstore.net\/shop\/images\/icons\/ants\/verbreitung.jpg?resize=30%2C30&#038;ssl=1\" alt=\"\" width=\"30\" height=\"30\" \/><\/strong><\/td>\n<td>nyugati t\u00edpus: a Schwerin- Magdeburg- Halle- Lipcse vonalon<\/td>\n<\/tr>\n<tr>\n<td><strong>\u00c9l\u0151hely:<\/strong><\/td>\n<td><strong><img data-recalc-dims=\"1\" loading=\"lazy\" decoding=\"async\" src=\"https:\/\/i0.wp.com\/www.antstore.net\/shop\/images\/icons\/ants\/habitat.jpg?resize=30%2C30&#038;ssl=1\" alt=\"\" width=\"30\" height=\"30\" \/><\/strong><\/td>\n<td>t\u0171level\u0171 \u00e9s vegyes t\u0171level\u0171-lombhullat\u00f3 erd\u0151k, m\u00e9rs\u00e9kelten nedvesek<\/td>\n<\/tr>\n<tr>\n<td><strong>Colonyform:<\/strong><\/td>\n<td><strong><img data-recalc-dims=\"1\" loading=\"lazy\" decoding=\"async\" src=\"https:\/\/i0.wp.com\/www.antstore.net\/shop\/images\/icons\/ants\/Kolonieform.jpg?resize=30%2C30&#038;ssl=1\" alt=\"\" width=\"30\" height=\"30\" \/><\/strong><\/td>\n<td>monogyn<\/td>\n<\/tr>\n<tr>\n<td><strong>Kir\u00e1lyn\u0151:<\/strong><\/td>\n<td><strong><img data-recalc-dims=\"1\" loading=\"lazy\" decoding=\"async\" src=\"https:\/\/i0.wp.com\/www.antstore.net\/shop\/images\/icons\/ants\/koenigin.jpg?resize=30%2C30&#038;ssl=1\" alt=\"\" width=\"30\" height=\"30\" \/><\/strong><\/td>\n<td><strong>M\u00e9ret:<\/strong> 4 - 5 mm <strong>Sz\u00edn: <\/strong>s\u00e1rg\u00e1t\u00f3l a s\u00e1rg\u00e1sbarn\u00e1ig, a fej \u00e9s az \u00fasz\u00f3l\u00e1b s\u00f6t\u00e9tbarna<\/td>\n<\/tr>\n<tr>\n<td><strong>Munk\u00e1s:<\/strong><\/td>\n<td><img data-recalc-dims=\"1\" loading=\"lazy\" decoding=\"async\" src=\"https:\/\/i0.wp.com\/www.antstore.net\/shop\/images\/icons\/ants\/arbeiterin.jpg?resize=30%2C30&#038;ssl=1\" alt=\"\" width=\"30\" height=\"30\" \/><\/td>\n<td><strong>M\u00e9ret: <\/strong>2,3- 3,5mm <strong>Sz\u00edn: <\/strong>s\u00e1rg\u00e1t\u00f3l a s\u00e1rg\u00e1sbarn\u00e1ig, a fej \u00e9s az \u00fasz\u00f3l\u00e1b s\u00f6t\u00e9tbarna<\/td>\n<\/tr>\n<tr>\n<td><strong>Katona:<\/strong><\/td>\n<td><img data-recalc-dims=\"1\" loading=\"lazy\" decoding=\"async\" src=\"https:\/\/i0.wp.com\/www.antstore.net\/shop\/images\/icons\/ants\/soldaten.jpg?resize=30%2C30&#038;ssl=1\" alt=\"\" width=\"30\" height=\"30\" \/><\/td>\n<td>nincs jelen<\/td>\n<\/tr>\n<tr>\n<td><strong>F\u00e9rfi:<\/strong><\/td>\n<td><img data-recalc-dims=\"1\" loading=\"lazy\" decoding=\"async\" src=\"https:\/\/i0.wp.com\/www.antstore.net\/shop\/images\/icons\/ants\/maennchen.jpg?resize=30%2C30&#038;ssl=1\" alt=\"\" width=\"30\" height=\"30\" \/><\/td>\n<td><strong>M\u00e9ret:<\/strong> 2,5 - 3,2mm <strong>Sz\u00edn: <\/strong>mint a kir\u00e1lyn\u0151<\/td>\n<\/tr>\n<tr>\n<td><strong>\u00c9lelmiszer:<\/strong><\/td>\n<td><img data-recalc-dims=\"1\" loading=\"lazy\" decoding=\"async\" src=\"https:\/\/i0.wp.com\/www.antstore.net\/shop\/images\/icons\/ants\/nahrung.jpg?resize=30%2C30&#038;ssl=1\" alt=\"\" width=\"30\" height=\"30\" \/><\/td>\n<td>M\u00e9zoldat, cukoroldat, rovarok, pl. p\u00e1r sz\u00e1rny\u00fa rovarok, mint a legyek, sz\u00fanyogok.<\/td>\n<\/tr>\n<tr>\n<td><strong>P\u00e1ratartalom:<\/strong><\/td>\n<td><strong><img data-recalc-dims=\"1\" loading=\"lazy\" decoding=\"async\" src=\"https:\/\/i0.wp.com\/www.antstore.net\/shop\/images\/icons\/ants\/feuchtigkeit.jpg?resize=30%2C30&#038;ssl=1\" alt=\"\" width=\"30\" height=\"30\" \/><\/strong><\/td>\n<td><strong>Ar\u00e9na:<\/strong> 30 &#8211; 50% <strong>F\u00e9szkel\u0151ter\u00fclet: <\/strong>50 &#8211; 60%<\/td>\n<\/tr>\n<tr>\n<td><strong>H\u0151m\u00e9rs\u00e9klet:<\/strong><\/td>\n<td><strong><img data-recalc-dims=\"1\" loading=\"lazy\" decoding=\"async\" src=\"https:\/\/i0.wp.com\/www.antstore.net\/shop\/images\/icons\/ants\/temperatur.jpg?resize=30%2C30&#038;ssl=1\" alt=\"\" width=\"30\" height=\"30\" \/><\/strong><\/td>\n<td><strong>Ar\u00e9na:<\/strong> 18 - 28\u00b0C <strong>F\u00e9szkel\u0151ter\u00fclet: <\/strong>21- 24\u00b0C<\/td>\n<\/tr>\n<tr>\n<td><strong>T\u00e9li \u00e1lom:<\/strong><\/td>\n<td><img data-recalc-dims=\"1\" loading=\"lazy\" decoding=\"async\" src=\"https:\/\/i0.wp.com\/www.antstore.net\/shop\/images\/icons\/ants\/winterruhe.jpg?resize=30%2C30&#038;ssl=1\" alt=\"\" width=\"30\" height=\"30\" \/><\/td>\n<td>\u00a0 igen, okt\u00f3ber v\u00e9g\u00e9t\u0151l m\u00e1rcius v\u00e9g\u00e9ig 5-8\u00b0C-on.<\/td>\n<\/tr>\n<tr>\n<td><strong>F\u00e9szek t\u00edpusa:<\/strong><\/td>\n<td><\/td>\n<td>apr\u00f3 \u00e9l\u0151helyeket haszn\u00e1l, p\u00e9ld\u00e1ul makkokat, botokat, de k\u00e9reg alatt vagy holtf\u00e1ban is.<\/td>\n<\/tr>\n<tr>\n<td><strong>Formicarium t\u00edpus:<\/strong><\/td>\n<td><img data-recalc-dims=\"1\" loading=\"lazy\" decoding=\"async\" src=\"https:\/\/i0.wp.com\/www.antstore.net\/shop\/images\/icons\/ants\/formicarienart.jpg?resize=30%2C30&#038;ssl=1\" alt=\"\" width=\"30\" height=\"30\" \/><\/td>\n<td>\u00a0kis formicarium parafa f\u00e9szekkel<\/td>\n<\/tr>\n<tr>\n<td><strong>Formicarium m\u00e9rete:<\/strong><\/td>\n<td><strong><img data-recalc-dims=\"1\" loading=\"lazy\" decoding=\"async\" src=\"https:\/\/i0.wp.com\/www.antstore.net\/shop\/images\/icons\/ants\/formicariengroesse.jpg?resize=30%2C30&#038;ssl=1\" alt=\"\" width=\"30\" height=\"30\" \/><\/strong><\/td>\n<td><strong>M\u00e9ret:<\/strong><span style=\"color: #000000;\"> <strong>S<\/strong><\/span><\/td>\n<\/tr>\n<tr>\n<td><strong>Al\u00e1t\u00e9t:<\/strong><\/td>\n<td><strong><img data-recalc-dims=\"1\" loading=\"lazy\" decoding=\"async\" src=\"https:\/\/i0.wp.com\/www.antstore.net\/shop\/images\/icons\/ants\/substrat.jpg?resize=30%2C30&#038;ssl=1\" alt=\"\" width=\"30\" height=\"30\" \/><\/strong><\/td>\n<td><strong>Farm:<\/strong> Kork, Weichholz <strong>Ar\u00e9na: <\/strong>Sand-Lehm<\/td>\n<\/tr>\n<tr>\n<td><strong>\u00dcltet\u00e9s:<\/strong><\/td>\n<td><img data-recalc-dims=\"1\" loading=\"lazy\" decoding=\"async\" src=\"https:\/\/i0.wp.com\/www.antstore.net\/shop\/images\/icons\/ants\/bepflanzung.jpg?resize=30%2C30&#038;ssl=1\" alt=\"\" width=\"30\" height=\"30\" \/><\/td>\n<td>nem sz\u00fcks\u00e9ges<\/td>\n<\/tr>\n<tr>\n<td><strong>D\u00edsz\u00edt\u00e9s:<\/strong><\/td>\n<td><img data-recalc-dims=\"1\" loading=\"lazy\" decoding=\"async\" src=\"https:\/\/i0.wp.com\/www.antstore.net\/shop\/images\/icons\/ants\/dekoration.jpg?resize=30%2C30&#038;ssl=1\" alt=\"\" width=\"30\" height=\"30\" \/><\/td>\n<td>\u00e1gak, gy\u00f6kerek, t\u0171levelek, makk, lev\u00e9lszem\u00e9t<\/td>\n<\/tr>\n<tr>\n<td><strong>Le\u00edr\u00e1s:<\/strong><\/td>\n<td><img data-recalc-dims=\"1\" loading=\"lazy\" decoding=\"async\" src=\"https:\/\/i0.wp.com\/www.antstore.net\/shop\/images\/icons\/ants\/beschreibung.jpg?resize=30%2C30&#038;ssl=1\" alt=\"\" width=\"30\" height=\"30\" \/><\/td>\n<td>Rendk\u00edv\u00fcl kicsi, \u00e9rdekes hangy\u00e1k. A kol\u00f3nia m\u00e9rete \u00e1ltal\u00e1ban nem haladja meg a 200 dolgoz\u00f3t. Egy eg\u00e9sz kol\u00f3nia gyakran egy makkban vagy egy k\u00e9regdarabban \u00e9l. Nagyon akt\u00edvak \u00e9s sz\u00e9p l\u00e1tv\u00e1nyt ny\u00fajtanak. Ker\u00fcli a konfliktusokat m\u00e1s hangy\u00e1kkal, ez\u00e9rt nagyon j\u00f3l szocializ\u00e1lhat\u00f3 m\u00e1s nagyobb fajokkal. Figyelem! Mivel a Temnothorax k\u00f6zvetlen\u00fcl a talajon \u00e9l, a kol\u00f3ni\u00e1nak napi h\u0151m\u00e9rs\u00e9kletv\u00e1ltoz\u00e1sokra van sz\u00fcks\u00e9ge. Fontos a nappali \u00e9s \u00e9jszakai h\u0151m\u00e9rs\u00e9klet, valamint a ny\u00e1ri \u00e9s t\u00e9li h\u0151m\u00e9rs\u00e9klet viszonylag re\u00e1lis \u00e1br\u00e1zol\u00e1sa.<br \/>\nNagyon ellen\u00e1ll\u00f3 a hideggel szemben! A Temnothorax minden gond \u00e9s \u00f3vint\u00e9zked\u00e9s n\u00e9lk\u00fcl tarthat\u00f3 a szabadban vagy teleltethet\u0151.<\/td>\n<\/tr>\n<tr>\n<td><strong>Fejleszt\u00e9s:<\/strong><\/td>\n<td><strong><img data-recalc-dims=\"1\" loading=\"lazy\" decoding=\"async\" src=\"https:\/\/i0.wp.com\/www.antstore.net\/shop\/images\/icons\/ants\/entwicklung.jpg?resize=30%2C30&#038;ssl=1\" alt=\"\" width=\"30\" height=\"30\" \/><\/strong><\/td>\n<td><strong>N\u00e1szrep\u00fcl\u00e9s: <\/strong>j\u00falius k\u00f6zep\u00e9t\u0151l szeptember v\u00e9g\u00e9ig a meleg ny\u00e1ri est\u00e9ken<br \/>\n<strong>Alap\u00edtv\u00e1ny: <\/strong>erfolgt claustral (ohne F\u00fctterung) aber auch Pleometrose oder Adoption sind m\u00f6glich.<br \/>\n<strong>Telepm\u00e9ret:\u00a0 <\/strong>ritk\u00e1n legfeljebb 100 munkav\u00e1llal\u00f3 19 \u00e9ves korig<\/td>\n<\/tr>\n<tr>\n<td><strong>Mennyis\u00e9g:<\/strong><\/td>\n<td><img data-recalc-dims=\"1\" loading=\"lazy\" decoding=\"async\" src=\"https:\/\/i0.wp.com\/www.antstore.net\/shop\/images\/icons\/ants\/menge.jpg?resize=30%2C30&#038;ssl=1\" alt=\"\" width=\"30\" height=\"30\" \/><\/td>\n<td>p\u00e1rosodott kir\u00e1lyn\u0151 \u00e9s dolgoz\u00f3k (l\u00e1sd a szelekci\u00f3t); k\u00f6lt\u00e9s (az \u00e9vszakt\u00f3l \u00e9s a fejl\u0151d\u00e9st\u0151l f\u00fcgg\u0151en v\u00e1ltozik).<\/td>\n<\/tr>\n<tr>\n<td><strong>Weblinkek:<\/strong><\/td>\n<td><a href=\"http:\/\/www.antstore.net\/viewforum.php?f=9\"><span style=\"color: #0000ff;\"><img data-recalc-dims=\"1\" loading=\"lazy\" decoding=\"async\" src=\"https:\/\/i0.wp.com\/www.antstore.net\/shop\/images\/icons\/ants\/weblinks.jpg?resize=30%2C30&#038;ssl=1\" alt=\"\" width=\"30\" height=\"30\" \/><\/span><\/a><\/td>\n<td><a href=\"http:\/\/www.antstore.net\/viewforum.php?f=124\"><span style=\"color: #0000ff;\">- F\u00f3rum<\/span><\/a><\/p>\n<p><span style=\"color: #0000ff;\"><a href=\"http:\/\/www.antweb.org\/description.do?name=mimicus&amp;genus=myrmecocystus&amp;rank=species&amp;project=bajaants\">- Forr\u00e1shivatkoz\u00e1s<\/a><\/span><\/td>\n<\/tr>\n<\/tbody>\n<\/table>\n<p>&nbsp;<\/p>","protected":false},"excerpt":{"rendered":"<p>Tart\u00e1si szint 1 - nagyon kis fajok<br \/>\nM\u00e9ret:<span style=\"color: #000000;\"> <strong>S<\/strong><\/span><\/p>","protected":false},"featured_media":3310,"comment_status":"open","ping_status":"closed","template":"","meta":{"_acf_changed":false,"content-type":"","_monsterinsights_skip_tracking":false,"_monsterinsights_sitenote_active":false,"_monsterinsights_sitenote_note":"","_monsterinsights_sitenote_category":0},"product_brand":[],"product_cat":[107,108,109],"product_tag":[],"class_list":{"0":"post-3275","1":"product","2":"type-product","3":"status-publish","4":"has-post-thumbnail","6":"product_cat-ants","7":"product_cat-northern-europe","8":"product_cat-southern-europe","10":"first","11":"instock","12":"product-type-external"},"acf":[],"aioseo_notices":[],"jetpack_sharing_enabled":true,"_links":{"self":[{"href":"https:\/\/antcube.shop\/hu\/wp-json\/wp\/v2\/product\/3275","targetHints":{"allow":["GET"]}}],"collection":[{"href":"https:\/\/antcube.shop\/hu\/wp-json\/wp\/v2\/product"}],"about":[{"href":"https:\/\/antcube.shop\/hu\/wp-json\/wp\/v2\/types\/product"}],"replies":[{"embeddable":true,"href":"https:\/\/antcube.shop\/hu\/wp-json\/wp\/v2\/comments?post=3275"}],"wp:featuredmedia":[{"embeddable":true,"href":"https:\/\/antcube.shop\/hu\/wp-json\/wp\/v2\/media\/3310"}],"wp:attachment":[{"href":"https:\/\/antcube.shop\/hu\/wp-json\/wp\/v2\/media?parent=3275"}],"wp:term":[{"taxonomy":"product_brand","embeddable":true,"href":"https:\/\/antcube.shop\/hu\/wp-json\/wp\/v2\/product_brand?post=3275"},{"taxonomy":"product_cat","embeddable":true,"href":"https:\/\/antcube.shop\/hu\/wp-json\/wp\/v2\/product_cat?post=3275"},{"taxonomy":"product_tag","embeddable":true,"href":"https:\/\/antcube.shop\/hu\/wp-json\/wp\/v2\/product_tag?post=3275"}],"curies":[{"name":"wp","href":"https:\/\/api.w.org\/{rel}","templated":true}]}}