{"id":3169,"date":"2021-11-08T10:47:59","date_gmt":"2021-11-08T09:47:59","guid":{"rendered":"https:\/\/antcube.shop\/produkt\/fuhrungsleisten-l-20-2-st\/"},"modified":"2026-04-20T09:57:27","modified_gmt":"2026-04-20T07:57:27","slug":"fuhrungsleisten-l-20-2-st","status":"publish","type":"product","link":"https:\/\/antcube.shop\/hu\/termek\/fuhrungsleisten-l-20-2-st\/","title":{"rendered":"Vezet\u0151s\u00ednek L 20 - 2 db."},"content":{"rendered":"<p><strong>M\u00e9retek:<\/strong> 4x20x160mm<\/p>\n<p><strong>Tartalom:<\/strong> 2x vezet\u0151s\u00edn<\/p>\n<p><strong>Anyag:<\/strong> PMMA<\/p>\n<p><strong>Sz\u00edn:<\/strong> tiszta, \u00e1tl\u00e1tsz\u00f3<\/p>\n<p><strong>Le\u00edr\u00e1s:<\/strong> A vezet\u0151s\u00ednek lehet\u0151v\u00e9 teszik a f\u00e9szekbet\u00e9tek \/ f\u00e9szeklemezek pontos behelyez\u00e9s\u00e9t a kombi ar\u00e9n\u00e1kba vagy fali farmokba L vagy 20 mm-es f\u00e9szeksz\u00e9less\u00e9ggel.<\/p>","protected":false},"excerpt":{"rendered":"<p>Parafa \u00e9s gipsz\/gipsz f\u00e9szekhez, ha ANTCUBE kombiben helyezik el.<\/p>","protected":false},"featured_media":2994,"comment_status":"open","ping_status":"closed","template":"","meta":{"_acf_changed":false,"content-type":"","_monsterinsights_skip_tracking":false,"_monsterinsights_sitenote_active":false,"_monsterinsights_sitenote_note":"","_monsterinsights_sitenote_category":0},"product_brand":[],"product_cat":[119,239],"product_tag":[],"class_list":{"0":"post-3169","1":"product","2":"type-product","3":"status-publish","4":"has-post-thumbnail","6":"product_cat-formicarium-components","7":"product_cat-useful-additions","9":"first","10":"instock","11":"taxable","12":"shipping-taxable","13":"purchasable","14":"product-type-simple"},"acf":[],"aioseo_notices":[],"jetpack_sharing_enabled":true,"_links":{"self":[{"href":"https:\/\/antcube.shop\/hu\/wp-json\/wp\/v2\/product\/3169","targetHints":{"allow":["GET"]}}],"collection":[{"href":"https:\/\/antcube.shop\/hu\/wp-json\/wp\/v2\/product"}],"about":[{"href":"https:\/\/antcube.shop\/hu\/wp-json\/wp\/v2\/types\/product"}],"replies":[{"embeddable":true,"href":"https:\/\/antcube.shop\/hu\/wp-json\/wp\/v2\/comments?post=3169"}],"wp:featuredmedia":[{"embeddable":true,"href":"https:\/\/antcube.shop\/hu\/wp-json\/wp\/v2\/media\/2994"}],"wp:attachment":[{"href":"https:\/\/antcube.shop\/hu\/wp-json\/wp\/v2\/media?parent=3169"}],"wp:term":[{"taxonomy":"product_brand","embeddable":true,"href":"https:\/\/antcube.shop\/hu\/wp-json\/wp\/v2\/product_brand?post=3169"},{"taxonomy":"product_cat","embeddable":true,"href":"https:\/\/antcube.shop\/hu\/wp-json\/wp\/v2\/product_cat?post=3169"},{"taxonomy":"product_tag","embeddable":true,"href":"https:\/\/antcube.shop\/hu\/wp-json\/wp\/v2\/product_tag?post=3169"}],"curies":[{"name":"wp","href":"https:\/\/api.w.org\/{rel}","templated":true}]}}