{"id":3168,"date":"2021-11-08T10:47:51","date_gmt":"2021-11-08T09:47:51","guid":{"rendered":"https:\/\/antcube.shop\/produkt\/glaswanne-20x20\/"},"modified":"2026-03-30T12:22:07","modified_gmt":"2026-03-30T10:22:07","slug":"glaswanne-20x20","status":"publish","type":"product","link":"https:\/\/antcube.shop\/hu\/termek\/glaswanne-20x20\/","title":{"rendered":"\u00dcvegk\u00e1d 20\u00d720"},"content":{"rendered":"<p><strong>M\u00e9retek:<\/strong> 22 x 22 x 2 cm<br \/>\n<strong>Bels\u0151 m\u00e9ret:<\/strong> 21 x 21 x 1,6 cm<\/p>\n<p><strong>Tartalom:<\/strong><br \/>\n1x k\u00e1d 22x22x2 cm 4mm-es float \u00fcvegb\u0151l.<\/p>\n<p><strong>Le\u00edr\u00e1s:<\/strong><br \/>\nAz \u00fcvegk\u00e1dnak nincsenek lyukai, v\u00edz\u00e1ll\u00f3an ragasztott, ez\u00e9rt v\u00edzzel is t\u00f6lthet\u0151. A hangy\u00e1k sz\u00e1m\u00e1ra k\u00e9sz\u00fclt Ytong f\u00e9szkek sz\u00e1m\u00e1ra tervezt\u00fck. Ezeket k\u00f6nnyen lehet \u00f6nt\u00f6zni \u00e9s mozgatni an\u00e9lk\u00fcl, hogy a v\u00edz az alatta l\u00e9v\u0151 fel\u00fcletre (asztal, szekr\u00e9ny stb.) ker\u00fclne, vagy hogy a durva Ytong megkarcoln\u00e1 az alatta l\u00e9v\u0151 fel\u00fcleteket. Opcion\u00e1lisan a k\u00fcl\u00f6nb\u00f6z\u0151 f\u00e9szkek szigetk\u00e9nt k\u00f6z\u00e9pre helyezhet\u0151k.<\/p>","protected":false},"excerpt":{"rendered":"<p>\u00dcvegk\u00e1d a mi Ytong f\u00e9szk\u00fcnkh\u00f6z 20\u00d720<\/p>","protected":false},"featured_media":3005,"comment_status":"open","ping_status":"closed","template":"","meta":{"_acf_changed":false,"content-type":"","_monsterinsights_skip_tracking":false,"_monsterinsights_sitenote_active":false,"_monsterinsights_sitenote_note":"","_monsterinsights_sitenote_category":0},"product_brand":[],"product_cat":[119,239],"product_tag":[],"class_list":{"0":"post-3168","1":"product","2":"type-product","3":"status-publish","4":"has-post-thumbnail","6":"product_cat-formicarium-components","7":"product_cat-useful-additions","9":"first","10":"instock","11":"taxable","12":"shipping-taxable","13":"purchasable","14":"product-type-simple"},"acf":[],"aioseo_notices":[],"jetpack_sharing_enabled":true,"_links":{"self":[{"href":"https:\/\/antcube.shop\/hu\/wp-json\/wp\/v2\/product\/3168","targetHints":{"allow":["GET"]}}],"collection":[{"href":"https:\/\/antcube.shop\/hu\/wp-json\/wp\/v2\/product"}],"about":[{"href":"https:\/\/antcube.shop\/hu\/wp-json\/wp\/v2\/types\/product"}],"replies":[{"embeddable":true,"href":"https:\/\/antcube.shop\/hu\/wp-json\/wp\/v2\/comments?post=3168"}],"wp:featuredmedia":[{"embeddable":true,"href":"https:\/\/antcube.shop\/hu\/wp-json\/wp\/v2\/media\/3005"}],"wp:attachment":[{"href":"https:\/\/antcube.shop\/hu\/wp-json\/wp\/v2\/media?parent=3168"}],"wp:term":[{"taxonomy":"product_brand","embeddable":true,"href":"https:\/\/antcube.shop\/hu\/wp-json\/wp\/v2\/product_brand?post=3168"},{"taxonomy":"product_cat","embeddable":true,"href":"https:\/\/antcube.shop\/hu\/wp-json\/wp\/v2\/product_cat?post=3168"},{"taxonomy":"product_tag","embeddable":true,"href":"https:\/\/antcube.shop\/hu\/wp-json\/wp\/v2\/product_tag?post=3168"}],"curies":[{"name":"wp","href":"https:\/\/api.w.org\/{rel}","templated":true}]}}