{"id":3162,"date":"2021-11-08T10:46:52","date_gmt":"2021-11-08T09:46:52","guid":{"rendered":"https:\/\/antcube.shop\/produkt\/antcube-eck-plattform-8x8-magnet\/"},"modified":"2026-04-14T14:05:22","modified_gmt":"2026-04-14T12:05:22","slug":"antcube-eck-platform-8x8-magnes","status":"publish","type":"product","link":"https:\/\/antcube.shop\/hu\/termek\/antcube-eck-platform-8x8-magnes\/","title":{"rendered":"ANTCUBE sarokplatform 8\u00d78 - m\u00e1gneses"},"content":{"rendered":"<p><strong>M\u00e9retek:<\/strong> 80 x 80 x 22 mm<\/p>\n<p><strong>Anyag:<\/strong> akril\u00fcveg<\/p>\n<p><strong>Sz\u00edn:<\/strong> \u00e1tl\u00e1tsz\u00f3<\/p>\n<p><strong>Tartalom:<\/strong> 1 db. (3 r\u00e9sz)<\/p>\n<p><strong>Le\u00edr\u00e1s:<\/strong><br \/>\nAz ANTCUBE 8\u00d78 - m\u00e1gneses sarokplatform a m\u00e1gnesek seg\u00edts\u00e9g\u00e9vel b\u00e1rmilyen formik\u00e1riumban r\u00f6gz\u00edthet\u0151. K\u00fcl\u00f6n\u00f6sen alkalmas a magasabb ANTCUBE formik\u00e1riumainkban, hogy etet\u0151ket, t\u00e1lakat vagy itat\u00f3kat helyezzenek el rajta.<br \/>\nAz ANTCUBE sarokplatform 8\u00d78 - M\u00e1gneses a k\u00edv\u00e1nt magass\u00e1gba vagy m\u00e9lys\u00e9gbe mozgathat\u00f3 a m\u00e1gnesek seg\u00edts\u00e9g\u00e9vel k\u00edv\u00fclr\u0151l t\u00f6rt\u00e9n\u0151 r\u00f6gz\u00edt\u00e9ssel.<\/p>\n<p><strong>\u00c9rtes\u00edt\u00e9s:<\/strong><br \/>\nA gy\u00e1rt\u00e1si folyamat miatt a m\u00e1gneses r\u00e9szeken enyhe vagy k\u00f6zepes reped\u00e9sek lehetnek.<\/p>\n<p>&nbsp;<\/p>","protected":false},"excerpt":{"rendered":"<p>M\u00e9retek: Sz\u00edn: \u00e1tl\u00e1tsz\u00f3 Tartalom: 80 x 80 x 22 mm Anyag: akril\u00fcveg Sz\u00edn: \u00e1tl\u00e1tsz\u00f3: Le\u00edr\u00e1s: 1 db (3 r\u00e9sz): Az ANTCUBE sarokplatform 8x8 - m\u00e1gneses a m\u00e1gnesek seg\u00edts\u00e9g\u00e9vel b\u00e1rmilyen formik\u00e1riumban r\u00f6gz\u00edthet\u0151. K\u00fcl\u00f6n\u00f6sen alkalmas a magasabb ANTCUBE formik\u00e1riumainkban, hogy etet\u0151ket, t\u00e1lakat vagy itat\u00f3kat helyezhess\u00fcnk r\u00e1. A","protected":false},"featured_media":3140,"comment_status":"open","ping_status":"closed","template":"","meta":{"_acf_changed":false,"content-type":"","_monsterinsights_skip_tracking":false,"_monsterinsights_sitenote_active":false,"_monsterinsights_sitenote_note":"","_monsterinsights_sitenote_category":0},"product_brand":[],"product_cat":[119,239],"product_tag":[],"class_list":{"0":"post-3162","1":"product","2":"type-product","3":"status-publish","4":"has-post-thumbnail","6":"product_cat-formicarium-components","7":"product_cat-useful-additions","9":"first","10":"instock","11":"taxable","12":"shipping-taxable","13":"purchasable","14":"product-type-simple"},"acf":[],"aioseo_notices":[],"jetpack_sharing_enabled":true,"_links":{"self":[{"href":"https:\/\/antcube.shop\/hu\/wp-json\/wp\/v2\/product\/3162","targetHints":{"allow":["GET"]}}],"collection":[{"href":"https:\/\/antcube.shop\/hu\/wp-json\/wp\/v2\/product"}],"about":[{"href":"https:\/\/antcube.shop\/hu\/wp-json\/wp\/v2\/types\/product"}],"replies":[{"embeddable":true,"href":"https:\/\/antcube.shop\/hu\/wp-json\/wp\/v2\/comments?post=3162"}],"wp:featuredmedia":[{"embeddable":true,"href":"https:\/\/antcube.shop\/hu\/wp-json\/wp\/v2\/media\/3140"}],"wp:attachment":[{"href":"https:\/\/antcube.shop\/hu\/wp-json\/wp\/v2\/media?parent=3162"}],"wp:term":[{"taxonomy":"product_brand","embeddable":true,"href":"https:\/\/antcube.shop\/hu\/wp-json\/wp\/v2\/product_brand?post=3162"},{"taxonomy":"product_cat","embeddable":true,"href":"https:\/\/antcube.shop\/hu\/wp-json\/wp\/v2\/product_cat?post=3162"},{"taxonomy":"product_tag","embeddable":true,"href":"https:\/\/antcube.shop\/hu\/wp-json\/wp\/v2\/product_tag?post=3162"}],"curies":[{"name":"wp","href":"https:\/\/api.w.org\/{rel}","templated":true}]}}