{"id":3161,"date":"2021-11-08T10:46:44","date_gmt":"2021-11-08T09:46:44","guid":{"rendered":"https:\/\/antcube.shop\/produkt\/malvenbluten-100g-getrocknet\/"},"modified":"2026-04-02T17:28:49","modified_gmt":"2026-04-02T15:28:49","slug":"malvenbluten-100g-getrocknet","status":"publish","type":"product","link":"https:\/\/antcube.shop\/hu\/termek\/malvenbluten-100g-getrocknet\/","title":{"rendered":"M\u00e1lyva vir\u00e1g 100g - sz\u00e1r\u00edtott"},"content":{"rendered":"<p><strong>Tartalom:<\/strong><br \/>\n100 g sz\u00e1r\u00edtott m\u00e1lyva vir\u00e1g<\/p>\n<p><strong>Le\u00edr\u00e1s:<\/strong><br \/>\nA m\u00e1lyva vir\u00e1gai, mint a gombaf\u00e9l\u00e9ket teny\u00e9szt\u0151 hangyafajok teny\u00e9sz\u0151helyei. Ez egy tiszt\u00e1n term\u00e9szetes term\u00e9k.<\/p>\n<p><strong>Haszn\u00e1lat:<\/strong><br \/>\nM\u00e1lyva vir\u00e1gai = gombateny\u00e9szt\u0151 hangyafajok sz\u00e1m\u00e1ra.<br \/>\nA kisz\u00e1radt vir\u00e1gok csak t\u00e1ptalajul szolg\u00e1lnak a lev\u00e9lv\u00e1g\u00f3 hangy\u00e1k gomb\u00e1j\u00e1nak (aj\u00e1nlatos ugyanakkor friss leveleket k\u00edn\u00e1lni hidrat\u00e1l\u00f3k\u00e9nt).<br \/>\nEgyszer\u0171en helyezze az etetni k\u00edv\u00e1nt vir\u00e1gokat egy sz\u00e1razt\u00e1p-kamr\u00e1ba.<\/p>\n<p><strong>T\u00e1rol\u00e1s:<\/strong><br \/>\nSz\u00e1raz k\u00f6rnyezetben<\/p>\n<p><strong>Tartalmazza:<\/strong><br \/>\n100% sz\u00e1r\u00edtott m\u00e1lyva vir\u00e1g<\/p>","protected":false},"excerpt":{"rendered":"<p>Tartalom: Le\u00edr\u00e1s: 100g sz\u00e1r\u00edtott m\u00e1lyva vir\u00e1gok: A m\u00e1lyva vir\u00e1gai a gomb\u00e1s hangyafajok teny\u00e9sz\u0151helyek\u00e9nt. Tiszt\u00e1n term\u00e9szetes term\u00e9k. Felhaszn\u00e1l\u00e1s: A m\u00e1lyvaf\u0171 \u00e9s a m\u00e1lyvaf\u0171szeg, valamint a m\u00e1lyvaf\u0171 \u00e9s a m\u00e1lyvaf\u0171szeg k\u00f6z\u00f6tt: M\u00e1lyva vir\u00e1g = gomb\u00e1kat teny\u00e9szt\u0151 hangyafajok sz\u00e1m\u00e1ra. A sz\u00e1r\u00edtott vir\u00e1gok csak a lev\u00e9lv\u00e1g\u00f3 hangy\u00e1k gombafajok teny\u00e9sz\u0151hely\u00e9\u00fcl szolg\u00e1lnak (a friss leveleket hidrat\u00e1l\u00f3szerk\u00e9nt k\u00edn\u00e1lva egy\u00fattal [...].","protected":false},"featured_media":5483,"comment_status":"open","ping_status":"closed","template":"","meta":{"_acf_changed":false,"content-type":"","_monsterinsights_skip_tracking":false,"_monsterinsights_sitenote_active":false,"_monsterinsights_sitenote_note":"","_monsterinsights_sitenote_category":0},"product_brand":[],"product_cat":[115,116],"product_tag":[],"class_list":{"0":"post-3161","1":"product","2":"type-product","3":"status-publish","4":"has-post-thumbnail","6":"product_cat-food-and-feeding","7":"product_cat-food","9":"first","10":"instock","11":"taxable","12":"shipping-taxable","13":"purchasable","14":"product-type-simple"},"acf":[],"aioseo_notices":[],"jetpack_sharing_enabled":true,"_links":{"self":[{"href":"https:\/\/antcube.shop\/hu\/wp-json\/wp\/v2\/product\/3161","targetHints":{"allow":["GET"]}}],"collection":[{"href":"https:\/\/antcube.shop\/hu\/wp-json\/wp\/v2\/product"}],"about":[{"href":"https:\/\/antcube.shop\/hu\/wp-json\/wp\/v2\/types\/product"}],"replies":[{"embeddable":true,"href":"https:\/\/antcube.shop\/hu\/wp-json\/wp\/v2\/comments?post=3161"}],"wp:featuredmedia":[{"embeddable":true,"href":"https:\/\/antcube.shop\/hu\/wp-json\/wp\/v2\/media\/5483"}],"wp:attachment":[{"href":"https:\/\/antcube.shop\/hu\/wp-json\/wp\/v2\/media?parent=3161"}],"wp:term":[{"taxonomy":"product_brand","embeddable":true,"href":"https:\/\/antcube.shop\/hu\/wp-json\/wp\/v2\/product_brand?post=3161"},{"taxonomy":"product_cat","embeddable":true,"href":"https:\/\/antcube.shop\/hu\/wp-json\/wp\/v2\/product_cat?post=3161"},{"taxonomy":"product_tag","embeddable":true,"href":"https:\/\/antcube.shop\/hu\/wp-json\/wp\/v2\/product_tag?post=3161"}],"curies":[{"name":"wp","href":"https:\/\/api.w.org\/{rel}","templated":true}]}}