{"id":3159,"date":"2021-11-08T10:46:28","date_gmt":"2021-11-08T09:46:28","guid":{"rendered":"https:\/\/antcube.shop\/produkt\/rosenblutenblatter-100g-getrocknet\/"},"modified":"2026-04-15T14:52:20","modified_gmt":"2026-04-15T12:52:20","slug":"rosenblutenblatter-100g-getrocknet","status":"publish","type":"product","link":"https:\/\/antcube.shop\/hu\/termek\/rosenblutenblatter-100g-getrocknet\/","title":{"rendered":"R\u00f3zsaszirmok 100g - sz\u00e1r\u00edtva"},"content":{"rendered":"<p><strong>Tartalom:<\/strong><br \/>\n100g sz\u00e1r\u00edtott r\u00f3zsaszirmok<\/p>\n<p><strong>Le\u00edr\u00e1s:<\/strong><br \/>\nA r\u00f3zsaszirmok mint a gombateny\u00e9szt\u0151 hangyafajok teny\u00e9sz\u0151helyei. Ez egy tiszt\u00e1n term\u00e9szetes term\u00e9k.<\/p>\n<p><strong>Haszn\u00e1lat:<\/strong><br \/>\nR\u00f3zsaszirmok = gombateny\u00e9szt\u0151 hangyafajok sz\u00e1m\u00e1ra.<br \/>\nA sz\u00e1raz szirmok csak t\u00e1ptalajul szolg\u00e1lnak a lev\u00e9lfog\u00f3 hangy\u00e1k gomb\u00e1j\u00e1nak (aj\u00e1nlatos ugyanakkor friss leveleket k\u00edn\u00e1lni hidrat\u00e1l\u00f3k\u00e9nt).<br \/>\nEgyszer\u0171en helyezze az etetend\u0151 szirmokat egy sz\u00e1razeledel-kamr\u00e1ba.<\/p>\n<p><strong>T\u00e1rol\u00e1s:<\/strong><br \/>\nSz\u00e1raz k\u00f6rnyezetben<\/p>\n<p><strong>Tartalmazza:<\/strong><br \/>\n100% sz\u00e1r\u00edtott r\u00f3zsaszirmok<\/p>","protected":false},"excerpt":{"rendered":"<p>Contents: 100g dried rose petals Description: Rose petals as a breeding ground for fungus-breeding ant species. It is a purely natural product. Usage: Rose petals = for fungus breeding ant species. The dry petals only serve as a breeding ground for the fungus of leafcutter ants (offering fresh leafs as a moisturizer at the same [&#8230;]","protected":false},"featured_media":5485,"comment_status":"open","ping_status":"closed","template":"","meta":{"_acf_changed":false,"content-type":"","_monsterinsights_skip_tracking":false,"_monsterinsights_sitenote_active":false,"_monsterinsights_sitenote_note":"","_monsterinsights_sitenote_category":0},"product_brand":[],"product_cat":[115,116],"product_tag":[],"class_list":{"0":"post-3159","1":"product","2":"type-product","3":"status-publish","4":"has-post-thumbnail","6":"product_cat-food-and-feeding","7":"product_cat-food","9":"first","10":"instock","11":"taxable","12":"shipping-taxable","13":"purchasable","14":"product-type-simple"},"acf":[],"aioseo_notices":[],"jetpack_sharing_enabled":true,"_links":{"self":[{"href":"https:\/\/antcube.shop\/hu\/wp-json\/wp\/v2\/product\/3159","targetHints":{"allow":["GET"]}}],"collection":[{"href":"https:\/\/antcube.shop\/hu\/wp-json\/wp\/v2\/product"}],"about":[{"href":"https:\/\/antcube.shop\/hu\/wp-json\/wp\/v2\/types\/product"}],"replies":[{"embeddable":true,"href":"https:\/\/antcube.shop\/hu\/wp-json\/wp\/v2\/comments?post=3159"}],"wp:featuredmedia":[{"embeddable":true,"href":"https:\/\/antcube.shop\/hu\/wp-json\/wp\/v2\/media\/5485"}],"wp:attachment":[{"href":"https:\/\/antcube.shop\/hu\/wp-json\/wp\/v2\/media?parent=3159"}],"wp:term":[{"taxonomy":"product_brand","embeddable":true,"href":"https:\/\/antcube.shop\/hu\/wp-json\/wp\/v2\/product_brand?post=3159"},{"taxonomy":"product_cat","embeddable":true,"href":"https:\/\/antcube.shop\/hu\/wp-json\/wp\/v2\/product_cat?post=3159"},{"taxonomy":"product_tag","embeddable":true,"href":"https:\/\/antcube.shop\/hu\/wp-json\/wp\/v2\/product_tag?post=3159"}],"curies":[{"name":"wp","href":"https:\/\/api.w.org\/{rel}","templated":true}]}}