{"id":3155,"date":"2021-11-08T10:46:04","date_gmt":"2021-11-08T09:46:04","guid":{"rendered":"https:\/\/antcube.shop\/produkt\/kornerfutter-media-in-2ml-futterrohrchen-10-st\/"},"modified":"2026-03-31T18:19:14","modified_gmt":"2026-03-31T16:19:14","slug":"kornerfutter-media-in-2ml-futterrohrchen-10-st","status":"publish","type":"product","link":"https:\/\/antcube.shop\/hu\/termek\/kornerfutter-media-in-2ml-futterrohrchen-10-st\/","title":{"rendered":"Gabonat\u00e1p Media 2ml-es etet\u0151cs\u00f6vekben - 10 db."},"content":{"rendered":"<p><strong>Tartalom:<\/strong> 10x 2 ml<\/p>\n<p><strong>Le\u00edr\u00e1s:<\/strong> K\u00f6zepes m\u00e9ret\u0171 szemek\/magvak a gabonagy\u0171jt\u0151 hangyafajok, p\u00e9ld\u00e1ul a Messor nemzets\u00e9ghez tartoz\u00f3 hangyafajok nagyobb kol\u00f3ni\u00e1i sz\u00e1m\u00e1ra, amelyek m\u00e1r tartalmaznak m\u00e9diamunk\u00e1sokat.<\/p>\n<p><strong>Alkalmaz\u00e1s:<\/strong> Az etet\u0151cs\u0151 eg\u00e9szben is elhelyezhet\u0151 a formik\u00e1riumban, vagy sz\u00fcks\u00e9g szerint\/ a kol\u00f3nia m\u00e9ret\u00e9nek megfelel\u0151en kisebb mennyis\u00e9geket adhatunk egy etet\u0151t\u00e1lba. A szemeket els\u0151sorban a szemgy\u0171jt\u0151 fajok fogadj\u00e1k el, mint p\u00e9ld\u00e1ul a Messor vagy a Pheidole nemzets\u00e9ghez tartoz\u00f3 fajok.<\/p>\n<p><strong>\u00c9rtes\u00edt\u00e9s:<\/strong><br \/>\nA t\u00e1pszond\u00e1k haszn\u00e1lat\u00e1val kapcsolatos inform\u00e1ci\u00f3k itt tal\u00e1lhat\u00f3k: Link<br \/>\nKieg\u00e9sz\u00edt\u0151 t\u00e1pl\u00e1l\u00e9k a gabonafal\u00f3 hangy\u00e1k sz\u00e1m\u00e1ra.<br \/>\nAz \u00f6sszet\u00e9telt, az analitikai \u00f6sszetev\u0151ket, a min\u0151s\u00e9gmeg\u0151rz\u00e9si id\u0151t \u00e9s a t\u00e9telsz\u00e1mot l\u00e1sd a betegt\u00e1j\u00e9koztat\u00f3ban.<\/p>\n<p>Inform\u00e1ci\u00f3s forr\u00f3dr\u00f3t +49 30 439703870<\/p>\n<p>Felel\u0151s \u00e1llat-eg\u00e9szs\u00e9g\u00fcgyi \u00e9s \u00e9lelmiszer-fel\u00fcgyeleti hat\u00f3s\u00e1g:<br \/>\nSteglitz \u00e1llatorvosi rendel\u0151<br \/>\nK\u00f6nigin-Luise-Str. 92<br \/>\n14195 Berlin<\/p>","protected":false},"excerpt":{"rendered":"<p>Kieg\u00e9sz\u00edt\u0151 \u00e9lelmiszerek<\/p>","protected":false},"featured_media":3150,"comment_status":"open","ping_status":"closed","template":"","meta":{"_acf_changed":false,"content-type":"","_monsterinsights_skip_tracking":false,"_monsterinsights_sitenote_active":false,"_monsterinsights_sitenote_note":"","_monsterinsights_sitenote_category":0},"product_brand":[],"product_cat":[115,116],"product_tag":[],"class_list":{"0":"post-3155","1":"product","2":"type-product","3":"status-publish","4":"has-post-thumbnail","6":"product_cat-food-and-feeding","7":"product_cat-food","9":"first","10":"instock","11":"taxable","12":"shipping-taxable","13":"purchasable","14":"product-type-simple"},"acf":[],"aioseo_notices":[],"jetpack_sharing_enabled":true,"_links":{"self":[{"href":"https:\/\/antcube.shop\/hu\/wp-json\/wp\/v2\/product\/3155","targetHints":{"allow":["GET"]}}],"collection":[{"href":"https:\/\/antcube.shop\/hu\/wp-json\/wp\/v2\/product"}],"about":[{"href":"https:\/\/antcube.shop\/hu\/wp-json\/wp\/v2\/types\/product"}],"replies":[{"embeddable":true,"href":"https:\/\/antcube.shop\/hu\/wp-json\/wp\/v2\/comments?post=3155"}],"wp:featuredmedia":[{"embeddable":true,"href":"https:\/\/antcube.shop\/hu\/wp-json\/wp\/v2\/media\/3150"}],"wp:attachment":[{"href":"https:\/\/antcube.shop\/hu\/wp-json\/wp\/v2\/media?parent=3155"}],"wp:term":[{"taxonomy":"product_brand","embeddable":true,"href":"https:\/\/antcube.shop\/hu\/wp-json\/wp\/v2\/product_brand?post=3155"},{"taxonomy":"product_cat","embeddable":true,"href":"https:\/\/antcube.shop\/hu\/wp-json\/wp\/v2\/product_cat?post=3155"},{"taxonomy":"product_tag","embeddable":true,"href":"https:\/\/antcube.shop\/hu\/wp-json\/wp\/v2\/product_tag?post=3155"}],"curies":[{"name":"wp","href":"https:\/\/api.w.org\/{rel}","templated":true}]}}