{"id":3087,"date":"2021-10-21T13:24:43","date_gmt":"2021-10-21T11:24:43","guid":{"rendered":"https:\/\/antcube.shop\/produkt\/tranke-2ml-front-dosierbar\/"},"modified":"2026-04-13T09:29:59","modified_gmt":"2026-04-13T07:29:59","slug":"tranke-2ml-front-dosierbar","status":"publish","type":"product","link":"https:\/\/antcube.shop\/hu\/termek\/tranke-2ml-front-dosierbar\/","title":{"rendered":"Iv\u00f3v\u00e1ly\u00fa 2ml - el\u00fcls\u0151 adagol\u00e1s"},"content":{"rendered":"<p><strong>M\u00e9retek:<\/strong> 30x40x52 mm, 2 ml<\/p>\n<p><strong>Tartalom:<\/strong><br \/>\n1x l\u00e1b 1x 5mm-es ny\u00edl\u00e1ssal (0-1mm adagolhat\u00f3).<br \/>\n1x hangyat\u00e1p cs\u0151<\/p>\n<p><strong>Anyag:<\/strong> PMMA, PS<\/p>\n<p><strong>Le\u00edr\u00e1s:<\/strong> Ez lehet\u0151v\u00e9 teszi a hangy\u00e1k sz\u00e1m\u00e1ra, hogy elegend\u0151 nedvess\u00e9get biztos\u00edtsanak maguknak a formik\u00e1riumban. Ide\u00e1lis a nyaral\u00e1si szezonban is. A 2 ml-es hangyat\u00e1p cs\u00f6veket most m\u00e1r be lehet helyezni a l\u00e1b\u00e1ba. A behelyez\u00e9si m\u00e9lys\u00e9gnek k\u00f6sz\u00f6nhet\u0151en a t\u00e1pl\u00e1l\u00e9k mennyis\u00e9ge adagolhat\u00f3.<\/p>\n<p><strong>Sz\u00ednek:<\/strong> \u00e1tl\u00e1tsz\u00f3<\/p>","protected":false},"excerpt":{"rendered":"<p>M\u00e9retek: 30x40x52 mm, 2 ml<\/p>","protected":false},"featured_media":3136,"comment_status":"open","ping_status":"closed","template":"","meta":{"_acf_changed":false,"content-type":"","_monsterinsights_skip_tracking":false,"_monsterinsights_sitenote_active":false,"_monsterinsights_sitenote_note":"","_monsterinsights_sitenote_category":0},"product_brand":[],"product_cat":[115,117],"product_tag":[],"class_list":{"0":"post-3087","1":"product","2":"type-product","3":"status-publish","4":"has-post-thumbnail","6":"product_cat-food-and-feeding","7":"product_cat-drinkers-for-ants","9":"first","10":"instock","11":"taxable","12":"shipping-taxable","13":"purchasable","14":"product-type-simple"},"acf":[],"aioseo_notices":[],"jetpack_sharing_enabled":true,"_links":{"self":[{"href":"https:\/\/antcube.shop\/hu\/wp-json\/wp\/v2\/product\/3087","targetHints":{"allow":["GET"]}}],"collection":[{"href":"https:\/\/antcube.shop\/hu\/wp-json\/wp\/v2\/product"}],"about":[{"href":"https:\/\/antcube.shop\/hu\/wp-json\/wp\/v2\/types\/product"}],"replies":[{"embeddable":true,"href":"https:\/\/antcube.shop\/hu\/wp-json\/wp\/v2\/comments?post=3087"}],"wp:featuredmedia":[{"embeddable":true,"href":"https:\/\/antcube.shop\/hu\/wp-json\/wp\/v2\/media\/3136"}],"wp:attachment":[{"href":"https:\/\/antcube.shop\/hu\/wp-json\/wp\/v2\/media?parent=3087"}],"wp:term":[{"taxonomy":"product_brand","embeddable":true,"href":"https:\/\/antcube.shop\/hu\/wp-json\/wp\/v2\/product_brand?post=3087"},{"taxonomy":"product_cat","embeddable":true,"href":"https:\/\/antcube.shop\/hu\/wp-json\/wp\/v2\/product_cat?post=3087"},{"taxonomy":"product_tag","embeddable":true,"href":"https:\/\/antcube.shop\/hu\/wp-json\/wp\/v2\/product_tag?post=3087"}],"curies":[{"name":"wp","href":"https:\/\/api.w.org\/{rel}","templated":true}]}}