{"id":3086,"date":"2021-10-21T12:58:59","date_gmt":"2021-10-21T10:58:59","guid":{"rendered":"https:\/\/antcube.shop\/produkt\/korkgranulat-fein-20g\/"},"modified":"2026-04-04T12:46:26","modified_gmt":"2026-04-04T10:46:26","slug":"korkgranulat-fein-20g","status":"publish","type":"product","link":"https:\/\/antcube.shop\/hu\/termek\/korkgranulat-fein-20g\/","title":{"rendered":"Parafa granul\u00e1tum finom 20g"},"content":{"rendered":"<p><strong>Tartalom\/mennyis\u00e9g:<\/strong> 20g \/ ~200ml<\/p>\n<p><strong>Szemcsem\u00e9ret:<\/strong> 0,5 - 1 mm<\/p>\n<p><strong>Le\u00edr\u00e1s:<\/strong> A parafagranul\u00e1tumot a parafat\u00f6lgyek als\u00f3 k\u00e9rg\u00e9b\u0151l nyerik. Kiv\u00e1l\u00f3 \u00e9s term\u00e9szetes formic\u00e1riumi szubsztr\u00e1tum sz\u00e1mos erd\u0151ben \u00e9s szavann\u00e1ban \u00e9l\u0151 hangyafaj sz\u00e1m\u00e1ra. Nagyon j\u00f3l haszn\u00e1lhat\u00f3 parafa f\u00e9szkek t\u00f6lt\u0151anyagak\u00e9nt.<\/p>","protected":false},"excerpt":{"rendered":"<p><span style=\"color: #000000;\">Granul\u00e1l\u00e1s: 0,5 - 1 mm<\/span><\/p>","protected":false},"featured_media":2995,"comment_status":"open","ping_status":"closed","template":"","meta":{"_acf_changed":false,"content-type":"","_monsterinsights_skip_tracking":false,"_monsterinsights_sitenote_active":false,"_monsterinsights_sitenote_note":"","_monsterinsights_sitenote_category":0},"product_brand":[],"product_cat":[240],"product_tag":[],"class_list":{"0":"post-3086","1":"product","2":"type-product","3":"status-publish","4":"has-post-thumbnail","6":"product_cat-cork-nest-filling","8":"first","9":"instock","10":"taxable","11":"shipping-taxable","12":"purchasable","13":"product-type-simple"},"acf":[],"aioseo_notices":[],"jetpack_sharing_enabled":true,"_links":{"self":[{"href":"https:\/\/antcube.shop\/hu\/wp-json\/wp\/v2\/product\/3086","targetHints":{"allow":["GET"]}}],"collection":[{"href":"https:\/\/antcube.shop\/hu\/wp-json\/wp\/v2\/product"}],"about":[{"href":"https:\/\/antcube.shop\/hu\/wp-json\/wp\/v2\/types\/product"}],"replies":[{"embeddable":true,"href":"https:\/\/antcube.shop\/hu\/wp-json\/wp\/v2\/comments?post=3086"}],"wp:featuredmedia":[{"embeddable":true,"href":"https:\/\/antcube.shop\/hu\/wp-json\/wp\/v2\/media\/2995"}],"wp:attachment":[{"href":"https:\/\/antcube.shop\/hu\/wp-json\/wp\/v2\/media?parent=3086"}],"wp:term":[{"taxonomy":"product_brand","embeddable":true,"href":"https:\/\/antcube.shop\/hu\/wp-json\/wp\/v2\/product_brand?post=3086"},{"taxonomy":"product_cat","embeddable":true,"href":"https:\/\/antcube.shop\/hu\/wp-json\/wp\/v2\/product_cat?post=3086"},{"taxonomy":"product_tag","embeddable":true,"href":"https:\/\/antcube.shop\/hu\/wp-json\/wp\/v2\/product_tag?post=3086"}],"curies":[{"name":"wp","href":"https:\/\/api.w.org\/{rel}","templated":true}]}}