{"id":2872,"date":"2021-10-13T18:47:01","date_gmt":"2021-10-13T16:47:01","guid":{"rendered":"https:\/\/antcube.shop\/produkt\/formicarienunterlage-20x6cm\/"},"modified":"2026-04-15T18:35:10","modified_gmt":"2026-04-15T16:35:10","slug":"formicarienunterlage-20x6cm","status":"publish","type":"product","link":"https:\/\/antcube.shop\/hu\/termek\/formicarienunterlage-20x6cm\/","title":{"rendered":"Formicarium p\u00e1rna - 20x6cm"},"content":{"rendered":"<p><strong>M\u00e9retek:<\/strong> 190 x 60 x 4mm<\/p>\n<p><strong>Anyag:<\/strong> PE hab<\/p>\n<p><strong>Sz\u00edn:<\/strong> sz\u00fcrke<\/p>\n<p><strong>Tartalom:<\/strong> 1 db.<\/p>\n<p><strong>Le\u00edr\u00e1s:<\/strong><br \/>\nA formicarium p\u00e1rna puha habszivacs anyagb\u00f3l k\u00e9sz\u00fcl.<br \/>\nMegv\u00e9di a formik\u00e1riumot, valamint azt a b\u00fatordarabot, amelyen a formik\u00e1rium \u00e1ll, a karcol\u00e1sokt\u00f3l.<br \/>\nEzenk\u00edv\u00fcl a p\u00e1rna h\u0151szigetel\u00e9sk\u00e9nt is szolg\u00e1l, hogy a legkisebb egyenetlens\u00e9geket is kiegyenl\u00edtse, \u00e9s v\u00e9d a rezg\u00e9sek ellen is.<\/p>","protected":false},"excerpt":{"rendered":"<p>M\u00e9retek: Anyag: 400 x 200 x 4mm: Anyag: PE hab Sz\u00edn: sz\u00fcrke: 1 db. Term\u00e9kle\u00edr\u00e1s: 1 db: A formicarium p\u00e1rna puha habszivacs anyagb\u00f3l k\u00e9sz\u00fclt. Megv\u00e9di a formik\u00e1riumot, valamint azt a b\u00fatordarabot, amelyen a formik\u00e1rium \u00e1ll, a karcol\u00e1sokt\u00f3l. Ezenk\u00edv\u00fcl a p\u00e1rna h\u0151szigetel\u00e9sk\u00e9nt is szolg\u00e1l, hogy kompenz\u00e1lja a","protected":false},"featured_media":312,"comment_status":"open","ping_status":"closed","template":"","meta":{"_acf_changed":false,"content-type":"","_monsterinsights_skip_tracking":false,"_monsterinsights_sitenote_active":false,"_monsterinsights_sitenote_note":"","_monsterinsights_sitenote_category":0},"product_brand":[],"product_cat":[119,239],"product_tag":[],"class_list":{"0":"post-2872","1":"product","2":"type-product","3":"status-publish","4":"has-post-thumbnail","6":"product_cat-formicarium-components","7":"product_cat-useful-additions","9":"first","10":"instock","11":"taxable","12":"shipping-taxable","13":"purchasable","14":"product-type-simple"},"acf":[],"aioseo_notices":[],"jetpack_sharing_enabled":true,"_links":{"self":[{"href":"https:\/\/antcube.shop\/hu\/wp-json\/wp\/v2\/product\/2872","targetHints":{"allow":["GET"]}}],"collection":[{"href":"https:\/\/antcube.shop\/hu\/wp-json\/wp\/v2\/product"}],"about":[{"href":"https:\/\/antcube.shop\/hu\/wp-json\/wp\/v2\/types\/product"}],"replies":[{"embeddable":true,"href":"https:\/\/antcube.shop\/hu\/wp-json\/wp\/v2\/comments?post=2872"}],"wp:featuredmedia":[{"embeddable":true,"href":"https:\/\/antcube.shop\/hu\/wp-json\/wp\/v2\/media\/312"}],"wp:attachment":[{"href":"https:\/\/antcube.shop\/hu\/wp-json\/wp\/v2\/media?parent=2872"}],"wp:term":[{"taxonomy":"product_brand","embeddable":true,"href":"https:\/\/antcube.shop\/hu\/wp-json\/wp\/v2\/product_brand?post=2872"},{"taxonomy":"product_cat","embeddable":true,"href":"https:\/\/antcube.shop\/hu\/wp-json\/wp\/v2\/product_cat?post=2872"},{"taxonomy":"product_tag","embeddable":true,"href":"https:\/\/antcube.shop\/hu\/wp-json\/wp\/v2\/product_tag?post=2872"}],"curies":[{"name":"wp","href":"https:\/\/api.w.org\/{rel}","templated":true}]}}