{"id":2871,"date":"2021-10-13T18:46:51","date_gmt":"2021-10-13T16:46:51","guid":{"rendered":"https:\/\/antcube.shop\/produkt\/beckenverbinder-b-27-und-s-10-16-mm-m25-set\/"},"modified":"2026-04-24T09:50:18","modified_gmt":"2026-04-24T07:50:18","slug":"beckenverbinder-b-27-und-s-10-16-mm-m25-set","status":"publish","type":"product","link":"https:\/\/antcube.shop\/hu\/termek\/beckenverbinder-b-27-und-s-10-16-mm-m25-set\/","title":{"rendered":"B-27 \u00e9s S-10-16 mm M25 medencecsatlakoz\u00f3 - k\u00e9szlet"},"content":{"rendered":"<p><strong>M\u00e9retek:<\/strong> 27-es furathoz \u00e9s 10-16 mm-es t\u00f6ml\u0151h\u00f6z<\/p>\n<p><strong>Tartalom:<\/strong><br \/>\n1x csavaros adapter<br \/>\n1x r\u00f6gz\u00edt\u0151anya<\/p>\n<p><strong>Le\u00edr\u00e1s:<\/strong> Ezt a medencecsatlakoz\u00f3t a lyukon kereszt\u00fcl kell behelyezni, \u00e9s a mell\u00e9kelt z\u00e1r\u00f3any\u00e1val \u00f6ssze kell csavarozni. Ez biztos\u00edtja, hogy a csatlakoz\u00e1s kit\u00f6r\u00e9sbiztos legyen, \u00e9s a medenc\u00e9k mozgat\u00e1sakor is biztons\u00e1gosan tart. A m\u00e1sik v\u00e9g\u00e9re egy megfelel\u0151 t\u00f6ml\u0151 ker\u00fcl.<\/p>","protected":false},"excerpt":{"rendered":"<p>M\u00e9retek: 27-es furathoz \u00e9s 10-16 mm-es t\u00f6ml\u0151h\u00f6z\r\n\r\nTartalom: Tartalmazza az al\u00e1bbiakat:\r\n1x csavaros adapter\r\n1x r\u00f6gz\u00edt\u0151anya\r\n\r\nLe\u00edr\u00e1s: Ez a medencecsatlakoz\u00f3, a lyukon kereszt\u00fcl behelyezve \u00e9s a mell\u00e9kelt r\u00f6gz\u00edt\u0151any\u00e1val \u00f6sszecsavarozva. Ez biztos\u00edtja, hogy a csatlakoz\u00e1s kit\u00f6r\u00e9sbiztos legyen, \u00e9s a medenc\u00e9k mozgat\u00e1sakor is biztons\u00e1gosan tart. A m\u00e1sik v\u00e9g\u00e9re egy megfelel\u0151 t\u00f6ml\u0151 ker\u00fcl behelyez\u00e9sre.<\/p>","protected":false},"featured_media":2991,"comment_status":"open","ping_status":"closed","template":"","meta":{"_acf_changed":false,"content-type":"","_monsterinsights_skip_tracking":false,"_monsterinsights_sitenote_active":false,"_monsterinsights_sitenote_note":"","_monsterinsights_sitenote_category":0},"product_brand":[],"product_cat":[121],"product_tag":[],"class_list":{"0":"post-2871","1":"product","2":"type-product","3":"status-publish","4":"has-post-thumbnail","6":"product_cat-connectors","8":"first","9":"instock","10":"taxable","11":"shipping-taxable","12":"purchasable","13":"product-type-simple"},"acf":[],"aioseo_notices":[],"jetpack_sharing_enabled":true,"_links":{"self":[{"href":"https:\/\/antcube.shop\/hu\/wp-json\/wp\/v2\/product\/2871","targetHints":{"allow":["GET"]}}],"collection":[{"href":"https:\/\/antcube.shop\/hu\/wp-json\/wp\/v2\/product"}],"about":[{"href":"https:\/\/antcube.shop\/hu\/wp-json\/wp\/v2\/types\/product"}],"replies":[{"embeddable":true,"href":"https:\/\/antcube.shop\/hu\/wp-json\/wp\/v2\/comments?post=2871"}],"wp:featuredmedia":[{"embeddable":true,"href":"https:\/\/antcube.shop\/hu\/wp-json\/wp\/v2\/media\/2991"}],"wp:attachment":[{"href":"https:\/\/antcube.shop\/hu\/wp-json\/wp\/v2\/media?parent=2871"}],"wp:term":[{"taxonomy":"product_brand","embeddable":true,"href":"https:\/\/antcube.shop\/hu\/wp-json\/wp\/v2\/product_brand?post=2871"},{"taxonomy":"product_cat","embeddable":true,"href":"https:\/\/antcube.shop\/hu\/wp-json\/wp\/v2\/product_cat?post=2871"},{"taxonomy":"product_tag","embeddable":true,"href":"https:\/\/antcube.shop\/hu\/wp-json\/wp\/v2\/product_tag?post=2871"}],"curies":[{"name":"wp","href":"https:\/\/api.w.org\/{rel}","templated":true}]}}