{"id":2869,"date":"2021-10-13T18:46:31","date_gmt":"2021-10-13T16:46:31","guid":{"rendered":"https:\/\/antcube.shop\/produkt\/antcube-gipsnest-20x20-liegend\/"},"modified":"2026-03-30T20:07:30","modified_gmt":"2026-03-30T18:07:30","slug":"antcube-gipsnest-20x20-liegend","status":"publish","type":"product","link":"https:\/\/antcube.shop\/hu\/termek\/antcube-gipsnest-20x20-liegend\/","title":{"rendered":"ANTCUBE - gipsz f\u00e9szek 20\u00d720 - fekv\u0151"},"content":{"rendered":"<p><strong>M\u00e9retek:<\/strong><br \/>\n<strong>Gipszf\u00e9szek: <\/strong>190 x 190 x 20mm<br \/>\n<strong>\u00dcvegfed\u00e9l:<\/strong> 179 x 179 x 4mm<\/p>\n<p><strong>Anyag:<\/strong> Gipsz<\/p>\n<p><strong>Tartalom:<\/strong><br \/>\n1x gipszf\u00e9szek 20\u00d720 k\u00e9t csatlakoz\u00f3aljzattal M 10\/08<br \/>\n1x \u00fcvegfed\u00e9l 50 mm-es lyukkal<br \/>\n1x akril - 50mm-es gy\u0171r\u0171 27mm-es lyukhoz<br \/>\n1x Formicarium alap 20\u00d720<br \/>\n2x r\u00e1csos sapka - 10mm - rozsdamentes ac\u00e9l<br \/>\n1x r\u00e1csbet\u00e9t - 27mm - rozsdamentes ac\u00e9l<\/p>\n<p><strong>Le\u00edr\u00e1s:<\/strong> Az el\u0151re elk\u00e9sz\u00edtett j\u00e1ratokkal \u00e9s kamr\u00e1kkal ell\u00e1tott gipszf\u00e9szk\u00fcnk sz\u00e1mos hangyafaj sz\u00e1m\u00e1ra alkalmas, k\u00fcl\u00f6n\u00f6sen azon fajok sz\u00e1m\u00e1ra, amelyek nagyon homokos vagy k\u00f6ves talajon \u00e9p\u00edtik f\u00e9szk\u00fcket. K\u00e9t csatlakoz\u00f3aljzattal rendelkezik a f\u00e9szekbe val\u00f3 bejut\u00e1sk\u00e9nt. A gipsznek megvan az a tulajdons\u00e1ga, hogy felsz\u00edvja a vizet, \u00edgy bizonyos mennyis\u00e9g\u0171 nedvess\u00e9get t\u00e1rol. Ennek ellen\u00e9re a gipszf\u00e9szket nem szabad tart\u00f3san nedvesen haszn\u00e1lni, mert ellenkez\u0151 esetben pen\u00e9szed\u00e9shez vezethet (a hangy\u00e1k \u00e9telmarad\u00e9kai vagy \u00fcr\u00fcl\u00e9kei \u00e1ltal). Ez\u00e9rt, ha lehets\u00e9ges, ink\u00e1bb sz\u00e1raz r\u00e9gi\u00f3kb\u00f3l sz\u00e1rmaz\u00f3 fajokat kell itt tartani. Ilyenek p\u00e9ld\u00e1ul a mediterr\u00e1n vagy sivatagi r\u00e9gi\u00f3kb\u00f3l sz\u00e1rmaz\u00f3 fajok.<\/p>\n<p><strong>Megjegyz\u00e9s:<\/strong> A konstrukci\u00f3 miatt nem alkalmasak a nagyon kicsi fajok (pl.: Pheidole fajok, Temnothorax fajok) sz\u00e1m\u00e1ra, 0,3-0,5 mm-es r\u00e9sek keletkezhetnek.<\/p>\n<p>Megjegyz\u00e9s a csatlakoz\u00f3aljzatokr\u00f3l<br \/>\nA t\u00f6ml\u0151k csatlakoztat\u00e1sakor vagy lev\u00e1laszt\u00e1sakor vegye figyelembe a k\u00f6vetkez\u0151ket:<br \/>\nHa a cs\u0151 nagyon nehezen illeszkedik a csatlakoz\u00f3h\u00fcvelyre, a h\u00fcvelyt enyh\u00e9n meg kell d\u00f6rzs\u00f6lni egy csepp kit\u00f6r\u00e9sv\u00e9d\u0151 olajjal vagy porral. A t\u00f6ml\u0151t ezut\u00e1n csavar\u00f3 vagy csavar\u00f3 mozdulatokkal kell a perselyre tolni, an\u00e9lk\u00fcl, hogy a perselyt fel-le mozg\u00e1ssal terheln\u00e9nk. Ugyanez vonatkozik a t\u00f6ml\u0151k csatlakoz\u00f3 perselyr\u0151l val\u00f3 elt\u00e1vol\u00edt\u00e1s\u00e1ra is. K\u00e9rj\u00fck, ne h\u00fazza le egyszer\u0171en!<\/p>\n<p>&nbsp;<\/p>\n<p>&nbsp;<\/p>","protected":false},"excerpt":{"rendered":"<p>M\u00e9retek: \u00dcvegfed\u00e9l: 190 x 190 x 20mm: Anyag: 179 x 179 x 4mm: Anyag: gipsz Tartalom: Gipsz: 1x gipszf\u00e9szek 20\u00d720 k\u00e9t csatlakoz\u00f3aljzattal M 10\/08 1x \u00fcvegfed\u00e9l 50mm-es lyukkal 1x akril - gy\u0171r\u0171 50mm 27mm-es lyukhoz 1x Formicarium alap 20\u00d720 2x r\u00e1csos sapka - 10mm - rozsdamentes ac\u00e9l 1x [...]","protected":false},"featured_media":3194,"comment_status":"open","ping_status":"closed","template":"","meta":{"_acf_changed":false,"content-type":"","_monsterinsights_skip_tracking":false,"_monsterinsights_sitenote_active":false,"_monsterinsights_sitenote_note":"","_monsterinsights_sitenote_category":0},"product_brand":[],"product_cat":[80,86],"product_tag":[],"class_list":{"0":"post-2869","1":"product","2":"type-product","3":"status-publish","4":"has-post-thumbnail","6":"product_cat-antfarms","7":"product_cat-formicariums","9":"first","10":"instock","11":"taxable","12":"shipping-taxable","13":"purchasable","14":"product-type-simple"},"acf":[],"aioseo_notices":[],"jetpack_sharing_enabled":true,"_links":{"self":[{"href":"https:\/\/antcube.shop\/hu\/wp-json\/wp\/v2\/product\/2869","targetHints":{"allow":["GET"]}}],"collection":[{"href":"https:\/\/antcube.shop\/hu\/wp-json\/wp\/v2\/product"}],"about":[{"href":"https:\/\/antcube.shop\/hu\/wp-json\/wp\/v2\/types\/product"}],"replies":[{"embeddable":true,"href":"https:\/\/antcube.shop\/hu\/wp-json\/wp\/v2\/comments?post=2869"}],"wp:featuredmedia":[{"embeddable":true,"href":"https:\/\/antcube.shop\/hu\/wp-json\/wp\/v2\/media\/3194"}],"wp:attachment":[{"href":"https:\/\/antcube.shop\/hu\/wp-json\/wp\/v2\/media?parent=2869"}],"wp:term":[{"taxonomy":"product_brand","embeddable":true,"href":"https:\/\/antcube.shop\/hu\/wp-json\/wp\/v2\/product_brand?post=2869"},{"taxonomy":"product_cat","embeddable":true,"href":"https:\/\/antcube.shop\/hu\/wp-json\/wp\/v2\/product_cat?post=2869"},{"taxonomy":"product_tag","embeddable":true,"href":"https:\/\/antcube.shop\/hu\/wp-json\/wp\/v2\/product_tag?post=2869"}],"curies":[{"name":"wp","href":"https:\/\/api.w.org\/{rel}","templated":true}]}}