{"id":2866,"date":"2021-10-13T18:43:01","date_gmt":"2021-10-13T16:43:01","guid":{"rendered":"https:\/\/antcube.shop\/produkt\/antcube-rote-folie-20x20-selbstklebend\/"},"modified":"2025-10-19T21:05:19","modified_gmt":"2025-10-19T19:05:19","slug":"antcube-rote-folie-20x20-selbstklebend","status":"publish","type":"product","link":"https:\/\/antcube.shop\/hu\/termek\/antcube-rote-folie-20x20-selbstklebend\/","title":{"rendered":"ANTCUBE - Piros f\u00f3lia 20\u00d720 - \u00f6ntapad\u00f3"},"content":{"rendered":"<p><strong>M\u00e9retek:<\/strong> 19x19cm<\/p>\n<p><strong>Anyag:<\/strong> PVC<\/p>\n<p><strong>Le\u00edr\u00e1s:<\/strong> Az \u00f6ntapad\u00f3s piros \u00e1tl\u00e1tsz\u00f3 f\u00f3lia a hangy\u00e1knak f\u00f6ldalatti \u00e9rz\u00e9st ad. Ez\u00e9rt javasoljuk, hogy ezt a term\u00e9ket legal\u00e1bb r\u00e9szben a f\u00e9szek ter\u00fclet\u00e9n haszn\u00e1lja. Ennek ellen\u00e9re a hangy\u00e1kat j\u00f3l megfigyelheti a f\u00e9szekben. Pontosan v\u00e1gott ANTCUBE \"Hangyafarm 20x20cm\" sz\u00e1m\u00e1ra <strong>S\/M\/L<\/strong> - \u00e1llva\".<\/p>","protected":false},"excerpt":{"rendered":"<p>M\u00e9retek: 19x19cm\r\n\r\nAnyag: K\u00e9k sz\u00edn\u0171: PVC\r\n\r\n Az \u00f6ntapad\u00f3s piros \u00e1tl\u00e1tsz\u00f3 f\u00f3lia a hangy\u00e1knak f\u00f6ldalatti \u00e9rz\u00e9st ad. Ez\u00e9rt javasoljuk, hogy ezt a term\u00e9ket legal\u00e1bb r\u00e9szben a f\u00e9szek ter\u00fclet\u00e9n haszn\u00e1lja. Ennek ellen\u00e9re a hangy\u00e1kat j\u00f3l megfigyelheti a f\u00e9szekben. Pontosan az ANTCUBE \"Hangyafarm 20x20cm S\/M\/L - \u00e1ll\u00f3\" hangyafarmhoz m\u00e9retre v\u00e1gva.<\/p>","protected":false},"featured_media":302,"comment_status":"open","ping_status":"closed","template":"","meta":{"_acf_changed":false,"content-type":"","_monsterinsights_skip_tracking":false,"_monsterinsights_sitenote_active":false,"_monsterinsights_sitenote_note":"","_monsterinsights_sitenote_category":0},"product_brand":[],"product_cat":[119,239],"product_tag":[],"class_list":{"0":"post-2866","1":"product","2":"type-product","3":"status-publish","4":"has-post-thumbnail","6":"product_cat-formicarium-components","7":"product_cat-useful-additions","9":"first","10":"outofstock","11":"taxable","12":"shipping-taxable","13":"purchasable","14":"product-type-simple"},"acf":[],"aioseo_notices":[],"jetpack_sharing_enabled":true,"_links":{"self":[{"href":"https:\/\/antcube.shop\/hu\/wp-json\/wp\/v2\/product\/2866","targetHints":{"allow":["GET"]}}],"collection":[{"href":"https:\/\/antcube.shop\/hu\/wp-json\/wp\/v2\/product"}],"about":[{"href":"https:\/\/antcube.shop\/hu\/wp-json\/wp\/v2\/types\/product"}],"replies":[{"embeddable":true,"href":"https:\/\/antcube.shop\/hu\/wp-json\/wp\/v2\/comments?post=2866"}],"wp:featuredmedia":[{"embeddable":true,"href":"https:\/\/antcube.shop\/hu\/wp-json\/wp\/v2\/media\/302"}],"wp:attachment":[{"href":"https:\/\/antcube.shop\/hu\/wp-json\/wp\/v2\/media?parent=2866"}],"wp:term":[{"taxonomy":"product_brand","embeddable":true,"href":"https:\/\/antcube.shop\/hu\/wp-json\/wp\/v2\/product_brand?post=2866"},{"taxonomy":"product_cat","embeddable":true,"href":"https:\/\/antcube.shop\/hu\/wp-json\/wp\/v2\/product_cat?post=2866"},{"taxonomy":"product_tag","embeddable":true,"href":"https:\/\/antcube.shop\/hu\/wp-json\/wp\/v2\/product_tag?post=2866"}],"curies":[{"name":"wp","href":"https:\/\/api.w.org\/{rel}","templated":true}]}}