{"id":2865,"date":"2021-10-13T18:42:51","date_gmt":"2021-10-13T16:42:51","guid":{"rendered":"https:\/\/antcube.shop\/produkt\/futterspender-2ml-dosierbar\/"},"modified":"2026-04-23T17:22:05","modified_gmt":"2026-04-23T15:22:05","slug":"futterspender-2ml-dosierbar","status":"publish","type":"product","link":"https:\/\/antcube.shop\/hu\/termek\/futterspender-2ml-dosierbar\/","title":{"rendered":"Adagol\u00f3 2ml - adagolhat\u00f3"},"content":{"rendered":"<p><strong>M\u00e9retek:<\/strong> 30x40x50 mm, 2 ml<\/p>\n<p><strong>Tartalom:<\/strong><br \/>\n1x l\u00e1b 1x 2,5 mm-es ny\u00edl\u00e1ssal (1-2 mm adagolhat\u00f3).<br \/>\n1x hangyat\u00e1p cs\u0151<\/p>\n<p><strong>Anyag:<\/strong> PMMA, PS<\/p>\n<p><strong>Le\u00edr\u00e1s:<\/strong> Ezzel az adagol\u00f3val a hangy\u00e1k a formik\u00e1riumban a felk\u00edn\u00e1lt t\u00e1pl\u00e1l\u00e9kkal t\u00e1pl\u00e1lkozhatnak. Ide\u00e1lis a nyaral\u00e1si szezonban is. A 2 ml-es hangyat\u00e1p cs\u00f6vek az aljzatba helyezhet\u0151k. A behelyez\u00e9si m\u00e9lys\u00e9gnek k\u00f6sz\u00f6nhet\u0151en a rendelkez\u00e9sre \u00e1ll\u00f3 mennyis\u00e9g\u0171 t\u00e1pl\u00e1l\u00e9k adagolhat\u00f3. A 2,5 mm sz\u00e9les kivezet\u0151 ny\u00edl\u00e1ssal rendelkez\u0151 adagol\u00f3 alkalmas az \u00f6sszes por alak\u00fa eledel\u00fcnkh\u00f6z, valamint a minor \u00e9s media szemcsekever\u00e9kekhez.<\/p>\n<p><strong>Sz\u00ednek:<\/strong> \u00e1tl\u00e1tsz\u00f3<\/p>","protected":false},"excerpt":{"rendered":"<p>M\u00e9retek: 30x40x50 mm, 2 ml<\/p>","protected":false},"featured_media":306,"comment_status":"open","ping_status":"closed","template":"","meta":{"_acf_changed":false,"content-type":"","_monsterinsights_skip_tracking":false,"_monsterinsights_sitenote_active":false,"_monsterinsights_sitenote_note":"","_monsterinsights_sitenote_category":0},"product_brand":[],"product_cat":[115,118],"product_tag":[],"class_list":{"0":"post-2865","1":"product","2":"type-product","3":"status-publish","4":"has-post-thumbnail","6":"product_cat-food-and-feeding","7":"product_cat-feeding-bowls","9":"first","10":"instock","11":"taxable","12":"shipping-taxable","13":"purchasable","14":"product-type-simple"},"acf":[],"aioseo_notices":[],"jetpack_sharing_enabled":true,"_links":{"self":[{"href":"https:\/\/antcube.shop\/hu\/wp-json\/wp\/v2\/product\/2865","targetHints":{"allow":["GET"]}}],"collection":[{"href":"https:\/\/antcube.shop\/hu\/wp-json\/wp\/v2\/product"}],"about":[{"href":"https:\/\/antcube.shop\/hu\/wp-json\/wp\/v2\/types\/product"}],"replies":[{"embeddable":true,"href":"https:\/\/antcube.shop\/hu\/wp-json\/wp\/v2\/comments?post=2865"}],"wp:featuredmedia":[{"embeddable":true,"href":"https:\/\/antcube.shop\/hu\/wp-json\/wp\/v2\/media\/306"}],"wp:attachment":[{"href":"https:\/\/antcube.shop\/hu\/wp-json\/wp\/v2\/media?parent=2865"}],"wp:term":[{"taxonomy":"product_brand","embeddable":true,"href":"https:\/\/antcube.shop\/hu\/wp-json\/wp\/v2\/product_brand?post=2865"},{"taxonomy":"product_cat","embeddable":true,"href":"https:\/\/antcube.shop\/hu\/wp-json\/wp\/v2\/product_cat?post=2865"},{"taxonomy":"product_tag","embeddable":true,"href":"https:\/\/antcube.shop\/hu\/wp-json\/wp\/v2\/product_tag?post=2865"}],"curies":[{"name":"wp","href":"https:\/\/api.w.org\/{rel}","templated":true}]}}