{"id":2860,"date":"2021-10-13T18:42:02","date_gmt":"2021-10-13T16:42:02","guid":{"rendered":"https:\/\/antcube.shop\/produkt\/antcube-korknest-20x20-stehend\/"},"modified":"2026-04-07T00:42:13","modified_gmt":"2026-04-06T22:42:13","slug":"antcube-korknest-20x20-stehend","status":"publish","type":"product","link":"https:\/\/antcube.shop\/hu\/termek\/antcube-korknest-20x20-stehend\/","title":{"rendered":"ANTCUBE - parafa f\u00e9szek 20\u00d720 - \u00e1ll\u00f3"},"content":{"rendered":"<p><strong>M\u00e9retek:<\/strong> 183 x 160 x 20 mm<\/p>\n<p><strong>Anyag:<\/strong> Parafa (finom)<\/p>\n<p>Csak a hangyafarmok m\u00e9ret\u00e9hez illeszkedik <strong>L<\/strong><\/p>\n<p><strong>Le\u00edr\u00e1s:<\/strong> Ez az el\u0151re gy\u00e1rtott j\u00e1ratokkal \u00e9s kamr\u00e1kkal ell\u00e1tott parafa f\u00e9szek alkalmas k\u00fcl\u00f6nb\u00f6z\u0151 hangyafajok sz\u00e1m\u00e1ra, k\u00fcl\u00f6n\u00f6sen a (holt) f\u00e1ban f\u00e9szkel\u0151 fajok sz\u00e1m\u00e1ra. A f\u00e9szekhez val\u00f3 hozz\u00e1f\u00e9r\u00e9shez lyukkal rendelkezik.<br \/>\nA parafa k\u00e9miailag semleges. Szerkezete nem csak a folyad\u00e9kok sz\u00e1m\u00e1ra \u00e1t nem ereszt\u0151, de nem is okoz k\u00e9miai reakci\u00f3kat, ez\u00e9rt nem k\u00e1rosodik. A t\u00fal sok nedvess\u00e9g azonban hossz\u00fa t\u00e1von rothad\u00e1st okozhat, \u00e9s cs\u00f6kkentheti a f\u00e9szek \u00e9lettartam\u00e1t. Mindazon\u00e1ltal a parafa nagyon ellen\u00e1ll\u00f3 a rothad\u00e1ssal, a gomb\u00e1sod\u00e1ssal \u00e9s a pen\u00e9szt\u00e1mad\u00e1ssal szemben. Ez a fel\u00fclet\u00e9nek \u00e9s szerkezet\u00e9nek k\u00f6sz\u00f6nhet\u0151, amelyek nem ny\u00fajtanak j\u00f3 t\u00e1ptalajt a gomb\u00e1k megteleped\u00e9s\u00e9hez. Az \u00e1llatok \u00e9telmarad\u00e9kai \u00e9s \u00fcr\u00fcl\u00e9kei, valamint m\u00e1s szerves anyagok azonban el\u0151seg\u00edthetik a pen\u00e9szgomb\u00e1sod\u00e1st.<\/p>\n<p>Ez\u00e9rt javasoljuk, hogy f\u0151k\u00e9nt sz\u00e1raz r\u00e9gi\u00f3kb\u00f3l sz\u00e1rmaz\u00f3 fajokat tartsanak paraf\u00e1ban. A nedves \u00e9l\u0151helyekr\u0151l sz\u00e1rmaz\u00f3 fajok mindazon\u00e1ltal tarthat\u00f3k ebben a k\u00e9szletben, mivel a rothad\u00e1s a legt\u00f6bb faj eset\u00e9ben nem jelent probl\u00e9m\u00e1t. Sok \u00e9szak-eur\u00f3pai hangya, p\u00e9ld\u00e1ul a Camponotus herculeanus vagy a Formica fusca is korhadt f\u00e1ban \u00e9l.<\/p>\n<p>&nbsp;<\/p>","protected":false},"excerpt":{"rendered":"<p><strong>Csak a k\u00f6vetkez\u0151kre illik<\/strong> a hangyafarmjainkban m\u00e9ret <strong>L<\/strong><\/p>\n<p><strong>M\u00e9retek:<\/strong> 183 x 160 x 20 mm<\/p>","protected":false},"featured_media":350,"comment_status":"open","ping_status":"closed","template":"","meta":{"_acf_changed":false,"content-type":"","_monsterinsights_skip_tracking":false,"_monsterinsights_sitenote_active":false,"_monsterinsights_sitenote_note":"","_monsterinsights_sitenote_category":0},"product_brand":[],"product_cat":[87,89],"product_tag":[],"class_list":{"0":"post-2860","1":"product","2":"type-product","3":"status-publish","4":"has-post-thumbnail","6":"product_cat-nest-insets","7":"product_cat-cork","9":"first","10":"instock","11":"taxable","12":"shipping-taxable","13":"purchasable","14":"product-type-simple"},"acf":[],"aioseo_notices":[],"jetpack_sharing_enabled":true,"_links":{"self":[{"href":"https:\/\/antcube.shop\/hu\/wp-json\/wp\/v2\/product\/2860","targetHints":{"allow":["GET"]}}],"collection":[{"href":"https:\/\/antcube.shop\/hu\/wp-json\/wp\/v2\/product"}],"about":[{"href":"https:\/\/antcube.shop\/hu\/wp-json\/wp\/v2\/types\/product"}],"replies":[{"embeddable":true,"href":"https:\/\/antcube.shop\/hu\/wp-json\/wp\/v2\/comments?post=2860"}],"wp:featuredmedia":[{"embeddable":true,"href":"https:\/\/antcube.shop\/hu\/wp-json\/wp\/v2\/media\/350"}],"wp:attachment":[{"href":"https:\/\/antcube.shop\/hu\/wp-json\/wp\/v2\/media?parent=2860"}],"wp:term":[{"taxonomy":"product_brand","embeddable":true,"href":"https:\/\/antcube.shop\/hu\/wp-json\/wp\/v2\/product_brand?post=2860"},{"taxonomy":"product_cat","embeddable":true,"href":"https:\/\/antcube.shop\/hu\/wp-json\/wp\/v2\/product_cat?post=2860"},{"taxonomy":"product_tag","embeddable":true,"href":"https:\/\/antcube.shop\/hu\/wp-json\/wp\/v2\/product_tag?post=2860"}],"curies":[{"name":"wp","href":"https:\/\/api.w.org\/{rel}","templated":true}]}}