{"id":2859,"date":"2021-10-13T18:41:44","date_gmt":"2021-10-13T16:41:44","guid":{"rendered":"https:\/\/antcube.shop\/produkt\/tranke-klar-20ml-schwamm\/"},"modified":"2026-04-05T21:18:16","modified_gmt":"2026-04-05T19:18:16","slug":"tranke-klar-20ml-schwamm","status":"publish","type":"product","link":"https:\/\/antcube.shop\/hu\/termek\/tranke-klar-20ml-schwamm\/","title":{"rendered":"Iv\u00f3v\u00e1ly\u00fa \u00e1tl\u00e1tsz\u00f3 20ml - szivacs"},"content":{"rendered":"<p><strong>M\u00e9retek:<\/strong> 40x50x68 mm, 20 ml<\/p>\n<p><strong>Tartalom:<\/strong><br \/>\n1x alap 4x 3 mm-es ny\u00edl\u00e1sokkal \u00e9s be\u00e9p\u00edtett szivaccsal.<br \/>\n1x v\u00edztart\u00e1ly 62x22mm (20ml)<br \/>\n1x szivacs 30mm<\/p>\n<p><strong>Anyag:<\/strong> PS, PMMA, hab (rendk\u00edv\u00fcl finom p\u00f3rus\u00fa \u00e9s nedvsz\u00edv\u00f3)<\/p>\n<p><strong>Le\u00edr\u00e1s:<\/strong> Ez lehet\u0151v\u00e9 teszi a hangy\u00e1k sz\u00e1m\u00e1ra, hogy a formik\u00e1riumban elegend\u0151 nedvess\u00e9get biztos\u00edtsanak maguknak. Ide\u00e1lis a nyaral\u00e1si szezonban is. A 20 ml-es v\u00edztart\u00e1ly a l\u00e1b\u00e1ba helyezhet\u0151 (Figyelem! A tart\u00e1lyt ne dugja be teljesen, hanem csak a szivacs szintj\u00e9ig, hogy ne szak\u00edtsa meg a v\u00edzell\u00e1t\u00e1st). A csatlakoztatott tart\u00e1lyn\u00e1l nagyobb \u00e1tm\u00e9r\u0151j\u0171 szivacs lehet\u0151v\u00e9 teszi a nedvess\u00e9g besziv\u00e1rg\u00e1s\u00e1t a talpba. Az alapban l\u00e9v\u0151 4 finom, 18 mm-es ny\u00edl\u00e1s mind a n\u00e9gy \u00e9gt\u00e1j ir\u00e1ny\u00e1ban elhelyezve lehet\u0151v\u00e9 teszi a nagysz\u00e1m\u00fa \u00e1llatot tartalmaz\u00f3 kol\u00f3ni\u00e1k etet\u00e9s\u00e9t. A hab elt\u00e1vol\u00edt\u00e1s\u00e1val az \u00e1llatok megfelel\u0151 folyad\u00e9kell\u00e1t\u00e1st biztos\u00edtanak.<\/p>\n<p><strong>Sz\u00ednek:<\/strong> krist\u00e1lytiszta, sz\u00fcrke<\/p>\n<p>&nbsp;<\/p>","protected":false},"excerpt":{"rendered":"<p><strong>M\u00e9retek:<\/strong> 40x50x68 mm, 20 ml<\/p>","protected":false},"featured_media":3004,"comment_status":"open","ping_status":"closed","template":"","meta":{"_acf_changed":false,"content-type":"","_monsterinsights_skip_tracking":false,"_monsterinsights_sitenote_active":false,"_monsterinsights_sitenote_note":"","_monsterinsights_sitenote_category":0},"product_brand":[],"product_cat":[115,117],"product_tag":[],"class_list":{"0":"post-2859","1":"product","2":"type-product","3":"status-publish","4":"has-post-thumbnail","6":"product_cat-food-and-feeding","7":"product_cat-drinkers-for-ants","9":"first","10":"instock","11":"taxable","12":"shipping-taxable","13":"purchasable","14":"product-type-simple"},"acf":[],"aioseo_notices":[],"jetpack_sharing_enabled":true,"_links":{"self":[{"href":"https:\/\/antcube.shop\/hu\/wp-json\/wp\/v2\/product\/2859","targetHints":{"allow":["GET"]}}],"collection":[{"href":"https:\/\/antcube.shop\/hu\/wp-json\/wp\/v2\/product"}],"about":[{"href":"https:\/\/antcube.shop\/hu\/wp-json\/wp\/v2\/types\/product"}],"replies":[{"embeddable":true,"href":"https:\/\/antcube.shop\/hu\/wp-json\/wp\/v2\/comments?post=2859"}],"wp:featuredmedia":[{"embeddable":true,"href":"https:\/\/antcube.shop\/hu\/wp-json\/wp\/v2\/media\/3004"}],"wp:attachment":[{"href":"https:\/\/antcube.shop\/hu\/wp-json\/wp\/v2\/media?parent=2859"}],"wp:term":[{"taxonomy":"product_brand","embeddable":true,"href":"https:\/\/antcube.shop\/hu\/wp-json\/wp\/v2\/product_brand?post=2859"},{"taxonomy":"product_cat","embeddable":true,"href":"https:\/\/antcube.shop\/hu\/wp-json\/wp\/v2\/product_cat?post=2859"},{"taxonomy":"product_tag","embeddable":true,"href":"https:\/\/antcube.shop\/hu\/wp-json\/wp\/v2\/product_tag?post=2859"}],"curies":[{"name":"wp","href":"https:\/\/api.w.org\/{rel}","templated":true}]}}