{"id":2858,"date":"2021-10-13T18:41:35","date_gmt":"2021-10-13T16:41:35","guid":{"rendered":"https:\/\/antcube.shop\/produkt\/napf-klar-1x20-schwamm\/"},"modified":"2026-04-25T16:20:31","modified_gmt":"2026-04-25T14:20:31","slug":"napf-klar-1x20-schwamm","status":"publish","type":"product","link":"https:\/\/antcube.shop\/hu\/termek\/napf-klar-1x20-schwamm\/","title":{"rendered":"T\u00e1l tiszta 1\u00d720 - szivacs"},"content":{"rendered":"<p><strong>M\u00e9retek:<\/strong> 30 x 40 x 7 mm<\/p>\n<p><strong>Anyag:<\/strong> PMMA, hab (rendk\u00edv\u00fcl finom p\u00f3rus\u00fa \u00e9s nedvsz\u00edv\u00f3).<\/p>\n<p><strong>Le\u00edr\u00e1s:<\/strong> N\u00e9gysz\u00f6gletes t\u00e1l etet\u0151v\u00e1ly\u00faval, amelyhez illeszked\u0151 szivacsot (egyenk\u00e9nt 20 mm \u00e1tm\u00e9r\u0151j\u0171) tartalmaz az etet\u00e9shez.<\/p>","protected":false},"excerpt":{"rendered":"<p><strong>M\u00e9retek:<\/strong> 30 x 40 mm, anyaga: akril\u00fcveg, hab (rendk\u00edv\u00fcl finom p\u00f3rus\u00fa \u00e9s nedvsz\u00edv\u00f3)<\/p>","protected":false},"featured_media":304,"comment_status":"open","ping_status":"closed","template":"","meta":{"_acf_changed":false,"content-type":"","_monsterinsights_skip_tracking":false,"_monsterinsights_sitenote_active":false,"_monsterinsights_sitenote_note":"","_monsterinsights_sitenote_category":0},"product_brand":[],"product_cat":[115,118],"product_tag":[],"class_list":{"0":"post-2858","1":"product","2":"type-product","3":"status-publish","4":"has-post-thumbnail","6":"product_cat-food-and-feeding","7":"product_cat-feeding-bowls","9":"first","10":"instock","11":"taxable","12":"shipping-taxable","13":"purchasable","14":"product-type-simple"},"acf":[],"aioseo_notices":[],"jetpack_sharing_enabled":true,"_links":{"self":[{"href":"https:\/\/antcube.shop\/hu\/wp-json\/wp\/v2\/product\/2858","targetHints":{"allow":["GET"]}}],"collection":[{"href":"https:\/\/antcube.shop\/hu\/wp-json\/wp\/v2\/product"}],"about":[{"href":"https:\/\/antcube.shop\/hu\/wp-json\/wp\/v2\/types\/product"}],"replies":[{"embeddable":true,"href":"https:\/\/antcube.shop\/hu\/wp-json\/wp\/v2\/comments?post=2858"}],"wp:featuredmedia":[{"embeddable":true,"href":"https:\/\/antcube.shop\/hu\/wp-json\/wp\/v2\/media\/304"}],"wp:attachment":[{"href":"https:\/\/antcube.shop\/hu\/wp-json\/wp\/v2\/media?parent=2858"}],"wp:term":[{"taxonomy":"product_brand","embeddable":true,"href":"https:\/\/antcube.shop\/hu\/wp-json\/wp\/v2\/product_brand?post=2858"},{"taxonomy":"product_cat","embeddable":true,"href":"https:\/\/antcube.shop\/hu\/wp-json\/wp\/v2\/product_cat?post=2858"},{"taxonomy":"product_tag","embeddable":true,"href":"https:\/\/antcube.shop\/hu\/wp-json\/wp\/v2\/product_tag?post=2858"}],"curies":[{"name":"wp","href":"https:\/\/api.w.org\/{rel}","templated":true}]}}