{"id":2854,"date":"2021-10-13T18:40:55","date_gmt":"2021-10-13T16:40:55","guid":{"rendered":"https:\/\/antcube.shop\/produkt\/mini-thermo-hygrometer-analog-display-hangend\/"},"modified":"2026-04-11T10:12:08","modified_gmt":"2026-04-11T08:12:08","slug":"mini-thermo-hygrometer-analog-kijelzo-hangend-2","status":"publish","type":"product","link":"https:\/\/antcube.shop\/hu\/termek\/mini-thermo-hygrometer-analog-kijelzo-hangend-2\/","title":{"rendered":"Mini termo higrom\u00e9ter anal\u00f3g - kijelz\u0151 - akaszt\u00e1s"},"content":{"rendered":"<p><strong>M\u00e9retek:<\/strong> 75mm x 45mm, 20mm m\u00e9ly<\/p>\n<p><strong>Anyag:<\/strong> f\u00e9m \/ akril<\/p>\n<p><strong>Sz\u00edn:<\/strong> f\u00e9m, ez\u00fcst \/ \u00e1tl\u00e1tsz\u00f3<\/p>\n<p><strong>Tartalom:<\/strong> 1x mini h\u0151m\u00e9r\u0151 anal\u00f3g f\u00e9m - 25mm, 1x mini higrom\u00e9ter anal\u00f3g f\u00e9m - 25mm, 1x akril \u00fcvegtart\u00f3 kiv\u00e1g\u00e1sokkal a m\u00e9r\u0151eszk\u00f6z\u00f6k sz\u00e1m\u00e1ra - 75x45mm, 1x akril \u00fcveg alap - 75x20mm, 2x \u00e1tl\u00e1tsz\u00f3 ragaszt\u00f3bet\u00e9t - 30x20mm.<\/p>\n<p><strong>Le\u00edr\u00e1s:<\/strong><br \/>\nA k\u00e9szlet f\u00e9mb\u0151l k\u00e9sz\u00fclt anal\u00f3g h\u0151m\u00e9r\u0151b\u0151l \u00e9s higrom\u00e9terb\u0151l (25 mm) \u00e1ll, amelyek egy akril \u00fcveglapba (75x45 mm) vannak behelyezve. A kijelz\u0151t k\u00e9t \u00e1tl\u00e1tsz\u00f3 ragaszt\u00f3p\u00e1rna seg\u00edts\u00e9g\u00e9vel r\u00f6gz\u00edtj\u00fck, amelyekkel az alapot (75x20mm) a fedlapok vagy keretek f\u00f6l\u00e9 r\u00f6gz\u00edthetj\u00fck.<\/p>\n<p><strong>Tipp:<\/strong><br \/>\nA h\u00e1toldalon l\u00e9v\u0151 m\u00e9r\u0151eszk\u00f6z\u00f6knek szabadon kell maradniuk, k\u00fcl\u00f6nben m\u00e9r\u00e9si hib\u00e1k l\u00e9phetnek fel.<\/p>\n<p><strong>Pontoss\u00e1g:<\/strong> +\/- 2\u00b0C , +\/- 4\u00b0F<br \/>\n<strong>Pontoss\u00e1g:<\/strong> +\/- 5%<\/p>","protected":false},"excerpt":{"rendered":"<p>Akril \u00fcveglapba (75x45mm) illesztett h\u0151m\u00e9r\u0151 \u00e9s higrom\u00e9ter k\u00e9szlet f\u00e9mb\u0151l (25mm).<\/p>","protected":false},"featured_media":311,"comment_status":"open","ping_status":"closed","template":"","meta":{"_acf_changed":false,"content-type":"","_monsterinsights_skip_tracking":false,"_monsterinsights_sitenote_active":false,"_monsterinsights_sitenote_note":"","_monsterinsights_sitenote_category":0},"product_brand":[],"product_cat":[119,239],"product_tag":[],"class_list":{"0":"post-2854","1":"product","2":"type-product","3":"status-publish","4":"has-post-thumbnail","6":"product_cat-formicarium-components","7":"product_cat-useful-additions","9":"first","10":"instock","11":"taxable","12":"shipping-taxable","13":"purchasable","14":"product-type-simple"},"acf":[],"aioseo_notices":[],"jetpack_sharing_enabled":true,"_links":{"self":[{"href":"https:\/\/antcube.shop\/hu\/wp-json\/wp\/v2\/product\/2854","targetHints":{"allow":["GET"]}}],"collection":[{"href":"https:\/\/antcube.shop\/hu\/wp-json\/wp\/v2\/product"}],"about":[{"href":"https:\/\/antcube.shop\/hu\/wp-json\/wp\/v2\/types\/product"}],"replies":[{"embeddable":true,"href":"https:\/\/antcube.shop\/hu\/wp-json\/wp\/v2\/comments?post=2854"}],"wp:featuredmedia":[{"embeddable":true,"href":"https:\/\/antcube.shop\/hu\/wp-json\/wp\/v2\/media\/311"}],"wp:attachment":[{"href":"https:\/\/antcube.shop\/hu\/wp-json\/wp\/v2\/media?parent=2854"}],"wp:term":[{"taxonomy":"product_brand","embeddable":true,"href":"https:\/\/antcube.shop\/hu\/wp-json\/wp\/v2\/product_brand?post=2854"},{"taxonomy":"product_cat","embeddable":true,"href":"https:\/\/antcube.shop\/hu\/wp-json\/wp\/v2\/product_cat?post=2854"},{"taxonomy":"product_tag","embeddable":true,"href":"https:\/\/antcube.shop\/hu\/wp-json\/wp\/v2\/product_tag?post=2854"}],"curies":[{"name":"wp","href":"https:\/\/api.w.org\/{rel}","templated":true}]}}