{"id":2853,"date":"2021-10-13T18:40:45","date_gmt":"2021-10-13T16:40:45","guid":{"rendered":"https:\/\/antcube.shop\/produkt\/gittereinsatz-50mm-edelstahl\/"},"modified":"2026-04-08T18:39:20","modified_gmt":"2026-04-08T16:39:20","slug":"gittereinsatz-50mm-edelstahl","status":"publish","type":"product","link":"https:\/\/antcube.shop\/hu\/termek\/gittereinsatz-50mm-edelstahl\/","title":{"rendered":"R\u00e1csbet\u00e9t - 50mm - rozsdamentes ac\u00e9l"},"content":{"rendered":"<p><strong>Mennyis\u00e9g:<\/strong> 1 darab<\/p>\n<p><strong>M\u00e9retek:<\/strong> 50 mm (bels\u0151 \u00e1tm\u00e9r\u0151), 56\u00d74 mm (k\u00fcls\u0151 m\u00e9retek)<\/p>\n<p><strong>Sz\u00edn:<\/strong> \u00e1tl\u00e1tsz\u00f3<\/p>\n<p><strong>Anyag:<\/strong> rozsdamentes ac\u00e9l, akril\u00fcveg<\/p>\n<p><strong>Le\u00edr\u00e1s:<\/strong><br \/>\nEz a nagyon finom rozsdamentes ac\u00e9lr\u00e1cs (0,2 mm) r\u00e1csbet\u00e9t 50 mm-es lyukakba helyezhet\u0151, \u00e9s j\u00f3 szell\u0151z\u00e9st biztos\u00edt a formicariumban an\u00e9lk\u00fcl, hogy a hangy\u00e1k kit\u00f6rhetn\u00e9nek.<br \/>\nOldalir\u00e1ny\u00fa r\u00f6gz\u00edt\u00e9s eset\u00e9n javasoljuk a kieg\u00e9sz\u00edt\u0151 r\u00f6gz\u00edt\u00e9st a kereskedelemben kaphat\u00f3 ragaszt\u00f3kkal, hogy elker\u00fclhet\u0151 legyen az esetleges \u00fct\u00e9sek miatti kies\u00e9s.<\/p>\n<p><strong>Megjegyz\u00e9s:<\/strong> Nagyon er\u0151s harap\u00e1s\u00fa fajok, mint p\u00e9ld\u00e1ul a lev\u00e9lv\u00e1g\u00f3 hangy\u00e1k ellen is alkalmas!<\/p>\n<p>&nbsp;<\/p>","protected":false},"excerpt":{"rendered":"<p>Mennyis\u00e9g: M\u00e9retek: 1 db: Sz\u00edn: \u00e1tl\u00e1tsz\u00f3 Anyag: rozsdamentes ac\u00e9l, akril\u00fcveg Le\u00edr\u00e1s: 50 mm (bels\u0151 \u00e1tm\u00e9r\u0151), 56x4 mm (k\u00fcls\u0151 m\u00e9retek): Ez a r\u00e1csbet\u00e9t nagyon finom rozsdamentes ac\u00e9lr\u00e1ccsal (0,2 mm) az 50 mm-es lyukakba illeszthet\u0151, \u00e9s j\u00f3 formik\u00e1riumi szell\u0151z\u00e9st biztos\u00edt an\u00e9lk\u00fcl, hogy a hangy\u00e1k kit\u00f6rhetn\u00e9nek. Oldalir\u00e1ny\u00fa r\u00f6gz\u00edt\u00e9s eset\u00e9n","protected":false},"featured_media":338,"comment_status":"open","ping_status":"closed","template":"","meta":{"_acf_changed":false,"content-type":"","_monsterinsights_skip_tracking":false,"_monsterinsights_sitenote_active":false,"_monsterinsights_sitenote_note":"","_monsterinsights_sitenote_category":0},"product_brand":[],"product_cat":[238],"product_tag":[],"class_list":{"0":"post-2853","1":"product","2":"type-product","3":"status-publish","4":"has-post-thumbnail","6":"product_cat-grid-caps-plugs-and-inserts","8":"first","9":"instock","10":"taxable","11":"shipping-taxable","12":"purchasable","13":"product-type-simple"},"acf":[],"aioseo_notices":[],"jetpack_sharing_enabled":true,"_links":{"self":[{"href":"https:\/\/antcube.shop\/hu\/wp-json\/wp\/v2\/product\/2853","targetHints":{"allow":["GET"]}}],"collection":[{"href":"https:\/\/antcube.shop\/hu\/wp-json\/wp\/v2\/product"}],"about":[{"href":"https:\/\/antcube.shop\/hu\/wp-json\/wp\/v2\/types\/product"}],"replies":[{"embeddable":true,"href":"https:\/\/antcube.shop\/hu\/wp-json\/wp\/v2\/comments?post=2853"}],"wp:featuredmedia":[{"embeddable":true,"href":"https:\/\/antcube.shop\/hu\/wp-json\/wp\/v2\/media\/338"}],"wp:attachment":[{"href":"https:\/\/antcube.shop\/hu\/wp-json\/wp\/v2\/media?parent=2853"}],"wp:term":[{"taxonomy":"product_brand","embeddable":true,"href":"https:\/\/antcube.shop\/hu\/wp-json\/wp\/v2\/product_brand?post=2853"},{"taxonomy":"product_cat","embeddable":true,"href":"https:\/\/antcube.shop\/hu\/wp-json\/wp\/v2\/product_cat?post=2853"},{"taxonomy":"product_tag","embeddable":true,"href":"https:\/\/antcube.shop\/hu\/wp-json\/wp\/v2\/product_tag?post=2853"}],"curies":[{"name":"wp","href":"https:\/\/api.w.org\/{rel}","templated":true}]}}