{"id":2849,"date":"2021-10-13T18:40:06","date_gmt":"2021-10-13T16:40:06","guid":{"rendered":"https:\/\/antcube.shop\/produkt\/gitterkappe-6mm-edelstahl\/"},"modified":"2026-04-02T17:33:33","modified_gmt":"2026-04-02T15:33:33","slug":"gitterkappe-6mm-edelstahl","status":"publish","type":"product","link":"https:\/\/antcube.shop\/hu\/termek\/gitterkappe-6mm-edelstahl\/","title":{"rendered":"R\u00e1csz\u00e1r\u00f3 sapka - 6mm - Rozsdamentes ac\u00e9l"},"content":{"rendered":"<p><strong>Mennyis\u00e9g:<\/strong> 1 darab<\/p>\n<p><strong>M\u00e9retek:<\/strong> 6 mm (bels\u0151 \u00e1tm\u00e9r\u0151), 10\u00d74 mm (k\u00fcls\u0151 m\u00e9retek)<\/p>\n<p><strong>Sz\u00edn:<\/strong> \u00e1tl\u00e1tsz\u00f3<\/p>\n<p><strong>Anyag:<\/strong> rozsdamentes ac\u00e9l, akril<\/p>\n<p><strong>Le\u00edr\u00e1s:<\/strong><br \/>\nEz a nagyon finom rozsdamentes ac\u00e9lr\u00e1csos (0,2 mm) r\u00e1csos sapka egy aljzatra, cs\u0151re vagy t\u00f6ml\u0151v\u00e9gre helyezhet\u0151, \u00e9s j\u00f3 szell\u0151z\u00e9st biztos\u00edt a formik\u00e1riumban an\u00e9lk\u00fcl, hogy a hangy\u00e1k ki tudn\u00e1nak t\u00f6rni. Mind a rozsdamentes ac\u00e9lr\u00e1cs, mind az akril\u00fcveg keret \u00e1tl\u00e1tsz\u00f3.<\/p>\n<p><strong>Megjegyz\u00e9s:<\/strong> Nagyon er\u0151s harap\u00e1s\u00fa fajok, mint p\u00e9ld\u00e1ul a lev\u00e9lv\u00e1g\u00f3 hangy\u00e1k ellen is alkalmas!<\/p>\n<p>&nbsp;<\/p>","protected":false},"excerpt":{"rendered":"<p>Mennyis\u00e9g: M\u00e9retek: 1 db: Sz\u00edn: \u00e1tl\u00e1tsz\u00f3 Anyag: rozsdamentes ac\u00e9l, akril Le\u00edr\u00e1s: 16 mm (bels\u0151 \u00e1tm\u00e9r\u0151), 20x4 mm (k\u00fcls\u0151 m\u00e9retek): Ez a nagyon finom rozsdamentes ac\u00e9lr\u00e1csos (0,2 mm) r\u00e1csos sapka felhelyezhet\u0151 egy aljzatra, cs\u0151re vagy t\u00f6ml\u0151v\u00e9gre, \u00e9s j\u00f3 formik\u00e1riumi szell\u0151z\u00e9st biztos\u00edt an\u00e9lk\u00fcl, hogy a hangy\u00e1k ki tudn\u00e1nak t\u00f6rni. Mind a","protected":false},"featured_media":334,"comment_status":"open","ping_status":"closed","template":"","meta":{"_acf_changed":false,"content-type":"","_monsterinsights_skip_tracking":false,"_monsterinsights_sitenote_active":false,"_monsterinsights_sitenote_note":"","_monsterinsights_sitenote_category":0},"product_brand":[],"product_cat":[238],"product_tag":[],"class_list":{"0":"post-2849","1":"product","2":"type-product","3":"status-publish","4":"has-post-thumbnail","6":"product_cat-grid-caps-plugs-and-inserts","8":"first","9":"instock","10":"taxable","11":"shipping-taxable","12":"purchasable","13":"product-type-simple"},"acf":[],"aioseo_notices":[],"jetpack_sharing_enabled":true,"_links":{"self":[{"href":"https:\/\/antcube.shop\/hu\/wp-json\/wp\/v2\/product\/2849","targetHints":{"allow":["GET"]}}],"collection":[{"href":"https:\/\/antcube.shop\/hu\/wp-json\/wp\/v2\/product"}],"about":[{"href":"https:\/\/antcube.shop\/hu\/wp-json\/wp\/v2\/types\/product"}],"replies":[{"embeddable":true,"href":"https:\/\/antcube.shop\/hu\/wp-json\/wp\/v2\/comments?post=2849"}],"wp:featuredmedia":[{"embeddable":true,"href":"https:\/\/antcube.shop\/hu\/wp-json\/wp\/v2\/media\/334"}],"wp:attachment":[{"href":"https:\/\/antcube.shop\/hu\/wp-json\/wp\/v2\/media?parent=2849"}],"wp:term":[{"taxonomy":"product_brand","embeddable":true,"href":"https:\/\/antcube.shop\/hu\/wp-json\/wp\/v2\/product_brand?post=2849"},{"taxonomy":"product_cat","embeddable":true,"href":"https:\/\/antcube.shop\/hu\/wp-json\/wp\/v2\/product_cat?post=2849"},{"taxonomy":"product_tag","embeddable":true,"href":"https:\/\/antcube.shop\/hu\/wp-json\/wp\/v2\/product_tag?post=2849"}],"curies":[{"name":"wp","href":"https:\/\/api.w.org\/{rel}","templated":true}]}}