{"id":2844,"date":"2021-10-13T18:37:59","date_gmt":"2021-10-13T16:37:59","guid":{"rendered":"https:\/\/antcube.shop\/produkt\/formicariengranulat-200ml-beige\/"},"modified":"2026-04-06T13:50:18","modified_gmt":"2026-04-06T11:50:18","slug":"formicariengranulat-200ml-bezs","status":"publish","type":"product","link":"https:\/\/antcube.shop\/hu\/termek\/formicariengranulat-200ml-bezs\/","title":{"rendered":"Formicarium granul\u00e1tum 200ml - b\u00e9zs"},"content":{"rendered":"<p><strong>Tartalom:<\/strong> 200ml (ez ~180g-nak felel meg)<\/p>\n<p><strong>Szemcsem\u00e9ret:<\/strong> 1 - 8 mm<\/p>\n<p><strong>Sz\u00edn:<\/strong> b\u00e9zs<\/p>\n<p><strong>Alapanyag:<\/strong> kiv\u00e1l\u00f3 min\u0151s\u00e9g\u0171 agyagok \u00e9s k\u0151zetek k\u00fcl\u00f6nleges kever\u00e9ke<\/p>\n<p><strong>Le\u00edr\u00e1s:<\/strong> Az anyag megtartja a nedvess\u00e9get \u00e9s j\u00f3 talajszell\u0151z\u00e9st biztos\u00edt a formik\u00e1riumban, v\u00e9d a pang\u00f3 v\u00edz \u00e9s a rothad\u00e1s ellen. A szemcs\u00e9s r\u00e9teget kb. 1-2 cm m\u00e9lys\u00e9gben kell haszn\u00e1lni, mint a legals\u00f3 talajr\u00e9teget a gazdas\u00e1gban.<\/p>\n<p><strong>Tulajdons\u00e1gok:<\/strong><br \/>\n- szervetlen, \u00e1sv\u00e1nyi term\u00e9k<br \/>\n- biol\u00f3giailag \u00e9s k\u00e9miailag semleges<br \/>\n- szerkezetileg stabil<br \/>\n- t\u00e1rolja a nedvess\u00e9get<\/p>\n<p>&nbsp;<\/p>","protected":false},"excerpt":{"rendered":"<p>r\u00e9ti vagy sivatagi talajra<\/p>","protected":false},"featured_media":5512,"comment_status":"open","ping_status":"closed","template":"","meta":{"_acf_changed":false,"content-type":"","_monsterinsights_skip_tracking":false,"_monsterinsights_sitenote_active":false,"_monsterinsights_sitenote_note":"","_monsterinsights_sitenote_category":0},"product_brand":[],"product_cat":[241],"product_tag":[],"class_list":{"0":"post-2844","1":"product","2":"type-product","3":"status-publish","4":"has-post-thumbnail","6":"product_cat-granules","8":"first","9":"instock","10":"taxable","11":"shipping-taxable","12":"purchasable","13":"product-type-simple"},"acf":[],"aioseo_notices":[],"jetpack_sharing_enabled":true,"_links":{"self":[{"href":"https:\/\/antcube.shop\/hu\/wp-json\/wp\/v2\/product\/2844","targetHints":{"allow":["GET"]}}],"collection":[{"href":"https:\/\/antcube.shop\/hu\/wp-json\/wp\/v2\/product"}],"about":[{"href":"https:\/\/antcube.shop\/hu\/wp-json\/wp\/v2\/types\/product"}],"replies":[{"embeddable":true,"href":"https:\/\/antcube.shop\/hu\/wp-json\/wp\/v2\/comments?post=2844"}],"wp:featuredmedia":[{"embeddable":true,"href":"https:\/\/antcube.shop\/hu\/wp-json\/wp\/v2\/media\/5512"}],"wp:attachment":[{"href":"https:\/\/antcube.shop\/hu\/wp-json\/wp\/v2\/media?parent=2844"}],"wp:term":[{"taxonomy":"product_brand","embeddable":true,"href":"https:\/\/antcube.shop\/hu\/wp-json\/wp\/v2\/product_brand?post=2844"},{"taxonomy":"product_cat","embeddable":true,"href":"https:\/\/antcube.shop\/hu\/wp-json\/wp\/v2\/product_cat?post=2844"},{"taxonomy":"product_tag","embeddable":true,"href":"https:\/\/antcube.shop\/hu\/wp-json\/wp\/v2\/product_tag?post=2844"}],"curies":[{"name":"wp","href":"https:\/\/api.w.org\/{rel}","templated":true}]}}