{"id":2843,"date":"2021-10-13T18:37:49","date_gmt":"2021-10-13T16:37:49","guid":{"rendered":"https:\/\/antcube.shop\/produkt\/ameisenarena-abdeckung-20x20\/"},"modified":"2026-04-05T21:18:12","modified_gmt":"2026-04-05T19:18:12","slug":"ameisenarena-abdeckung-20x20","status":"publish","type":"product","link":"https:\/\/antcube.shop\/hu\/termek\/ameisenarena-abdeckung-20x20\/","title":{"rendered":"Hangya ar\u00e9na bor\u00edt\u00e1s 20\u00d720"},"content":{"rendered":"<p><strong>M\u00e9retek (LxBxH):<\/strong> 20x20x0,4 cm<\/p>\n<p><strong>Anyag:<\/strong> \u00fasztatott \u00fcveg<\/p>\n<p><strong>Sz\u00edn:<\/strong> krist\u00e1lytiszta \/ \u00e1tl\u00e1tsz\u00f3<\/p>\n<p><strong>Tartalom:<\/strong><br \/>\n1x hangya ar\u00e9na fed\u00e9l<br \/>\n1x r\u00f6gz\u00edt\u00e9si pontok \u00e0 4 db.<\/p>\n<p><strong>Le\u00edr\u00e1s:<\/strong><br \/>\n\u00dcvegb\u0151l k\u00e9sz\u00fclt fed\u00e9l a hangyaar\u00e9na sz\u00e1m\u00e1ra menek\u00fcl\u00e9s elleni v\u00e9delemk\u00e9nt.<\/p>\n<p><strong>Alkalmaz\u00e1s:<\/strong><br \/>\nAz \u00fcvegb\u0151l k\u00e9sz\u00fclt hangyaar\u00e9na-burkolat egy hangyaar\u00e9n\u00e1ra ker\u00fcl, \u00e9s azonnal a kl\u00edmaszab\u00e1lyoz\u00e1sra is szolg\u00e1l.<br \/>\nAz 50 mm-es ny\u00edl\u00e1sokba k\u00fcl\u00f6nb\u00f6z\u0151 kl\u00edmavez\u00e9rl\u0151 modulok illeszthet\u0151k, pl. szell\u0151z\u0151r\u00e1csok, vil\u00e1g\u00edt\u00e1s vagy p\u00e1r\u00e1s\u00edt\u00e1s.<br \/>\nAnnak \u00e9rdek\u00e9ben, hogy a hangy\u00e1k ne tudjanak kisz\u00f6kni a ny\u00edl\u00e1sokon kereszt\u00fcl, a lyukak k\u00f6r\u00fcli aljzatra menek\u00fcl\u00e9sg\u00e1tl\u00f3t (olajat, port vagy lakkot) kell felvinni.<\/p>\n<p><strong>\u00c9rtes\u00edt\u00e9s:<\/strong><br \/>\nMivel a term\u00e9k \u00fcvegb\u0151l k\u00e9sz\u00fclt, \u00e9s ez\u00e9rt t\u00f6r\u00e9svesz\u00e9lyes, nagyon \u00f3vatosan kell kezelni.<\/p>\n<p>&nbsp;<\/p>","protected":false},"excerpt":{"rendered":"<p>M\u00e9retek (LxBxH): 30x30x0,4 cm Anyag: \u00fasztatott \u00fcveg Sz\u00edn: krist\u00e1lytiszta \/ \u00e1tl\u00e1tsz\u00f3 Tartalom: 1x hangya ar\u00e9na fedele 1x r\u00f6gz\u00edt\u00e9si pontok \u00e0 4 db.  \u00dcvegb\u0151l k\u00e9sz\u00fclt fed\u00e9l a hangyaar\u00e9n\u00e1hoz menek\u00fcl\u00e9s elleni v\u00e9delemk\u00e9nt. Alkalmaz\u00e1s: Az \u00fcvegb\u0151l k\u00e9sz\u00fclt hangyaar\u00e9na fedelet a hangyaar\u00e9n\u00e1ra helyezz\u00fck, \u00e9s azonnal szolg\u00e1l is a","protected":false},"featured_media":333,"comment_status":"open","ping_status":"closed","template":"","meta":{"_acf_changed":false,"content-type":"","_monsterinsights_skip_tracking":false,"_monsterinsights_sitenote_active":false,"_monsterinsights_sitenote_note":"","_monsterinsights_sitenote_category":0},"product_brand":[],"product_cat":[91,92],"product_tag":[],"class_list":{"0":"post-2843","1":"product","2":"type-product","3":"status-publish","4":"has-post-thumbnail","6":"product_cat-formicarium-modules","7":"product_cat-arena-cover","9":"first","10":"instock","11":"taxable","12":"shipping-taxable","13":"purchasable","14":"product-type-simple"},"acf":[],"aioseo_notices":[],"jetpack_sharing_enabled":true,"_links":{"self":[{"href":"https:\/\/antcube.shop\/hu\/wp-json\/wp\/v2\/product\/2843","targetHints":{"allow":["GET"]}}],"collection":[{"href":"https:\/\/antcube.shop\/hu\/wp-json\/wp\/v2\/product"}],"about":[{"href":"https:\/\/antcube.shop\/hu\/wp-json\/wp\/v2\/types\/product"}],"replies":[{"embeddable":true,"href":"https:\/\/antcube.shop\/hu\/wp-json\/wp\/v2\/comments?post=2843"}],"wp:featuredmedia":[{"embeddable":true,"href":"https:\/\/antcube.shop\/hu\/wp-json\/wp\/v2\/media\/333"}],"wp:attachment":[{"href":"https:\/\/antcube.shop\/hu\/wp-json\/wp\/v2\/media?parent=2843"}],"wp:term":[{"taxonomy":"product_brand","embeddable":true,"href":"https:\/\/antcube.shop\/hu\/wp-json\/wp\/v2\/product_brand?post=2843"},{"taxonomy":"product_cat","embeddable":true,"href":"https:\/\/antcube.shop\/hu\/wp-json\/wp\/v2\/product_cat?post=2843"},{"taxonomy":"product_tag","embeddable":true,"href":"https:\/\/antcube.shop\/hu\/wp-json\/wp\/v2\/product_tag?post=2843"}],"curies":[{"name":"wp","href":"https:\/\/api.w.org\/{rel}","templated":true}]}}