{"id":2842,"date":"2021-10-13T18:37:40","date_gmt":"2021-10-13T16:37:40","guid":{"rendered":"https:\/\/antcube.shop\/produkt\/ameisenarena-rahmen-20x20\/"},"modified":"2026-04-07T21:28:14","modified_gmt":"2026-04-07T19:28:14","slug":"ameisenarena-rahmen-20x20","status":"publish","type":"product","link":"https:\/\/antcube.shop\/hu\/termek\/ameisenarena-rahmen-20x20\/","title":{"rendered":"Hangya ar\u00e9na keret 20\u00d720"},"content":{"rendered":"<p><strong>M\u00e9retek (LxBxH):<\/strong> 20x20x0,4 cm<\/p>\n<p><strong>Anyag:<\/strong> \u00fasztatott \u00fcveg<\/p>\n<p><strong>Sz\u00edn:<\/strong> krist\u00e1lytiszta \/ \u00e1tl\u00e1tsz\u00f3<\/p>\n<p><strong>Tartalom:<\/strong><br \/>\n1x hangya ar\u00e9na keret<\/p>\n<p><strong>Le\u00edr\u00e1s:<\/strong><br \/>\n\u00dcvegb\u0151l k\u00e9sz\u00fclt keret a hangyaar\u00e9na kit\u00f6r\u00e9s elleni v\u00e9delemk\u00e9nt.<\/p>\n<p><strong>Alkalmaz\u00e1s:<\/strong><br \/>\nA hangyaar\u00e9na-keret egy \u00fcvegb\u0151l k\u00e9sz\u00fclt keret, amelyet a hangyaar\u00e9n\u00e1ra helyeznek, \u00e9s az als\u00f3 oldalr\u00f3l kit\u00f6r\u00e9sg\u00e1tl\u00f3val (olaj, por vagy lakk) l\u00e1tj\u00e1k el, \u00edgy megakad\u00e1lyozz\u00e1k a hangy\u00e1k kit\u00f6r\u00e9s\u00e9t.<\/p>\n<p><strong>\u00c9rtes\u00edt\u00e9s:<\/strong><br \/>\nMivel a cikk \u00fcvegb\u0151l k\u00e9sz\u00fclt, \u00e9s ez\u00e9rt \u00e9rz\u00e9keny, nagyon \u00f3vatosan kell vele b\u00e1nni. Az \u00fcveget a DIN 1249 szabv\u00e1ny szerint v\u00e1gj\u00e1k, +\/- 1 mm-es t\u0171r\u00e9ssel. A rendk\u00edv\u00fcl kis hangyafajok eset\u00e9ben tov\u00e1bbi kit\u00f6r\u00e9sv\u00e9delemre van sz\u00fcks\u00e9g.<\/p>\n<p>&nbsp;<\/p>","protected":false},"excerpt":{"rendered":"<p>M\u00e9retek (LxBxH): 20x20x0,4 cm Anyag: \u00fasztatott \u00fcveg Sz\u00edn: krist\u00e1lytiszta \/ \u00e1tl\u00e1tsz\u00f3 Tartalom: Le\u00edr\u00e1s: 1x hangya ar\u00e9na keret: \u00dcvegb\u0151l k\u00e9sz\u00fclt keret a hangya ar\u00e9n\u00e1hoz kit\u00f6r\u00e9sv\u00e9delemk\u00e9nt. Alkalmaz\u00e1s: A hangya ar\u00e9na keret egy \u00fcvegb\u0151l k\u00e9sz\u00fclt keret, amely egy hangya ar\u00e9n\u00e1ra ker\u00fcl, \u00e9s kit\u00f6r\u00e9s elleni v\u00e9delemmel van ell\u00e1tva.","protected":false},"featured_media":332,"comment_status":"open","ping_status":"closed","template":"","meta":{"_acf_changed":false,"content-type":"","_monsterinsights_skip_tracking":false,"_monsterinsights_sitenote_active":false,"_monsterinsights_sitenote_note":"","_monsterinsights_sitenote_category":0},"product_brand":[],"product_cat":[91,93],"product_tag":[],"class_list":{"0":"post-2842","1":"product","2":"type-product","3":"status-publish","4":"has-post-thumbnail","6":"product_cat-formicarium-modules","7":"product_cat-arena-frame","9":"first","10":"instock","11":"taxable","12":"shipping-taxable","13":"purchasable","14":"product-type-simple"},"acf":[],"aioseo_notices":[],"jetpack_sharing_enabled":true,"_links":{"self":[{"href":"https:\/\/antcube.shop\/hu\/wp-json\/wp\/v2\/product\/2842","targetHints":{"allow":["GET"]}}],"collection":[{"href":"https:\/\/antcube.shop\/hu\/wp-json\/wp\/v2\/product"}],"about":[{"href":"https:\/\/antcube.shop\/hu\/wp-json\/wp\/v2\/types\/product"}],"replies":[{"embeddable":true,"href":"https:\/\/antcube.shop\/hu\/wp-json\/wp\/v2\/comments?post=2842"}],"wp:featuredmedia":[{"embeddable":true,"href":"https:\/\/antcube.shop\/hu\/wp-json\/wp\/v2\/media\/332"}],"wp:attachment":[{"href":"https:\/\/antcube.shop\/hu\/wp-json\/wp\/v2\/media?parent=2842"}],"wp:term":[{"taxonomy":"product_brand","embeddable":true,"href":"https:\/\/antcube.shop\/hu\/wp-json\/wp\/v2\/product_brand?post=2842"},{"taxonomy":"product_cat","embeddable":true,"href":"https:\/\/antcube.shop\/hu\/wp-json\/wp\/v2\/product_cat?post=2842"},{"taxonomy":"product_tag","embeddable":true,"href":"https:\/\/antcube.shop\/hu\/wp-json\/wp\/v2\/product_tag?post=2842"}],"curies":[{"name":"wp","href":"https:\/\/api.w.org\/{rel}","templated":true}]}}