{"id":2841,"date":"2021-10-13T18:37:30","date_gmt":"2021-10-13T16:37:30","guid":{"rendered":"https:\/\/antcube.shop\/produkt\/food-mix-set-standard\/"},"modified":"2026-04-11T13:18:17","modified_gmt":"2026-04-11T11:18:17","slug":"food-mix-set-standard","status":"publish","type":"product","link":"https:\/\/antcube.shop\/hu\/termek\/food-mix-set-standard\/","title":{"rendered":"\u00c9lelmiszerkever\u00e9k-k\u00e9szlet - Standard"},"content":{"rendered":"<p><strong>Tartalom:<\/strong> 2ml adagol\u00f3cs\u00f6venk\u00e9nt<br \/>\n2x feh\u00e9rjet\u00e1p (PP)<br \/>\n2x feh\u00e9rjet\u00e1p FD rovarok (PI)<br \/>\n2x sz\u00e9nhidr\u00e1ttartalm\u00fa \u00e9lelmiszer (K)<br \/>\n2x gy\u00fcm\u00f6lcst\u00e1p (F)<br \/>\n2x cukor-m\u00e9z oldat (ZH)<br \/>\n1x szivacs<\/p>\n<p><span data-text-color=\"alert\"><strong>Figyelem!<\/strong> <\/span>K\u00e9rj\u00fck, hogy a port egy csepp v\u00edzzel keverje \u00f6ssze, mert sz\u00e1razon nem fogadj\u00e1k el az \u00e1llatok!<\/p>\n<p><strong>Le\u00edr\u00e1s:<\/strong><br \/>\nEz a Food Mix Set k\u00fcl\u00f6nb\u00f6z\u0151 hangyafajok sz\u00e1m\u00e1ra k\u00e9sz\u00fclt, amelyek sz\u00e9nhidr\u00e1tokkal \u00e9s feh\u00e9rj\u00e9kkel t\u00e1pl\u00e1lkoznak. Mindent tartalmaz, amire a hangy\u00e1knak sz\u00fcks\u00e9g\u00fck van a kiegyens\u00falyozott t\u00e1pl\u00e1lkoz\u00e1shoz. Mivel az egyes t\u00e1pl\u00e1l\u00e9kadagok k\u00fcl\u00f6n cs\u00f6vekbe vannak t\u00f6ltve, k\u00f6nnyen adagolhat\u00f3ak. A feh\u00e9rje-, sz\u00e9nhidr\u00e1t- \u00e9s gy\u00fcm\u00f6lcst\u00e1pot aj\u00e1nlott minim\u00e1lisan megnedves\u00edteni egy kev\u00e9s v\u00edzzel. Ez megakad\u00e1lyozza azt is, hogy a por kics\u00f6p\u00f6gj\u00f6n, amikor a lyukban l\u00e9v\u0151 \"k\u00f6z\u00e9ps\u0151\" formic\u00e1riumban haszn\u00e1ljuk.<\/p>\n<p><strong>Haszn\u00e1lat\/alkalmaz\u00e1s:<\/strong><br \/>\nFeh\u00e9rjet\u00e1p = rovarev\u0151 hangyafajok (Eulipotyphla) sz\u00e1m\u00e1ra.<br \/>\nKieg\u00e9sz\u00edt\u0151 takarm\u00e1ny (kevert takarm\u00e1ny).<br \/>\nEgy csepp v\u00edzzel kell \u00f6sszekeverni, \u00e9s akkor csak 1 napig tarthat\u00f3 nedvesen. \u00dajb\u00f3li felhaszn\u00e1l\u00e1s el\u0151tt alaposan tiszt\u00edtsa meg az etet\u0151t\u00e1lat\/cs\u00f6vet.<br \/>\nA felbontott csomagot j\u00f3l lez\u00e1rva (ha sz\u00e1razon t\u00e1rolj\u00e1k) a felt\u00fcntetett (min\u0151s\u00e9gmeg\u0151rz\u00e9si id\u0151) id\u0151pontig kell felhaszn\u00e1lni.<\/p>\n<p>Feh\u00e9rjetakarm\u00e1ny FD = rovarev\u0151 hangyafajok (Eulipotyphla) eset\u00e9ben<br \/>\nEz egy kieg\u00e9sz\u00edt\u0151 takarm\u00e1ny (\u00f6sszetett takarm\u00e1ny).<br \/>\nEgy csepp v\u00edzzel kell \u00f6sszekeverni, \u00e9s akkor csak 1 napig tarthat\u00f3 nedvesen. \u00dajb\u00f3li felhaszn\u00e1l\u00e1s el\u0151tt alaposan tiszt\u00edtsa meg az etet\u0151t\u00e1lat\/cs\u00f6vet.<br \/>\nA felbontott csomagot j\u00f3l lez\u00e1rva (ha sz\u00e1razon t\u00e1rolj\u00e1k) a felt\u00fcntetett (min\u0151s\u00e9gmeg\u0151rz\u00e9si id\u0151) id\u0151pontig kell felhaszn\u00e1lni.<\/p>\n<p>Sz\u00e9nhidr\u00e1ttartalm\u00fa t\u00e1pl\u00e1l\u00e9k = cukor\/m\u00e9zev\u0151 hangyafajok sz\u00e1m\u00e1ra<br \/>\nKieg\u00e9sz\u00edt\u0151 takarm\u00e1ny (\u00f6sszetett takarm\u00e1ny).<br \/>\nEgy csepp v\u00edzzel \u00f6sszekeverhet\u0151, majd nedvesen 3 napig eltarthat\u00f3. \u00dajb\u00f3li felhaszn\u00e1l\u00e1s el\u0151tt alaposan tiszt\u00edtsa meg az etet\u0151t\u00e1lat\/cs\u00f6vet.<br \/>\nA felbontott csomagot j\u00f3l lez\u00e1rva (ha sz\u00e1razon t\u00e1rolj\u00e1k) a felt\u00fcntetett (min\u0151s\u00e9gmeg\u0151rz\u00e9si id\u0151) id\u0151pontig kell felhaszn\u00e1lni.<\/p>\n<p>Gy\u00fcm\u00f6lcst\u00e1p = gy\u00fcm\u00f6lcsev\u0151 hangyafajok (frugivorok) sz\u00e1m\u00e1ra.<br \/>\nKieg\u00e9sz\u00edt\u0151 takarm\u00e1ny (egyszeri takarm\u00e1ny).<br \/>\nEgy csepp v\u00edzzel keverhet\u0151, \u00e9s nedvesen 3 napig eltarthat\u00f3. \u00dajb\u00f3li felhaszn\u00e1l\u00e1s el\u0151tt alaposan tiszt\u00edtsa meg az etet\u0151t\u00e1lat\/cs\u00f6vet.<br \/>\nA felbontott csomagot j\u00f3l lez\u00e1rva (ha sz\u00e1razon t\u00e1rolj\u00e1k) a felt\u00fcntetett (min\u0151s\u00e9gmeg\u0151rz\u00e9si id\u0151) id\u0151pontig kell felhaszn\u00e1lni.<\/p>\n<p>Cukros-m\u00e9zes oldat = cukor\/m\u00e9zev\u0151 hangyafajok sz\u00e1m\u00e1ra.<br \/>\nKieg\u00e9sz\u00edt\u0151 takarm\u00e1ny (\u00f6sszetett takarm\u00e1ny).<br \/>\nAz \u00e1llatoknak sz\u00e1ll\u00edtott \u00e1llapotban is fel lehet k\u00edn\u00e1lni. Mivel a nedvess\u00e9g cs\u00f6kkenti a cukorkoncentr\u00e1ci\u00f3t, \u00e9s erjed\u00e9si folyamat indul be, a takarm\u00e1nyt 3 naponta ki kell cser\u00e9lni. \u00dajb\u00f3li felhaszn\u00e1l\u00e1s el\u0151tt alaposan tiszt\u00edtsa meg az etet\u0151t\u00e1lat\/cs\u00f6vet.<br \/>\nA felbontott csomagot szorosan lez\u00e1rva kell felhaszn\u00e1lni a felt\u00fcntetett (min\u0151s\u00e9gmeg\u0151rz\u00e9si) d\u00e1tumig.<\/p>\n<p><strong>\u00c9rtes\u00edt\u00e9s:<\/strong><br \/>\nAz etet\u0151cs\u00f6vek haszn\u00e1lat\u00e1ra vonatkoz\u00f3 inform\u00e1ci\u00f3k itt tal\u00e1lhat\u00f3k: Link<br \/>\nTeljes \u00e9rt\u00e9k\u0171 takarm\u00e1ny rovarev\u0151 hangy\u00e1k sz\u00e1m\u00e1ra.<br \/>\nAz \u00f6sszet\u00e9telt, az analitikai \u00f6sszetev\u0151ket, a min\u0151s\u00e9gmeg\u0151rz\u00e9si id\u0151t \u00e9s a t\u00e9telsz\u00e1mot l\u00e1sd a betegt\u00e1j\u00e9koztat\u00f3ban.<\/p>\n<p>Inform\u00e1ci\u00f3s forr\u00f3dr\u00f3t +49 30 439703870<\/p>\n<p>Felel\u0151s \u00e1llat-eg\u00e9szs\u00e9g\u00fcgyi \u00e9s \u00e9lelmiszer-fel\u00fcgyeleti hat\u00f3s\u00e1g:<br \/>\nSteglitz \u00e1llatorvosi rendel\u0151<br \/>\nK\u00f6nigin-Luise-Str. 92<br \/>\n14195 Berlin<\/p>","protected":false},"excerpt":{"rendered":"<p>Teljes takarm\u00e1ny<\/p>","protected":false},"featured_media":309,"comment_status":"open","ping_status":"closed","template":"","meta":{"_acf_changed":false,"content-type":"","_monsterinsights_skip_tracking":false,"_monsterinsights_sitenote_active":false,"_monsterinsights_sitenote_note":"","_monsterinsights_sitenote_category":0},"product_brand":[],"product_cat":[115,116],"product_tag":[],"class_list":{"0":"post-2841","1":"product","2":"type-product","3":"status-publish","4":"has-post-thumbnail","6":"product_cat-food-and-feeding","7":"product_cat-food","9":"first","10":"instock","11":"taxable","12":"shipping-taxable","13":"purchasable","14":"product-type-simple"},"acf":[],"aioseo_notices":[],"jetpack_sharing_enabled":true,"_links":{"self":[{"href":"https:\/\/antcube.shop\/hu\/wp-json\/wp\/v2\/product\/2841","targetHints":{"allow":["GET"]}}],"collection":[{"href":"https:\/\/antcube.shop\/hu\/wp-json\/wp\/v2\/product"}],"about":[{"href":"https:\/\/antcube.shop\/hu\/wp-json\/wp\/v2\/types\/product"}],"replies":[{"embeddable":true,"href":"https:\/\/antcube.shop\/hu\/wp-json\/wp\/v2\/comments?post=2841"}],"wp:featuredmedia":[{"embeddable":true,"href":"https:\/\/antcube.shop\/hu\/wp-json\/wp\/v2\/media\/309"}],"wp:attachment":[{"href":"https:\/\/antcube.shop\/hu\/wp-json\/wp\/v2\/media?parent=2841"}],"wp:term":[{"taxonomy":"product_brand","embeddable":true,"href":"https:\/\/antcube.shop\/hu\/wp-json\/wp\/v2\/product_brand?post=2841"},{"taxonomy":"product_cat","embeddable":true,"href":"https:\/\/antcube.shop\/hu\/wp-json\/wp\/v2\/product_cat?post=2841"},{"taxonomy":"product_tag","embeddable":true,"href":"https:\/\/antcube.shop\/hu\/wp-json\/wp\/v2\/product_tag?post=2841"}],"curies":[{"name":"wp","href":"https:\/\/api.w.org\/{rel}","templated":true}]}}