{"id":2840,"date":"2021-10-13T18:37:21","date_gmt":"2021-10-13T16:37:21","guid":{"rendered":"https:\/\/antcube.shop\/produkt\/bodengrund-wuste-1-kg\/"},"modified":"2026-04-07T13:50:13","modified_gmt":"2026-04-07T11:50:13","slug":"bodengrund-wuste-1-kg","status":"publish","type":"product","link":"https:\/\/antcube.shop\/hu\/termek\/bodengrund-wuste-1-kg\/","title":{"rendered":"Al\u00e1t\u00e9t - sivatag - 1 kg"},"content":{"rendered":"<p><strong>Tartalom:<\/strong> 1 kg<\/p>\n<p><strong>Anyag:<\/strong> homok, k\u0151, agyag<\/p>\n<p><strong>Sz\u00edn:<\/strong> b\u00e9zs<\/p>\n<p><strong>Le\u00edr\u00e1s:<\/strong> Ez a sivatagi talaj f\u0151k\u00e9nt homokb\u00f3l, agyagb\u00f3l \u00e9s n\u00e9mi k\u0151b\u0151l \u00e1ll.<br \/>\nEz a sivatagi vagy mediterr\u00e1n ter\u00fcleteken \u00e9l\u0151 \u00f6sszes hangyafaj term\u00e9szetes t\u00e1ptalaja.<\/p>\n<p><strong>Alkalmaz\u00e1s:<\/strong> \u00e1shat\u00f3 talaj haszn\u00e1lhat\u00f3 f\u00e9szek \u00e9s ar\u00e9na ter\u00fclet\u00e9re!<\/p>\n<p><strong>Megjegyz\u00e9s:<\/strong> mivel ez egy tiszt\u00e1n term\u00e9szetes term\u00e9k, el\u0151fordulhatnak apr\u00f3 sz\u00edn- \u00e9s szerkezeti elt\u00e9r\u00e9sek, amelyeket nem tudunk befoly\u00e1solni.<\/p>\n<p><strong>Fontos:<\/strong> Haszn\u00e1lat el\u0151tt nedves\u00edtse meg az aljzatot, hogy a kever\u00e9k \u00f6ssze tudjon k\u00f6tni \u00e9s szil\u00e1rdan meg tudjon \u00e1llni a hangyafarmon. A t\u00fal sz\u00e1raz \u00e9s poros szubsztr\u00e1t r\u00e1ad\u00e1sul a hangy\u00e1k l\u00e9gz\u0151szerveinek elz\u00e1r\u00f3d\u00e1s\u00e1t okozhatja, \u00e9s az \u00e1llatok legrosszabb esetben megfulladhatnak.<\/p>","protected":false},"excerpt":{"rendered":"<p>Term\u00e9szetes k\u00fcl\u00f6nleges \u00e9l\u0151hely talaj\/aljzat<\/p>","protected":false},"featured_media":5509,"comment_status":"open","ping_status":"closed","template":"","meta":{"_acf_changed":false,"content-type":"","_monsterinsights_skip_tracking":false,"_monsterinsights_sitenote_active":false,"_monsterinsights_sitenote_note":"","_monsterinsights_sitenote_category":0},"product_brand":[],"product_cat":[96],"product_tag":[],"class_list":{"0":"post-2840","1":"product","2":"type-product","3":"status-publish","4":"has-post-thumbnail","6":"product_cat-soil","8":"first","9":"instock","10":"taxable","11":"shipping-taxable","12":"purchasable","13":"product-type-simple"},"acf":[],"aioseo_notices":[],"jetpack_sharing_enabled":true,"_links":{"self":[{"href":"https:\/\/antcube.shop\/hu\/wp-json\/wp\/v2\/product\/2840","targetHints":{"allow":["GET"]}}],"collection":[{"href":"https:\/\/antcube.shop\/hu\/wp-json\/wp\/v2\/product"}],"about":[{"href":"https:\/\/antcube.shop\/hu\/wp-json\/wp\/v2\/types\/product"}],"replies":[{"embeddable":true,"href":"https:\/\/antcube.shop\/hu\/wp-json\/wp\/v2\/comments?post=2840"}],"wp:featuredmedia":[{"embeddable":true,"href":"https:\/\/antcube.shop\/hu\/wp-json\/wp\/v2\/media\/5509"}],"wp:attachment":[{"href":"https:\/\/antcube.shop\/hu\/wp-json\/wp\/v2\/media?parent=2840"}],"wp:term":[{"taxonomy":"product_brand","embeddable":true,"href":"https:\/\/antcube.shop\/hu\/wp-json\/wp\/v2\/product_brand?post=2840"},{"taxonomy":"product_cat","embeddable":true,"href":"https:\/\/antcube.shop\/hu\/wp-json\/wp\/v2\/product_cat?post=2840"},{"taxonomy":"product_tag","embeddable":true,"href":"https:\/\/antcube.shop\/hu\/wp-json\/wp\/v2\/product_tag?post=2840"}],"curies":[{"name":"wp","href":"https:\/\/api.w.org\/{rel}","templated":true}]}}