{"id":2839,"date":"2021-10-13T18:37:12","date_gmt":"2021-10-13T16:37:12","guid":{"rendered":"https:\/\/antcube.shop\/produkt\/bodengrund-regenwald-1-kg\/"},"modified":"2026-04-14T11:48:56","modified_gmt":"2026-04-14T09:48:56","slug":"bodengrund-regenwald-1-kg","status":"publish","type":"product","link":"https:\/\/antcube.shop\/hu\/termek\/bodengrund-regenwald-1-kg\/","title":{"rendered":"Aljzat - es\u0151erd\u0151 - 1 kg"},"content":{"rendered":"<p><strong>Tartalom:<\/strong> 1 kg<\/p>\n<p><strong>Anyag:<\/strong> homok, t\u0151zeg, humusz, agyag<\/p>\n<p><strong>Sz\u00edn:<\/strong> barna, b\u00e9zs<\/p>\n<p><strong>Le\u00edr\u00e1s:<\/strong> Ez a term\u00e9szetes es\u0151erdei talaj homok, t\u0151zeg, humusz \u00e9s agyag kever\u00e9k\u00e9b\u0151l \u00e1ll.<br \/>\nValamivel alacsonyabb az agyagtartalma, mint a norm\u00e1l es\u0151erdei talajnak, de ez megk\u00f6nny\u00edti a hangy\u00e1k sz\u00e1m\u00e1ra az \u00e1s\u00e1st, \u00e9s a hangy\u00e1k sokkal jobban elfogadj\u00e1k. Alkalmas minden olyan hangyafaj sz\u00e1m\u00e1ra, amely es\u0151erdei talajban vagy \u00e1ltal\u00e1ban nedves tr\u00f3pusi \u00e9l\u0151helyeken \u00e9l.<\/p>\n<p><strong>Alkalmaz\u00e1s:<\/strong> \u00c1s\u00f3talaj f\u00e9szek \u00e9s ar\u00e9na ter\u00fclet\u00e9re haszn\u00e1lhat\u00f3!<\/p>\n<p><strong>Megjegyz\u00e9s:<\/strong> mivel ez egy tiszta term\u00e9szetes term\u00e9k, el\u0151fordulhatnak apr\u00f3 elt\u00e9r\u00e9sek a sz\u00ednben \u00e9s a szerkezetben, amelyeket nem tudunk befoly\u00e1solni.<\/p>\n<p><strong>Fontos:<\/strong> Haszn\u00e1lat el\u0151tt nedves\u00edtse meg az aljzatot, hogy a kever\u00e9k \u00f6ssze tudjon k\u00f6tni \u00e9s szil\u00e1rdan meg tudjon \u00e1llni a hangyafarmon. A t\u00fal sz\u00e1raz \u00e9s poros szubsztr\u00e1t r\u00e1ad\u00e1sul a hangy\u00e1k l\u00e9gz\u0151szerveinek elz\u00e1r\u00f3d\u00e1s\u00e1t okozhatja, \u00e9s az \u00e1llatok legrosszabb esetben megfulladhatnak.<\/p>","protected":false},"excerpt":{"rendered":"<p>Term\u00e9szetes k\u00fcl\u00f6nleges \u00e9l\u0151hely talaj\/aljzat<\/p>","protected":false},"featured_media":5501,"comment_status":"open","ping_status":"closed","template":"","meta":{"_acf_changed":false,"content-type":"","_monsterinsights_skip_tracking":false,"_monsterinsights_sitenote_active":false,"_monsterinsights_sitenote_note":"","_monsterinsights_sitenote_category":0},"product_brand":[],"product_cat":[96],"product_tag":[],"class_list":{"0":"post-2839","1":"product","2":"type-product","3":"status-publish","4":"has-post-thumbnail","6":"product_cat-soil","8":"first","9":"instock","10":"taxable","11":"shipping-taxable","12":"purchasable","13":"product-type-simple"},"acf":[],"aioseo_notices":[],"jetpack_sharing_enabled":true,"_links":{"self":[{"href":"https:\/\/antcube.shop\/hu\/wp-json\/wp\/v2\/product\/2839","targetHints":{"allow":["GET"]}}],"collection":[{"href":"https:\/\/antcube.shop\/hu\/wp-json\/wp\/v2\/product"}],"about":[{"href":"https:\/\/antcube.shop\/hu\/wp-json\/wp\/v2\/types\/product"}],"replies":[{"embeddable":true,"href":"https:\/\/antcube.shop\/hu\/wp-json\/wp\/v2\/comments?post=2839"}],"wp:featuredmedia":[{"embeddable":true,"href":"https:\/\/antcube.shop\/hu\/wp-json\/wp\/v2\/media\/5501"}],"wp:attachment":[{"href":"https:\/\/antcube.shop\/hu\/wp-json\/wp\/v2\/media?parent=2839"}],"wp:term":[{"taxonomy":"product_brand","embeddable":true,"href":"https:\/\/antcube.shop\/hu\/wp-json\/wp\/v2\/product_brand?post=2839"},{"taxonomy":"product_cat","embeddable":true,"href":"https:\/\/antcube.shop\/hu\/wp-json\/wp\/v2\/product_cat?post=2839"},{"taxonomy":"product_tag","embeddable":true,"href":"https:\/\/antcube.shop\/hu\/wp-json\/wp\/v2\/product_tag?post=2839"}],"curies":[{"name":"wp","href":"https:\/\/api.w.org\/{rel}","templated":true}]}}