{"id":2835,"date":"2021-10-13T18:36:34","date_gmt":"2021-10-13T16:36:34","guid":{"rendered":"https:\/\/antcube.shop\/produkt\/fotoruckwand-regenwald-20x10-quer\/"},"modified":"2026-03-13T15:03:46","modified_gmt":"2026-03-13T14:03:46","slug":"fotoruckwand-regenwald-20x10-quer","status":"publish","type":"product","link":"https:\/\/antcube.shop\/hu\/termek\/fotoruckwand-regenwald-20x10-quer\/","title":{"rendered":"F\u00e9nyk\u00e9p h\u00e1tfal - Es\u0151erd\u0151 - 20\u00d710 - t\u00e1jk\u00e9p"},"content":{"rendered":"<p><strong>M\u00e9retek:<\/strong> 20x10cm<\/p>\n<p><strong>Anyag:<\/strong> F\u00e9nyes f\u00f3li\u00e1s pap\u00edr<\/p>\n<p><strong>Tartalom:<\/strong> 1x fot\u00f3 h\u00e1tfal<\/p>\n<p><strong>Le\u00edr\u00e1s:<\/strong> Ez a f\u00e9nyk\u00e9pes h\u00e1tfal k\u00edv\u00fclr\u0151l van a formik\u00e1rium h\u00e1tulj\u00e1ra ragasztva, hogy a hangy\u00e1k term\u00e9szetes \u00e9l\u0151hely\u00e9nek megfelel\u0151 k\u00f6rnyezet benyom\u00e1s\u00e1t keltse.<\/p>","protected":false},"excerpt":{"rendered":"<p>Anyag: F\u00e9nyes f\u00f3liapap\u00edr<\/p>","protected":false},"featured_media":5541,"comment_status":"open","ping_status":"closed","template":"","meta":{"_acf_changed":false,"content-type":"","_monsterinsights_skip_tracking":false,"_monsterinsights_sitenote_active":false,"_monsterinsights_sitenote_note":"","_monsterinsights_sitenote_category":0},"product_brand":[],"product_cat":[97,106],"product_tag":[],"class_list":{"0":"post-2835","1":"product","2":"type-product","3":"status-publish","4":"has-post-thumbnail","6":"product_cat-photo-backwalls","7":"product_cat-rainforest-photo-backwall","9":"first","10":"instock","11":"taxable","12":"shipping-taxable","13":"purchasable","14":"product-type-simple"},"acf":[],"aioseo_notices":[],"jetpack_sharing_enabled":true,"_links":{"self":[{"href":"https:\/\/antcube.shop\/hu\/wp-json\/wp\/v2\/product\/2835","targetHints":{"allow":["GET"]}}],"collection":[{"href":"https:\/\/antcube.shop\/hu\/wp-json\/wp\/v2\/product"}],"about":[{"href":"https:\/\/antcube.shop\/hu\/wp-json\/wp\/v2\/types\/product"}],"replies":[{"embeddable":true,"href":"https:\/\/antcube.shop\/hu\/wp-json\/wp\/v2\/comments?post=2835"}],"wp:featuredmedia":[{"embeddable":true,"href":"https:\/\/antcube.shop\/hu\/wp-json\/wp\/v2\/media\/5541"}],"wp:attachment":[{"href":"https:\/\/antcube.shop\/hu\/wp-json\/wp\/v2\/media?parent=2835"}],"wp:term":[{"taxonomy":"product_brand","embeddable":true,"href":"https:\/\/antcube.shop\/hu\/wp-json\/wp\/v2\/product_brand?post=2835"},{"taxonomy":"product_cat","embeddable":true,"href":"https:\/\/antcube.shop\/hu\/wp-json\/wp\/v2\/product_cat?post=2835"},{"taxonomy":"product_tag","embeddable":true,"href":"https:\/\/antcube.shop\/hu\/wp-json\/wp\/v2\/product_tag?post=2835"}],"curies":[{"name":"wp","href":"https:\/\/api.w.org\/{rel}","templated":true}]}}