{"id":2830,"date":"2021-10-13T18:35:46","date_gmt":"2021-10-13T16:35:46","guid":{"rendered":"https:\/\/antcube.shop\/produkt\/formicarienkappe-fur-6mm-buchse\/"},"modified":"2026-03-23T17:44:52","modified_gmt":"2026-03-23T16:44:52","slug":"formicarienkappe-bund-6mm-buchse","status":"publish","type":"product","link":"https:\/\/antcube.shop\/hu\/termek\/formicarienkappe-bund-6mm-buchse\/","title":{"rendered":"Formicarium sapka 6 mm-es foglalathoz"},"content":{"rendered":"<p><strong>Mennyis\u00e9g:<\/strong> 1 darab<\/p>\n<p><strong>M\u00e9retek:<\/strong> 7,5 x 12mm<\/p>\n<p><strong>Anyag:<\/strong> PE m\u0171anyag<\/p>\n<p><strong>Sz\u00edn:<\/strong> \u00e1tl\u00e1tsz\u00f3, tejszer\u0171<\/p>\n<p><strong>Le\u00edr\u00e1s:<\/strong> 6 mm-es aljzatok z\u00e1r\u00e1s\u00e1hoz, pl. az S hangyafarmok csatlakoz\u00f3aljzataihoz.<\/p>","protected":false},"excerpt":{"rendered":"<p>Mennyis\u00e9g: M\u00e9retek: 1 db: Anyag: 7,5 x 12mm: Anyag: PE m\u0171anyag Sz\u00edn: \u00e1tl\u00e1tsz\u00f3, tejes Le\u00edr\u00e1s: PE m\u0171anyag, \u00e1tl\u00e1tsz\u00f3, tejes, tejes, \u00e1tl\u00e1tsz\u00f3, \u00e1tl\u00e1tsz\u00f3: A 6mm-es aljzatok lez\u00e1r\u00e1s\u00e1hoz, pl. az S hangyafarmjaink csatlakoz\u00f3 aljzataihoz.<\/p>","protected":false},"featured_media":339,"comment_status":"open","ping_status":"closed","template":"","meta":{"_acf_changed":false,"content-type":"","_monsterinsights_skip_tracking":false,"_monsterinsights_sitenote_active":false,"_monsterinsights_sitenote_note":"","_monsterinsights_sitenote_category":0},"product_brand":[],"product_cat":[238],"product_tag":[],"class_list":{"0":"post-2830","1":"product","2":"type-product","3":"status-publish","4":"has-post-thumbnail","6":"product_cat-grid-caps-plugs-and-inserts","8":"first","9":"instock","10":"taxable","11":"shipping-taxable","12":"purchasable","13":"product-type-simple"},"acf":[],"aioseo_notices":[],"jetpack_sharing_enabled":true,"_links":{"self":[{"href":"https:\/\/antcube.shop\/hu\/wp-json\/wp\/v2\/product\/2830","targetHints":{"allow":["GET"]}}],"collection":[{"href":"https:\/\/antcube.shop\/hu\/wp-json\/wp\/v2\/product"}],"about":[{"href":"https:\/\/antcube.shop\/hu\/wp-json\/wp\/v2\/types\/product"}],"replies":[{"embeddable":true,"href":"https:\/\/antcube.shop\/hu\/wp-json\/wp\/v2\/comments?post=2830"}],"wp:featuredmedia":[{"embeddable":true,"href":"https:\/\/antcube.shop\/hu\/wp-json\/wp\/v2\/media\/339"}],"wp:attachment":[{"href":"https:\/\/antcube.shop\/hu\/wp-json\/wp\/v2\/media?parent=2830"}],"wp:term":[{"taxonomy":"product_brand","embeddable":true,"href":"https:\/\/antcube.shop\/hu\/wp-json\/wp\/v2\/product_brand?post=2830"},{"taxonomy":"product_cat","embeddable":true,"href":"https:\/\/antcube.shop\/hu\/wp-json\/wp\/v2\/product_cat?post=2830"},{"taxonomy":"product_tag","embeddable":true,"href":"https:\/\/antcube.shop\/hu\/wp-json\/wp\/v2\/product_tag?post=2830"}],"curies":[{"name":"wp","href":"https:\/\/api.w.org\/{rel}","templated":true}]}}