{"id":2829,"date":"2021-10-13T18:35:37","date_gmt":"2021-10-13T16:35:37","guid":{"rendered":"https:\/\/antcube.shop\/produkt\/formicarienstopfen-fur-50mm-bohrung\/"},"modified":"2026-04-26T22:49:17","modified_gmt":"2026-04-26T20:49:17","slug":"formicarienstopfen-fur-50mm-bohrung","status":"publish","type":"product","link":"https:\/\/antcube.shop\/hu\/termek\/formicarienstopfen-fur-50mm-bohrung\/","title":{"rendered":"Formicarium dug\u00f3 50 mm-es lyukhoz"},"content":{"rendered":"<p><strong>Mennyis\u00e9g:<\/strong> 1 darab<\/p>\n<p><strong>M\u00e9retek:<\/strong> 59 x 10mm<\/p>\n<p><strong>Anyag:<\/strong> PE m\u0171anyag<\/p>\n<p><strong>Sz\u00edn:<\/strong> \u00e1tl\u00e1tsz\u00f3, tejszer\u0171<\/p>\n<p><strong>Le\u00edr\u00e1s:<\/strong> 50 mm \u00e1tm\u00e9r\u0151j\u0171 formik\u00e1riumok kerek ny\u00edl\u00e1sainak lez\u00e1r\u00e1s\u00e1ra.<\/p>\n<p><strong>Opcion\u00e1lisan lyukkal:<\/strong><br \/>\n- 20mm furat illeszkedik a 27mm - 14, 16, 20mm - \u00e1tl\u00e1tsz\u00f3 tart\u00e1lycs\u0151 csatlakoz\u00f3khoz.<br \/>\n- 27 mm-es furat illeszkedik a 3\/4 h\u00fcvelykes \u00e9s M25-\u00f6s szerelv\u00e9nyekhez<\/p>","protected":false},"excerpt":{"rendered":"<p>Mennyis\u00e9g: M\u00e9retek: 1 db: Anyag: 59 x 10mm: Anyag: PE m\u0171anyag Sz\u00edn: \u00e1tl\u00e1tsz\u00f3, tejes Le\u00edr\u00e1s: PE m\u0171anyag, \u00e1tl\u00e1tsz\u00f3, tejes, tejes, \u00e1tl\u00e1tsz\u00f3: 50mm \u00e1tm\u00e9r\u0151j\u0171 formik\u00e1riumok kerek ny\u00edl\u00e1sainak lez\u00e1r\u00e1s\u00e1ra. V\u00e1laszthat\u00f3 furattal: - 20mm-es furat illik a 27mm-es tart\u00e1lycs\u0151 csatlakoz\u00f3khoz - 14, 16, 20mm - \u00e1tl\u00e1tsz\u00f3. - 27mm-es furat illeszkedik a 3\/4 h\u00fcvelykes \u00e9s M25-\u00f6s szerelv\u00e9nyekhez<\/p>","protected":false},"featured_media":343,"comment_status":"open","ping_status":"closed","template":"","meta":{"_acf_changed":false,"content-type":"","_monsterinsights_skip_tracking":false,"_monsterinsights_sitenote_active":false,"_monsterinsights_sitenote_note":"","_monsterinsights_sitenote_category":0},"product_brand":[],"product_cat":[238],"product_tag":[],"class_list":{"0":"post-2829","1":"product","2":"type-product","3":"status-publish","4":"has-post-thumbnail","6":"product_cat-grid-caps-plugs-and-inserts","8":"first","9":"instock","10":"taxable","11":"shipping-taxable","12":"purchasable","13":"product-type-simple"},"acf":[],"aioseo_notices":[],"jetpack_sharing_enabled":true,"_links":{"self":[{"href":"https:\/\/antcube.shop\/hu\/wp-json\/wp\/v2\/product\/2829","targetHints":{"allow":["GET"]}}],"collection":[{"href":"https:\/\/antcube.shop\/hu\/wp-json\/wp\/v2\/product"}],"about":[{"href":"https:\/\/antcube.shop\/hu\/wp-json\/wp\/v2\/types\/product"}],"replies":[{"embeddable":true,"href":"https:\/\/antcube.shop\/hu\/wp-json\/wp\/v2\/comments?post=2829"}],"wp:featuredmedia":[{"embeddable":true,"href":"https:\/\/antcube.shop\/hu\/wp-json\/wp\/v2\/media\/343"}],"wp:attachment":[{"href":"https:\/\/antcube.shop\/hu\/wp-json\/wp\/v2\/media?parent=2829"}],"wp:term":[{"taxonomy":"product_brand","embeddable":true,"href":"https:\/\/antcube.shop\/hu\/wp-json\/wp\/v2\/product_brand?post=2829"},{"taxonomy":"product_cat","embeddable":true,"href":"https:\/\/antcube.shop\/hu\/wp-json\/wp\/v2\/product_cat?post=2829"},{"taxonomy":"product_tag","embeddable":true,"href":"https:\/\/antcube.shop\/hu\/wp-json\/wp\/v2\/product_tag?post=2829"}],"curies":[{"name":"wp","href":"https:\/\/api.w.org\/{rel}","templated":true}]}}