{"id":2828,"date":"2021-10-13T18:35:27","date_gmt":"2021-10-13T16:35:27","guid":{"rendered":"https:\/\/antcube.shop\/produkt\/formicarienstopfen-fur-27mm-bohrung\/"},"modified":"2026-04-11T21:34:11","modified_gmt":"2026-04-11T19:34:11","slug":"formicarienstopfen-fur-27mm-bohrung","status":"publish","type":"product","link":"https:\/\/antcube.shop\/hu\/termek\/formicarienstopfen-fur-27mm-bohrung\/","title":{"rendered":"Formicarium dug\u00f3 27 mm-es lyukhoz"},"content":{"rendered":"<p><strong>Mennyis\u00e9g:<\/strong> 1 darab<\/p>\n<p><strong>M\u00e9retek:<\/strong> 31 x 10mm<\/p>\n<p><strong>Anyag:<\/strong> PE m\u0171anyag<\/p>\n<p><strong>Sz\u00edn:<\/strong> \u00e1tl\u00e1tsz\u00f3, tejszer\u0171<\/p>\n<p><strong>Le\u00edr\u00e1s:<\/strong> 27 mm \u00e1tm\u00e9r\u0151j\u0171 formik\u00e1riumok kerek ny\u00edl\u00e1sainak lez\u00e1r\u00e1s\u00e1ra.<br \/>\nFel\u00e1r ellen\u00e9ben, k\u00e9r\u00e9sre a dug\u00f3ba lyukakat is v\u00e1gunk.<\/p>","protected":false},"excerpt":{"rendered":"<p>Mennyis\u00e9g: M\u00e9retek: 1 db: Anyag: 31 x 10mm: Anyag: PE m\u0171anyag Sz\u00edn: \u00e1tl\u00e1tsz\u00f3, tejes Le\u00edr\u00e1s: PE m\u0171anyag, \u00e1tl\u00e1tsz\u00f3, tejes, tejes, \u00e1tl\u00e1tsz\u00f3: 27mm \u00e1tm\u00e9r\u0151j\u0171 formik\u00e1riumok kerek ny\u00edl\u00e1sainak lez\u00e1r\u00e1s\u00e1ra. Fel\u00e1r ellen\u00e9ben, k\u00e9r\u00e9sre a dug\u00f3ba lyukakat is v\u00e1gunk.<\/p>","protected":false},"featured_media":342,"comment_status":"open","ping_status":"closed","template":"","meta":{"_acf_changed":false,"content-type":"","_monsterinsights_skip_tracking":false,"_monsterinsights_sitenote_active":false,"_monsterinsights_sitenote_note":"","_monsterinsights_sitenote_category":0},"product_brand":[],"product_cat":[238],"product_tag":[],"class_list":{"0":"post-2828","1":"product","2":"type-product","3":"status-publish","4":"has-post-thumbnail","6":"product_cat-grid-caps-plugs-and-inserts","8":"first","9":"instock","10":"taxable","11":"shipping-taxable","12":"purchasable","13":"product-type-simple"},"acf":[],"aioseo_notices":[],"jetpack_sharing_enabled":true,"_links":{"self":[{"href":"https:\/\/antcube.shop\/hu\/wp-json\/wp\/v2\/product\/2828","targetHints":{"allow":["GET"]}}],"collection":[{"href":"https:\/\/antcube.shop\/hu\/wp-json\/wp\/v2\/product"}],"about":[{"href":"https:\/\/antcube.shop\/hu\/wp-json\/wp\/v2\/types\/product"}],"replies":[{"embeddable":true,"href":"https:\/\/antcube.shop\/hu\/wp-json\/wp\/v2\/comments?post=2828"}],"wp:featuredmedia":[{"embeddable":true,"href":"https:\/\/antcube.shop\/hu\/wp-json\/wp\/v2\/media\/342"}],"wp:attachment":[{"href":"https:\/\/antcube.shop\/hu\/wp-json\/wp\/v2\/media?parent=2828"}],"wp:term":[{"taxonomy":"product_brand","embeddable":true,"href":"https:\/\/antcube.shop\/hu\/wp-json\/wp\/v2\/product_brand?post=2828"},{"taxonomy":"product_cat","embeddable":true,"href":"https:\/\/antcube.shop\/hu\/wp-json\/wp\/v2\/product_cat?post=2828"},{"taxonomy":"product_tag","embeddable":true,"href":"https:\/\/antcube.shop\/hu\/wp-json\/wp\/v2\/product_tag?post=2828"}],"curies":[{"name":"wp","href":"https:\/\/api.w.org\/{rel}","templated":true}]}}