{"id":2827,"date":"2021-10-13T18:34:47","date_gmt":"2021-10-13T16:34:47","guid":{"rendered":"https:\/\/antcube.shop\/produkt\/antcube-arena-20x20x20-wurfel\/"},"modified":"2026-04-20T15:54:15","modified_gmt":"2026-04-20T13:54:15","slug":"antcube-arena-20x20x20-wurfel","status":"publish","type":"product","link":"https:\/\/antcube.shop\/hu\/termek\/antcube-arena-20x20x20-wurfel\/","title":{"rendered":"ANTCUBE - Arena 20x20x20x20 - Kocka"},"content":{"rendered":"<p><strong>M\u00e9retek:<\/strong> 200 x 200 x 200 mm; 4 mm \u00fcvegvastags\u00e1g<\/p>\n<p><strong>Anyag:<\/strong> \u00fasztatott \u00fcveg<\/p>\n<p><strong>Csatlakoz\u00e1s:<\/strong> 2x lyuk 27 mm<\/p>\n<p><strong>Le\u00edr\u00e1s:<\/strong><br \/>\n20x20x20 cm-es \u00fcvegmedence kocka 2x 27mm-es f\u00far\u00e1ssal.<br \/>\nA f\u00far\u00e1s (k\u00f6z\u00e9ppont) 3 cm magass\u00e1gban van.<\/p>\n<p><strong>Megjegyz\u00e9s:<\/strong> Az \u00fcveg v\u00e1g\u00e1sa a DIN 1249 szabv\u00e1ny szerint t\u00f6rt\u00e9nik, +\/- 1 mm-es t\u0171r\u00e9ssel. A rendk\u00edv\u00fcl kis hangyafajok eset\u00e9ben kieg\u00e9sz\u00edt\u0151 kit\u00f6r\u00e9sv\u00e9delemre van sz\u00fcks\u00e9g.<\/p>\n<p>&nbsp;<\/p>","protected":false},"excerpt":{"rendered":"<p>Csatlakoz\u00e1s: 2x lyuk 27 mm<br \/>\nM\u00e9ret: <strong>S<\/strong>, <strong>M<\/strong>, <strong>L<\/strong>, <strong>XL<\/strong><\/p>","protected":false},"featured_media":331,"comment_status":"open","ping_status":"closed","template":"","meta":{"_acf_changed":false,"content-type":"","_monsterinsights_skip_tracking":false,"_monsterinsights_sitenote_active":false,"_monsterinsights_sitenote_note":"","_monsterinsights_sitenote_category":0},"product_brand":[],"product_cat":[85,86],"product_tag":[],"class_list":{"0":"post-2827","1":"product","2":"type-product","3":"status-publish","4":"has-post-thumbnail","6":"product_cat-ant-arenas","7":"product_cat-formicariums","9":"first","10":"instock","11":"taxable","12":"shipping-taxable","13":"purchasable","14":"product-type-simple"},"acf":[],"aioseo_notices":[],"jetpack_sharing_enabled":true,"_links":{"self":[{"href":"https:\/\/antcube.shop\/hu\/wp-json\/wp\/v2\/product\/2827","targetHints":{"allow":["GET"]}}],"collection":[{"href":"https:\/\/antcube.shop\/hu\/wp-json\/wp\/v2\/product"}],"about":[{"href":"https:\/\/antcube.shop\/hu\/wp-json\/wp\/v2\/types\/product"}],"replies":[{"embeddable":true,"href":"https:\/\/antcube.shop\/hu\/wp-json\/wp\/v2\/comments?post=2827"}],"wp:featuredmedia":[{"embeddable":true,"href":"https:\/\/antcube.shop\/hu\/wp-json\/wp\/v2\/media\/331"}],"wp:attachment":[{"href":"https:\/\/antcube.shop\/hu\/wp-json\/wp\/v2\/media?parent=2827"}],"wp:term":[{"taxonomy":"product_brand","embeddable":true,"href":"https:\/\/antcube.shop\/hu\/wp-json\/wp\/v2\/product_brand?post=2827"},{"taxonomy":"product_cat","embeddable":true,"href":"https:\/\/antcube.shop\/hu\/wp-json\/wp\/v2\/product_cat?post=2827"},{"taxonomy":"product_tag","embeddable":true,"href":"https:\/\/antcube.shop\/hu\/wp-json\/wp\/v2\/product_tag?post=2827"}],"curies":[{"name":"wp","href":"https:\/\/api.w.org\/{rel}","templated":true}]}}